{"id":70,"date":"2019-12-01T19:31:46","date_gmt":"2019-12-01T18:31:46","guid":{"rendered":"http:\/\/tmlutherie.fr\/?page_id=70"},"modified":"2023-03-13T16:55:53","modified_gmt":"2023-03-13T15:55:53","slug":"2-2","status":"publish","type":"page","link":"https:\/\/tmlutherie.fr\/?page_id=70","title":{"rendered":"Loki"},"content":{"rendered":"\n<p style=\"font-size:18px\">Dans la mythologie nordique, <strong>Loki<\/strong>, consid\u00e9r\u00e9 comme un dieu, poss\u00e8de le pouvoir de m\u00e9tamorphose et l&#8217;utilise afin de s&#8217;adapter \u00e0 de nombreuses situations. <\/p>\n\n\n\n<p style=\"font-size:18px\">C&#8217;est pourquoi j&#8217;ai choisi d&#8217;emprunter ce nom pour mes diff\u00e9rentes cr\u00e9ations inspir\u00e9es de mod\u00e8les existants. <\/p>\n\n\n\n<div class=\"wp-container-69f1d6ac7e0c6 wp-block-buttons\">\n<div class=\"wp-block-button aligncenter has-custom-font-size is-style-outline has-normal-font-size\"><a class=\"wp-block-button__link\" href=\"http:\/\/tmlutherie.fr\/?page_id=1562\" target=\"_blank\" rel=\"noreferrer noopener\"><strong>Loki SG <\/strong>(commande client)<\/a><\/div>\n<\/div>\n\n\n\n<p><\/p>\n\n\n\n<div class=\"wp-block-image is-style-rounded\"><figure class=\"aligncenter size-large is-resized\"><img loading=\"lazy\" src=\"http:\/\/tmlutherie.fr\/wp-content\/uploads\/2023\/03\/20230313_164646-1024x1024.jpg\" alt=\"\" class=\"wp-image-1577\" width=\"256\" height=\"256\" srcset=\"https:\/\/tmlutherie.fr\/wp-content\/uploads\/2023\/03\/20230313_164646-1024x1024.jpg 1024w, https:\/\/tmlutherie.fr\/wp-content\/uploads\/2023\/03\/20230313_164646-300x300.jpg 300w, https:\/\/tmlutherie.fr\/wp-content\/uploads\/2023\/03\/20230313_164646-150x150.jpg 150w, https:\/\/tmlutherie.fr\/wp-content\/uploads\/2023\/03\/20230313_164646-768x768.jpg 768w, https:\/\/tmlutherie.fr\/wp-content\/uploads\/2023\/03\/20230313_164646-1536x1536.jpg 1536w, https:\/\/tmlutherie.fr\/wp-content\/uploads\/2023\/03\/20230313_164646-2048x2048.jpg 2048w, https:\/\/tmlutherie.fr\/wp-content\/uploads\/2023\/03\/20230313_164646-1140x1140.jpg 1140w, https:\/\/tmlutherie.fr\/wp-content\/uploads\/2023\/03\/20230313_164646-75x75.jpg 75w\" sizes=\"(max-width: 256px) 100vw, 256px\" \/><\/figure><\/div>\n\n\n\n<div class=\"wp-container-69f1d6ac7e3d1 wp-block-buttons alignwide\">\n<div class=\"wp-block-button aligncenter has-custom-font-size is-style-outline has-normal-font-size\"><a class=\"wp-block-button__link\" href=\"http:\/\/tmlutherie.fr\/?page_id=954\" target=\"_blank\" rel=\"noreferrer noopener\"><strong>Loki T<\/strong> (commande client)<\/a><\/div>\n<\/div>\n\n\n\n<p><\/p>\n\n\n\n<div class=\"wp-block-image is-style-circle-mask\"><figure class=\"aligncenter size-large is-resized\"><img loading=\"lazy\" src=\"http:\/\/tmlutherie.fr\/wp-content\/uploads\/2021\/09\/LKT11-1024x1024.jpg\" alt=\"\" class=\"wp-image-962\" width=\"256\" height=\"256\" srcset=\"https:\/\/tmlutherie.fr\/wp-content\/uploads\/2021\/09\/LKT11-1024x1024.jpg 1024w, https:\/\/tmlutherie.fr\/wp-content\/uploads\/2021\/09\/LKT11-300x300.jpg 300w, https:\/\/tmlutherie.fr\/wp-content\/uploads\/2021\/09\/LKT11-150x150.jpg 150w, https:\/\/tmlutherie.fr\/wp-content\/uploads\/2021\/09\/LKT11-768x768.jpg 768w, https:\/\/tmlutherie.fr\/wp-content\/uploads\/2021\/09\/LKT11-1536x1536.jpg 1536w, https:\/\/tmlutherie.fr\/wp-content\/uploads\/2021\/09\/LKT11-2048x2048.jpg 2048w\" sizes=\"(max-width: 256px) 100vw, 256px\" \/><\/figure><\/div>\n\n\n\n<p><\/p>\n\n\n\n<div class=\"wp-container-69f1d6ac7e699 wp-block-buttons\">\n<div class=\"wp-block-button aligncenter has-custom-font-size is-style-outline has-normal-font-size\"><a class=\"wp-block-button__link\" href=\"http:\/\/tmlutherie.fr\/?page_id=356\"><strong>Loki MM<\/strong><\/a><\/div>\n<\/div>\n\n\n\n<p><\/p>\n\n\n\n<div class=\"wp-block-image is-style-circle-mask\"><figure class=\"aligncenter size-large is-resized\"><img loading=\"lazy\" src=\"http:\/\/tmlutherie.fr\/wp-content\/uploads\/2023\/03\/LOKIMM11-1024x1024.jpg\" alt=\"\" class=\"wp-image-1451\" width=\"256\" height=\"256\" srcset=\"https:\/\/tmlutherie.fr\/wp-content\/uploads\/2023\/03\/LOKIMM11-1024x1024.jpg 1024w, https:\/\/tmlutherie.fr\/wp-content\/uploads\/2023\/03\/LOKIMM11-300x300.jpg 300w, https:\/\/tmlutherie.fr\/wp-content\/uploads\/2023\/03\/LOKIMM11-150x150.jpg 150w, https:\/\/tmlutherie.fr\/wp-content\/uploads\/2023\/03\/LOKIMM11-768x768.jpg 768w, https:\/\/tmlutherie.fr\/wp-content\/uploads\/2023\/03\/LOKIMM11-1536x1536.jpg 1536w, https:\/\/tmlutherie.fr\/wp-content\/uploads\/2023\/03\/LOKIMM11-2048x2048.jpg 2048w, https:\/\/tmlutherie.fr\/wp-content\/uploads\/2023\/03\/LOKIMM11-1140x1140.jpg 1140w, https:\/\/tmlutherie.fr\/wp-content\/uploads\/2023\/03\/LOKIMM11-75x75.jpg 75w\" sizes=\"(max-width: 256px) 100vw, 256px\" \/><\/figure><\/div>\n","protected":false},"excerpt":{"rendered":"<p>Dans la mythologie nordique, Loki, consid\u00e9r\u00e9 comme un dieu, poss\u00e8de le pouvoir de m\u00e9tamorphose et l&#8217;utilise afin de s&#8217;adapter \u00e0 de nombreuses situations. C&#8217;est pourquoi j&#8217;ai choisi d&#8217;emprunter ce nom pour mes diff\u00e9rentes cr\u00e9ations inspir\u00e9es de mod\u00e8les existants.<\/p>\n","protected":false},"author":1,"featured_media":0,"parent":77,"menu_order":2,"comment_status":"closed","ping_status":"closed","template":"","meta":[],"uagb_featured_image_src":{"full":false,"thumbnail":false,"medium":false,"medium_large":false,"large":false,"1536x1536":false,"2048x2048":false,"ashe-slider-full-thumbnail":false,"ashe-full-thumbnail":false,"ashe-list-thumbnail":false,"ashe-grid-thumbnail":false,"ashe-single-navigation":false},"uagb_author_info":{"display_name":"admin8991","author_link":"https:\/\/tmlutherie.fr\/?author=1"},"uagb_comment_info":0,"uagb_excerpt":"Dans la mythologie nordique, Loki, consid\u00e9r\u00e9 comme un dieu, poss\u00e8de le pouvoir de m\u00e9tamorphose et l&#8217;utilise afin de s&#8217;adapter \u00e0 de nombreuses situations. C&#8217;est pourquoi j&#8217;ai choisi d&#8217;emprunter ce nom pour mes diff\u00e9rentes cr\u00e9ations inspir\u00e9es de mod\u00e8les existants.","_links":{"self":[{"href":"https:\/\/tmlutherie.fr\/index.php?rest_route=\/wp\/v2\/pages\/70"}],"collection":[{"href":"https:\/\/tmlutherie.fr\/index.php?rest_route=\/wp\/v2\/pages"}],"about":[{"href":"https:\/\/tmlutherie.fr\/index.php?rest_route=\/wp\/v2\/types\/page"}],"author":[{"embeddable":true,"href":"https:\/\/tmlutherie.fr\/index.php?rest_route=\/wp\/v2\/users\/1"}],"replies":[{"embeddable":true,"href":"https:\/\/tmlutherie.fr\/index.php?rest_route=%2Fwp%2Fv2%2Fcomments&post=70"}],"version-history":[{"count":30,"href":"https:\/\/tmlutherie.fr\/index.php?rest_route=\/wp\/v2\/pages\/70\/revisions"}],"predecessor-version":[{"id":1581,"href":"https:\/\/tmlutherie.fr\/index.php?rest_route=\/wp\/v2\/pages\/70\/revisions\/1581"}],"up":[{"embeddable":true,"href":"https:\/\/tmlutherie.fr\/index.php?rest_route=\/wp\/v2\/pages\/77"}],"wp:attachment":[{"href":"https:\/\/tmlutherie.fr\/index.php?rest_route=%2Fwp%2Fv2%2Fmedia&parent=70"}],"curies":[{"name":"wp","href":"https:\/\/api.w.org\/{rel}","templated":true}]}}