{"id":65,"date":"2019-12-01T19:31:06","date_gmt":"2019-12-01T18:31:06","guid":{"rendered":"http:\/\/tmlutherie.fr\/?page_id=65"},"modified":"2021-11-25T11:31:51","modified_gmt":"2021-11-25T10:31:51","slug":"instruments","status":"publish","type":"page","link":"https:\/\/tmlutherie.fr\/?page_id=65","title":{"rendered":"Instruments"},"content":{"rendered":"\n<p>La mythologie nordique rassemble des contes, des po\u00e8mes, des personnages et des cr\u00e9atures qui me passionnent. Ces composants sont parties int\u00e9grantes de mes sources d&#8217;inspirations pour la cr\u00e9ation de mes instruments \u00e9lectriques. <br>Chaque mod\u00e8le porte le nom d&#8217;un \u00e9l\u00e9ment de cette mythologie qui m&#8217;a aid\u00e9 \u00e0 le cr\u00e9er et \u00e0 lui attribuer une histoire. J&#8217;essaye en plus de cela d&#8217;ajouter, sur le premier instrument de chaque mod\u00e8le, des d\u00e9tails rappelant la divinit\u00e9, la cr\u00e9ature ou l&#8217;objet mythique qui a pr\u00eat\u00e9 son nom \u00e0 l&#8217;instrument.<br><br>Voil\u00e0 pourquoi vous trouverez, au sein de mes cr\u00e9ations \u00e9lectriques, des noms, des consonances et m\u00eame des lettres runiques provenant de ces l\u00e9gendes du pass\u00e9.<\/p>\n\n\n\n<p><\/p>\n\n\n\n<div class=\"wp-block-button aligncenter is-style-outline\"><a class=\"wp-block-button__link\" href=\"http:\/\/tmlutherie.fr\/?page_id=77\">Guitares \u00e9lectriques<\/a><\/div>\n\n\n\n<p><\/p>\n\n\n\n<div class=\"wp-block-button aligncenter is-style-outline\"><a class=\"wp-block-button__link\" href=\"http:\/\/tmlutherie.fr\/?page_id=78\">Basses \u00e9lectriques<\/a><\/div>\n\n\n\n<p><\/p>\n\n\n\n<div class=\"wp-container-69f1d8240efe7 wp-block-buttons\">\n<div class=\"wp-block-button is-style-outline\"><a class=\"wp-block-button__link\" href=\"http:\/\/tmlutherie.fr\/?page_id=821\" target=\"_blank\" rel=\"noreferrer noopener\">F\u00fbts de batterie<\/a><\/div>\n<\/div>\n\n\n\n<p><\/p>\n","protected":false},"excerpt":{"rendered":"<p>La mythologie nordique rassemble des contes, des po\u00e8mes, des personnages et des cr\u00e9atures qui me passionnent. Ces composants sont parties int\u00e9grantes de mes sources d&#8217;inspirations pour la cr\u00e9ation de mes instruments \u00e9lectriques. Chaque mod\u00e8le porte le nom d&#8217;un \u00e9l\u00e9ment de cette mythologie qui m&#8217;a aid\u00e9 \u00e0 le cr\u00e9er et \u00e0 lui attribuer une histoire. J&#8217;essaye en plus de cela d&#8217;ajouter, sur le premier instrument de chaque mod\u00e8le, des d\u00e9tails rappelant la divinit\u00e9, la cr\u00e9ature ou l&#8217;objet mythique qui a pr\u00eat\u00e9 son nom \u00e0 l&#8217;instrument. Voil\u00e0 pourquoi vous trouverez, au sein de mes cr\u00e9ations \u00e9lectriques, des noms, des consonances et m\u00eame des lettres runiques provenant de ces l\u00e9gendes du pass\u00e9.<\/p>\n","protected":false},"author":1,"featured_media":0,"parent":0,"menu_order":0,"comment_status":"closed","ping_status":"closed","template":"","meta":[],"uagb_featured_image_src":{"full":false,"thumbnail":false,"medium":false,"medium_large":false,"large":false,"1536x1536":false,"2048x2048":false,"ashe-slider-full-thumbnail":false,"ashe-full-thumbnail":false,"ashe-list-thumbnail":false,"ashe-grid-thumbnail":false,"ashe-single-navigation":false},"uagb_author_info":{"display_name":"admin8991","author_link":"https:\/\/tmlutherie.fr\/?author=1"},"uagb_comment_info":0,"uagb_excerpt":"La mythologie nordique rassemble des contes, des po\u00e8mes, des personnages et des cr\u00e9atures qui me passionnent. Ces composants sont parties int\u00e9grantes de mes sources d&#8217;inspirations pour la cr\u00e9ation de mes instruments \u00e9lectriques. Chaque mod\u00e8le porte le nom d&#8217;un \u00e9l\u00e9ment de cette mythologie qui m&#8217;a aid\u00e9 \u00e0 le cr\u00e9er et \u00e0 lui attribuer une histoire. J&#8217;essaye&hellip;","_links":{"self":[{"href":"https:\/\/tmlutherie.fr\/index.php?rest_route=\/wp\/v2\/pages\/65"}],"collection":[{"href":"https:\/\/tmlutherie.fr\/index.php?rest_route=\/wp\/v2\/pages"}],"about":[{"href":"https:\/\/tmlutherie.fr\/index.php?rest_route=\/wp\/v2\/types\/page"}],"author":[{"embeddable":true,"href":"https:\/\/tmlutherie.fr\/index.php?rest_route=\/wp\/v2\/users\/1"}],"replies":[{"embeddable":true,"href":"https:\/\/tmlutherie.fr\/index.php?rest_route=%2Fwp%2Fv2%2Fcomments&post=65"}],"version-history":[{"count":19,"href":"https:\/\/tmlutherie.fr\/index.php?rest_route=\/wp\/v2\/pages\/65\/revisions"}],"predecessor-version":[{"id":1144,"href":"https:\/\/tmlutherie.fr\/index.php?rest_route=\/wp\/v2\/pages\/65\/revisions\/1144"}],"wp:attachment":[{"href":"https:\/\/tmlutherie.fr\/index.php?rest_route=%2Fwp%2Fv2%2Fmedia&parent=65"}],"curies":[{"name":"wp","href":"https:\/\/api.w.org\/{rel}","templated":true}]}}