{"id":356,"date":"2020-03-22T19:31:04","date_gmt":"2020-03-22T18:31:04","guid":{"rendered":"http:\/\/tmlutherie.fr\/?page_id=356"},"modified":"2023-03-07T12:54:10","modified_gmt":"2023-03-07T11:54:10","slug":"loki-mm","status":"publish","type":"page","link":"https:\/\/tmlutherie.fr\/?page_id=356","title":{"rendered":"Loki MM"},"content":{"rendered":"\n<p class=\"has-text-align-right\" style=\"font-size:18px\"> Corps style <strong>M<\/strong>usic<strong>M<\/strong>an Luke coupl\u00e9 \u00e0 un manche style Stratocaster <\/p>\n\n\n\n<p class=\"has-medium-font-size\"> Cette guitare est \u00e0 vendre <s>1800\u20ac<\/s> 1400\u20ac <\/p>\n\n\n\n<div class=\"wp-block-image\"><figure class=\"aligncenter size-large is-resized\"><img loading=\"lazy\" src=\"http:\/\/tmlutherie.fr\/wp-content\/uploads\/2023\/03\/LOKIMM1-1024x683.jpg\" alt=\"\" class=\"wp-image-1432\" width=\"768\" height=\"512\" srcset=\"https:\/\/tmlutherie.fr\/wp-content\/uploads\/2023\/03\/LOKIMM1-1024x683.jpg 1024w, https:\/\/tmlutherie.fr\/wp-content\/uploads\/2023\/03\/LOKIMM1-300x200.jpg 300w, https:\/\/tmlutherie.fr\/wp-content\/uploads\/2023\/03\/LOKIMM1-768x512.jpg 768w, https:\/\/tmlutherie.fr\/wp-content\/uploads\/2023\/03\/LOKIMM1-1536x1024.jpg 1536w, https:\/\/tmlutherie.fr\/wp-content\/uploads\/2023\/03\/LOKIMM1-2048x1365.jpg 2048w, https:\/\/tmlutherie.fr\/wp-content\/uploads\/2023\/03\/LOKIMM1-1140x760.jpg 1140w\" sizes=\"(max-width: 768px) 100vw, 768px\" \/><\/figure><\/div>\n\n\n\n<p class=\"has-text-align-center\"> Corps en fr\u00eane des marais (finition vernis satin) <br>Manche en \u00e9rable (finition huil\u00e9e &#8211; t\u00eate vernis satin)  <br>Touche en \u00e9b\u00e8ne \/ 22 frettes \/ Radius 12\u2019\u2019 \/ 647.7 mm  <br>Rep\u00e8res \u00ab Mother of Pearl \u00bb  <br>Sillet de t\u00eate en corne de buffle  <br>M\u00e9caniques Gotoh SG381 chrome  <br>Chevalet fixe Hipshot chrome  <br>Micros SP Custom Origin &#8217;59<br>Electronique : Potentiom\u00e8tres CTS \/ jack tube Switchcraft \/ s\u00e9lecteur Schaller megaswitch E \/ condensateur BlackBee .022  <br>Strap-locks Schaller S-Locks chrome <\/p>\n\n\n\n<figure class=\"wp-block-gallery has-nested-images columns-2 is-cropped\">\n<figure class=\"wp-block-image size-large\"><img loading=\"lazy\" width=\"1024\" height=\"683\" data-id=\"1435\"  src=\"http:\/\/tmlutherie.fr\/wp-content\/uploads\/2023\/03\/LOKIMM2-1024x683.jpg\" alt=\"\" class=\"wp-image-1435\" srcset=\"https:\/\/tmlutherie.fr\/wp-content\/uploads\/2023\/03\/LOKIMM2-1024x683.jpg 1024w, https:\/\/tmlutherie.fr\/wp-content\/uploads\/2023\/03\/LOKIMM2-300x200.jpg 300w, https:\/\/tmlutherie.fr\/wp-content\/uploads\/2023\/03\/LOKIMM2-768x512.jpg 768w, https:\/\/tmlutherie.fr\/wp-content\/uploads\/2023\/03\/LOKIMM2-1536x1024.jpg 1536w, https:\/\/tmlutherie.fr\/wp-content\/uploads\/2023\/03\/LOKIMM2-2048x1365.jpg 2048w, https:\/\/tmlutherie.fr\/wp-content\/uploads\/2023\/03\/LOKIMM2-1140x760.jpg 1140w\" sizes=\"(max-width: 1024px) 100vw, 1024px\" \/><\/figure>\n\n\n\n<figure class=\"wp-block-image size-large\"><img loading=\"lazy\" width=\"1024\" height=\"683\" data-id=\"1445\"  src=\"http:\/\/tmlutherie.fr\/wp-content\/uploads\/2023\/03\/LOKIMM3-1-1024x683.jpg\" alt=\"\" class=\"wp-image-1445\" srcset=\"https:\/\/tmlutherie.fr\/wp-content\/uploads\/2023\/03\/LOKIMM3-1-1024x683.jpg 1024w, https:\/\/tmlutherie.fr\/wp-content\/uploads\/2023\/03\/LOKIMM3-1-300x200.jpg 300w, https:\/\/tmlutherie.fr\/wp-content\/uploads\/2023\/03\/LOKIMM3-1-768x512.jpg 768w, https:\/\/tmlutherie.fr\/wp-content\/uploads\/2023\/03\/LOKIMM3-1-1536x1024.jpg 1536w, https:\/\/tmlutherie.fr\/wp-content\/uploads\/2023\/03\/LOKIMM3-1-2048x1365.jpg 2048w, https:\/\/tmlutherie.fr\/wp-content\/uploads\/2023\/03\/LOKIMM3-1-1140x760.jpg 1140w\" sizes=\"(max-width: 1024px) 100vw, 1024px\" \/><\/figure>\n\n\n\n<figure class=\"wp-block-image size-large\"><img loading=\"lazy\" width=\"1024\" height=\"683\" data-id=\"1444\"  src=\"http:\/\/tmlutherie.fr\/wp-content\/uploads\/2023\/03\/LOKIMM4-1-1024x683.jpg\" alt=\"\" class=\"wp-image-1444\" srcset=\"https:\/\/tmlutherie.fr\/wp-content\/uploads\/2023\/03\/LOKIMM4-1-1024x683.jpg 1024w, https:\/\/tmlutherie.fr\/wp-content\/uploads\/2023\/03\/LOKIMM4-1-300x200.jpg 300w, https:\/\/tmlutherie.fr\/wp-content\/uploads\/2023\/03\/LOKIMM4-1-768x512.jpg 768w, https:\/\/tmlutherie.fr\/wp-content\/uploads\/2023\/03\/LOKIMM4-1-1536x1024.jpg 1536w, https:\/\/tmlutherie.fr\/wp-content\/uploads\/2023\/03\/LOKIMM4-1-2048x1365.jpg 2048w, https:\/\/tmlutherie.fr\/wp-content\/uploads\/2023\/03\/LOKIMM4-1-1140x760.jpg 1140w\" sizes=\"(max-width: 1024px) 100vw, 1024px\" \/><\/figure>\n\n\n\n<figure class=\"wp-block-image size-large\"><img loading=\"lazy\" width=\"1024\" height=\"683\" data-id=\"1439\"  src=\"http:\/\/tmlutherie.fr\/wp-content\/uploads\/2023\/03\/LOKIMM5-1024x683.jpg\" alt=\"\" class=\"wp-image-1439\" srcset=\"https:\/\/tmlutherie.fr\/wp-content\/uploads\/2023\/03\/LOKIMM5-1024x683.jpg 1024w, https:\/\/tmlutherie.fr\/wp-content\/uploads\/2023\/03\/LOKIMM5-300x200.jpg 300w, https:\/\/tmlutherie.fr\/wp-content\/uploads\/2023\/03\/LOKIMM5-768x512.jpg 768w, https:\/\/tmlutherie.fr\/wp-content\/uploads\/2023\/03\/LOKIMM5-1536x1024.jpg 1536w, https:\/\/tmlutherie.fr\/wp-content\/uploads\/2023\/03\/LOKIMM5-2048x1365.jpg 2048w, https:\/\/tmlutherie.fr\/wp-content\/uploads\/2023\/03\/LOKIMM5-1140x760.jpg 1140w\" sizes=\"(max-width: 1024px) 100vw, 1024px\" \/><\/figure>\n\n\n\n<figure class=\"wp-block-image size-large\"><img loading=\"lazy\" width=\"1024\" height=\"683\" data-id=\"1436\"  src=\"http:\/\/tmlutherie.fr\/wp-content\/uploads\/2023\/03\/LOKIMM6-1024x683.jpg\" alt=\"\" class=\"wp-image-1436\" srcset=\"https:\/\/tmlutherie.fr\/wp-content\/uploads\/2023\/03\/LOKIMM6-1024x683.jpg 1024w, https:\/\/tmlutherie.fr\/wp-content\/uploads\/2023\/03\/LOKIMM6-300x200.jpg 300w, https:\/\/tmlutherie.fr\/wp-content\/uploads\/2023\/03\/LOKIMM6-768x512.jpg 768w, https:\/\/tmlutherie.fr\/wp-content\/uploads\/2023\/03\/LOKIMM6-1536x1024.jpg 1536w, https:\/\/tmlutherie.fr\/wp-content\/uploads\/2023\/03\/LOKIMM6-2048x1365.jpg 2048w, https:\/\/tmlutherie.fr\/wp-content\/uploads\/2023\/03\/LOKIMM6-1140x760.jpg 1140w\" sizes=\"(max-width: 1024px) 100vw, 1024px\" \/><\/figure>\n\n\n\n<figure class=\"wp-block-image size-large\"><img loading=\"lazy\" width=\"1024\" height=\"683\" data-id=\"1434\"  src=\"http:\/\/tmlutherie.fr\/wp-content\/uploads\/2023\/03\/LOKIMM7-1024x683.jpg\" alt=\"\" class=\"wp-image-1434\" srcset=\"https:\/\/tmlutherie.fr\/wp-content\/uploads\/2023\/03\/LOKIMM7-1024x683.jpg 1024w, https:\/\/tmlutherie.fr\/wp-content\/uploads\/2023\/03\/LOKIMM7-300x200.jpg 300w, https:\/\/tmlutherie.fr\/wp-content\/uploads\/2023\/03\/LOKIMM7-768x512.jpg 768w, https:\/\/tmlutherie.fr\/wp-content\/uploads\/2023\/03\/LOKIMM7-1536x1024.jpg 1536w, https:\/\/tmlutherie.fr\/wp-content\/uploads\/2023\/03\/LOKIMM7-2048x1365.jpg 2048w, https:\/\/tmlutherie.fr\/wp-content\/uploads\/2023\/03\/LOKIMM7-1140x760.jpg 1140w\" sizes=\"(max-width: 1024px) 100vw, 1024px\" \/><\/figure>\n\n\n\n<figure class=\"wp-block-image size-large\"><img loading=\"lazy\" width=\"1024\" height=\"683\" data-id=\"1440\"  src=\"http:\/\/tmlutherie.fr\/wp-content\/uploads\/2023\/03\/LOKIMM8-1024x683.jpg\" alt=\"\" class=\"wp-image-1440\" srcset=\"https:\/\/tmlutherie.fr\/wp-content\/uploads\/2023\/03\/LOKIMM8-1024x683.jpg 1024w, https:\/\/tmlutherie.fr\/wp-content\/uploads\/2023\/03\/LOKIMM8-300x200.jpg 300w, https:\/\/tmlutherie.fr\/wp-content\/uploads\/2023\/03\/LOKIMM8-768x512.jpg 768w, https:\/\/tmlutherie.fr\/wp-content\/uploads\/2023\/03\/LOKIMM8-1536x1024.jpg 1536w, https:\/\/tmlutherie.fr\/wp-content\/uploads\/2023\/03\/LOKIMM8-2048x1365.jpg 2048w, https:\/\/tmlutherie.fr\/wp-content\/uploads\/2023\/03\/LOKIMM8-1140x760.jpg 1140w\" sizes=\"(max-width: 1024px) 100vw, 1024px\" \/><\/figure>\n\n\n\n<figure class=\"wp-block-image size-large\"><img loading=\"lazy\" width=\"1024\" height=\"683\" data-id=\"1441\"  src=\"http:\/\/tmlutherie.fr\/wp-content\/uploads\/2023\/03\/LOKIMM9-1024x683.jpg\" alt=\"\" class=\"wp-image-1441\" srcset=\"https:\/\/tmlutherie.fr\/wp-content\/uploads\/2023\/03\/LOKIMM9-1024x683.jpg 1024w, https:\/\/tmlutherie.fr\/wp-content\/uploads\/2023\/03\/LOKIMM9-300x200.jpg 300w, https:\/\/tmlutherie.fr\/wp-content\/uploads\/2023\/03\/LOKIMM9-768x512.jpg 768w, https:\/\/tmlutherie.fr\/wp-content\/uploads\/2023\/03\/LOKIMM9-1536x1024.jpg 1536w, https:\/\/tmlutherie.fr\/wp-content\/uploads\/2023\/03\/LOKIMM9-2048x1365.jpg 2048w, https:\/\/tmlutherie.fr\/wp-content\/uploads\/2023\/03\/LOKIMM9-1140x760.jpg 1140w\" sizes=\"(max-width: 1024px) 100vw, 1024px\" \/><\/figure>\n<\/figure>\n","protected":false},"excerpt":{"rendered":"<p>Corps style MusicMan Luke coupl\u00e9 \u00e0 un manche style Stratocaster Cette guitare est \u00e0 vendre 1800\u20ac 1400\u20ac Corps en fr\u00eane des marais (finition vernis satin) Manche en \u00e9rable (finition huil\u00e9e &#8211; t\u00eate vernis satin) Touche en \u00e9b\u00e8ne \/ 22 frettes \/ Radius 12\u2019\u2019 \/ 647.7 mm Rep\u00e8res \u00ab Mother of Pearl \u00bb Sillet de t\u00eate en corne de buffle M\u00e9caniques Gotoh SG381 chrome Chevalet fixe Hipshot chrome Micros SP Custom Origin &#8217;59Electronique : Potentiom\u00e8tres CTS \/ jack tube Switchcraft \/ s\u00e9lecteur Schaller megaswitch E \/ condensateur BlackBee .022 Strap-locks Schaller S-Locks chrome<\/p>\n","protected":false},"author":1,"featured_media":0,"parent":70,"menu_order":1,"comment_status":"closed","ping_status":"closed","template":"","meta":[],"uagb_featured_image_src":{"full":false,"thumbnail":false,"medium":false,"medium_large":false,"large":false,"1536x1536":false,"2048x2048":false,"ashe-slider-full-thumbnail":false,"ashe-full-thumbnail":false,"ashe-list-thumbnail":false,"ashe-grid-thumbnail":false,"ashe-single-navigation":false},"uagb_author_info":{"display_name":"admin8991","author_link":"https:\/\/tmlutherie.fr\/?author=1"},"uagb_comment_info":0,"uagb_excerpt":"Corps style MusicMan Luke coupl\u00e9 \u00e0 un manche style Stratocaster Cette guitare est \u00e0 vendre 1800\u20ac 1400\u20ac Corps en fr\u00eane des marais (finition vernis satin) Manche en \u00e9rable (finition huil\u00e9e &#8211; t\u00eate vernis satin) Touche en \u00e9b\u00e8ne \/ 22 frettes \/ Radius 12\u2019\u2019 \/ 647.7 mm Rep\u00e8res \u00ab Mother of Pearl \u00bb Sillet de t\u00eate&hellip;","_links":{"self":[{"href":"https:\/\/tmlutherie.fr\/index.php?rest_route=\/wp\/v2\/pages\/356"}],"collection":[{"href":"https:\/\/tmlutherie.fr\/index.php?rest_route=\/wp\/v2\/pages"}],"about":[{"href":"https:\/\/tmlutherie.fr\/index.php?rest_route=\/wp\/v2\/types\/page"}],"author":[{"embeddable":true,"href":"https:\/\/tmlutherie.fr\/index.php?rest_route=\/wp\/v2\/users\/1"}],"replies":[{"embeddable":true,"href":"https:\/\/tmlutherie.fr\/index.php?rest_route=%2Fwp%2Fv2%2Fcomments&post=356"}],"version-history":[{"count":15,"href":"https:\/\/tmlutherie.fr\/index.php?rest_route=\/wp\/v2\/pages\/356\/revisions"}],"predecessor-version":[{"id":1447,"href":"https:\/\/tmlutherie.fr\/index.php?rest_route=\/wp\/v2\/pages\/356\/revisions\/1447"}],"up":[{"embeddable":true,"href":"https:\/\/tmlutherie.fr\/index.php?rest_route=\/wp\/v2\/pages\/70"}],"wp:attachment":[{"href":"https:\/\/tmlutherie.fr\/index.php?rest_route=%2Fwp%2Fv2%2Fmedia&parent=356"}],"curies":[{"name":"wp","href":"https:\/\/api.w.org\/{rel}","templated":true}]}}