{"id":323,"date":"2020-03-22T18:56:58","date_gmt":"2020-03-22T17:56:58","guid":{"rendered":"http:\/\/tmlutherie.fr\/?page_id=323"},"modified":"2020-04-13T15:55:29","modified_gmt":"2020-04-13T13:55:29","slug":"freyja-sixtys-commande-client","status":"publish","type":"page","link":"https:\/\/tmlutherie.fr\/?page_id=323","title":{"rendered":"Freyja sixty&#8217;s (commande client)"},"content":{"rendered":"\n<p class=\"has-text-align-center\"> Un m\u00e9lange de vintage et de modernit\u00e9 : une configuration chaleureuse et polyvalente, une finition qui n&#8217;est pas sans rappeler les ann\u00e9es &#8217;60 et un design plus contemporain.<\/p>\n\n\n\n<div class=\"wp-block-image\"><figure class=\"aligncenter size-large is-resized\"><img loading=\"lazy\" src=\"http:\/\/tmlutherie.fr\/wp-content\/uploads\/2020\/03\/1-3-1024x683.jpg\" alt=\"\" class=\"wp-image-408\" width=\"768\" height=\"512\" srcset=\"https:\/\/tmlutherie.fr\/wp-content\/uploads\/2020\/03\/1-3-1024x683.jpg 1024w, https:\/\/tmlutherie.fr\/wp-content\/uploads\/2020\/03\/1-3-300x200.jpg 300w, https:\/\/tmlutherie.fr\/wp-content\/uploads\/2020\/03\/1-3-768x512.jpg 768w, https:\/\/tmlutherie.fr\/wp-content\/uploads\/2020\/03\/1-3-1536x1024.jpg 1536w, https:\/\/tmlutherie.fr\/wp-content\/uploads\/2020\/03\/1-3-2048x1365.jpg 2048w\" sizes=\"(max-width: 768px) 100vw, 768px\" \/><\/figure><\/div>\n\n\n\n<p class=\"has-text-align-center\">Corps en acajou du Honduras (finition Autumn Glory, vernis satin\u00e9)  <br>Manche \u00e9rable torr\u00e9fi\u00e9 une pi\u00e8ce (finition naturelle, vernis satin\u00e9) <br> 22 frettes \/ Radius compens\u00e9 12&#8243; \u00e0 14&#8243; \/ Diapason 635 mm <br>Accastillage chrome et rep\u00e8res aluminium<br>Sillet de t\u00eate en os  <br> M\u00e9caniques Gotoh \u00e0 blocage <br>Chevalet fixe BABICZ <br>Micros\u00a0Tornade MS\u00a0customs <br>Electronique : potentiom\u00e8tres CTS \/ toggle \/ jack tube Switchcraft \/ condensateurs Mallory Mustard .022 et .047<br> Strap-locks Dunlop<\/p>\n\n\n\n<p class=\"has-text-align-left\"> Vous pourrez retrouver cette guitare sur les sc\u00e8nes de Charente Maritime au sein du groupe The BrokenArms et du groupe Wai-k. <\/p>\n\n\n\n<figure class=\"wp-block-gallery columns-3\"><ul class=\"blocks-gallery-grid\"><li class=\"blocks-gallery-item\"><figure><img loading=\"lazy\" width=\"1024\" height=\"864\" src=\"http:\/\/tmlutherie.fr\/wp-content\/uploads\/2020\/03\/2-1-1024x864.jpg\" alt=\"\" data-id=\"409\" data-full-url=\"http:\/\/tmlutherie.fr\/wp-content\/uploads\/2020\/03\/2-1-scaled.jpg\" data-link=\"http:\/\/tmlutherie.fr\/?attachment_id=409\" class=\"wp-image-409\" srcset=\"https:\/\/tmlutherie.fr\/wp-content\/uploads\/2020\/03\/2-1-1024x864.jpg 1024w, https:\/\/tmlutherie.fr\/wp-content\/uploads\/2020\/03\/2-1-300x253.jpg 300w, https:\/\/tmlutherie.fr\/wp-content\/uploads\/2020\/03\/2-1-768x648.jpg 768w, https:\/\/tmlutherie.fr\/wp-content\/uploads\/2020\/03\/2-1-1536x1296.jpg 1536w, https:\/\/tmlutherie.fr\/wp-content\/uploads\/2020\/03\/2-1-2048x1728.jpg 2048w\" sizes=\"(max-width: 1024px) 100vw, 1024px\" \/><\/figure><\/li><li class=\"blocks-gallery-item\"><figure><img loading=\"lazy\" width=\"1024\" height=\"683\" src=\"http:\/\/tmlutherie.fr\/wp-content\/uploads\/2020\/03\/4-1-1024x683.jpg\" alt=\"\" data-id=\"411\" data-full-url=\"http:\/\/tmlutherie.fr\/wp-content\/uploads\/2020\/03\/4-1-scaled.jpg\" data-link=\"http:\/\/tmlutherie.fr\/?attachment_id=411\" class=\"wp-image-411\" srcset=\"https:\/\/tmlutherie.fr\/wp-content\/uploads\/2020\/03\/4-1-1024x683.jpg 1024w, https:\/\/tmlutherie.fr\/wp-content\/uploads\/2020\/03\/4-1-300x200.jpg 300w, https:\/\/tmlutherie.fr\/wp-content\/uploads\/2020\/03\/4-1-768x512.jpg 768w, https:\/\/tmlutherie.fr\/wp-content\/uploads\/2020\/03\/4-1-1536x1024.jpg 1536w, https:\/\/tmlutherie.fr\/wp-content\/uploads\/2020\/03\/4-1-2048x1365.jpg 2048w\" sizes=\"(max-width: 1024px) 100vw, 1024px\" \/><\/figure><\/li><li class=\"blocks-gallery-item\"><figure><img loading=\"lazy\" width=\"1024\" height=\"853\" src=\"http:\/\/tmlutherie.fr\/wp-content\/uploads\/2020\/03\/3-1-1024x853.jpg\" alt=\"\" data-id=\"410\" data-full-url=\"http:\/\/tmlutherie.fr\/wp-content\/uploads\/2020\/03\/3-1-scaled.jpg\" data-link=\"http:\/\/tmlutherie.fr\/?attachment_id=410\" class=\"wp-image-410\" srcset=\"https:\/\/tmlutherie.fr\/wp-content\/uploads\/2020\/03\/3-1-1024x853.jpg 1024w, https:\/\/tmlutherie.fr\/wp-content\/uploads\/2020\/03\/3-1-300x250.jpg 300w, https:\/\/tmlutherie.fr\/wp-content\/uploads\/2020\/03\/3-1-768x640.jpg 768w, https:\/\/tmlutherie.fr\/wp-content\/uploads\/2020\/03\/3-1-1536x1279.jpg 1536w, https:\/\/tmlutherie.fr\/wp-content\/uploads\/2020\/03\/3-1-2048x1706.jpg 2048w\" sizes=\"(max-width: 1024px) 100vw, 1024px\" \/><\/figure><\/li><li class=\"blocks-gallery-item\"><figure><img loading=\"lazy\" width=\"1024\" height=\"683\" src=\"http:\/\/tmlutherie.fr\/wp-content\/uploads\/2020\/03\/5.1-1024x683.jpg\" alt=\"\" data-id=\"412\" data-full-url=\"http:\/\/tmlutherie.fr\/wp-content\/uploads\/2020\/03\/5.1-scaled.jpg\" data-link=\"http:\/\/tmlutherie.fr\/?attachment_id=412\" class=\"wp-image-412\" srcset=\"https:\/\/tmlutherie.fr\/wp-content\/uploads\/2020\/03\/5.1-1024x683.jpg 1024w, https:\/\/tmlutherie.fr\/wp-content\/uploads\/2020\/03\/5.1-300x200.jpg 300w, https:\/\/tmlutherie.fr\/wp-content\/uploads\/2020\/03\/5.1-768x512.jpg 768w, https:\/\/tmlutherie.fr\/wp-content\/uploads\/2020\/03\/5.1-1536x1024.jpg 1536w, https:\/\/tmlutherie.fr\/wp-content\/uploads\/2020\/03\/5.1-2048x1365.jpg 2048w\" sizes=\"(max-width: 1024px) 100vw, 1024px\" \/><\/figure><\/li><li class=\"blocks-gallery-item\"><figure><img loading=\"lazy\" width=\"1024\" height=\"681\" src=\"http:\/\/tmlutherie.fr\/wp-content\/uploads\/2020\/03\/5-1-1024x681.jpg\" alt=\"\" data-id=\"413\" data-full-url=\"http:\/\/tmlutherie.fr\/wp-content\/uploads\/2020\/03\/5-1-scaled.jpg\" data-link=\"http:\/\/tmlutherie.fr\/?attachment_id=413\" class=\"wp-image-413\" srcset=\"https:\/\/tmlutherie.fr\/wp-content\/uploads\/2020\/03\/5-1-1024x681.jpg 1024w, https:\/\/tmlutherie.fr\/wp-content\/uploads\/2020\/03\/5-1-300x200.jpg 300w, https:\/\/tmlutherie.fr\/wp-content\/uploads\/2020\/03\/5-1-768x511.jpg 768w, https:\/\/tmlutherie.fr\/wp-content\/uploads\/2020\/03\/5-1-1536x1021.jpg 1536w, https:\/\/tmlutherie.fr\/wp-content\/uploads\/2020\/03\/5-1-2048x1362.jpg 2048w\" sizes=\"(max-width: 1024px) 100vw, 1024px\" \/><\/figure><\/li><li class=\"blocks-gallery-item\"><figure><img loading=\"lazy\" width=\"1024\" height=\"794\" src=\"http:\/\/tmlutherie.fr\/wp-content\/uploads\/2020\/03\/10-1-1024x794.jpg\" alt=\"\" data-id=\"418\" data-full-url=\"http:\/\/tmlutherie.fr\/wp-content\/uploads\/2020\/03\/10-1-scaled.jpg\" data-link=\"http:\/\/tmlutherie.fr\/?attachment_id=418\" class=\"wp-image-418\" srcset=\"https:\/\/tmlutherie.fr\/wp-content\/uploads\/2020\/03\/10-1-1024x794.jpg 1024w, https:\/\/tmlutherie.fr\/wp-content\/uploads\/2020\/03\/10-1-300x233.jpg 300w, https:\/\/tmlutherie.fr\/wp-content\/uploads\/2020\/03\/10-1-768x596.jpg 768w, https:\/\/tmlutherie.fr\/wp-content\/uploads\/2020\/03\/10-1-1536x1191.jpg 1536w, https:\/\/tmlutherie.fr\/wp-content\/uploads\/2020\/03\/10-1-2048x1588.jpg 2048w\" sizes=\"(max-width: 1024px) 100vw, 1024px\" \/><\/figure><\/li><li class=\"blocks-gallery-item\"><figure><img loading=\"lazy\" width=\"1024\" height=\"636\" src=\"http:\/\/tmlutherie.fr\/wp-content\/uploads\/2020\/03\/6-1-1024x636.jpg\" alt=\"\" data-id=\"414\" data-full-url=\"http:\/\/tmlutherie.fr\/wp-content\/uploads\/2020\/03\/6-1-scaled.jpg\" data-link=\"http:\/\/tmlutherie.fr\/?attachment_id=414\" class=\"wp-image-414\" srcset=\"https:\/\/tmlutherie.fr\/wp-content\/uploads\/2020\/03\/6-1-1024x636.jpg 1024w, https:\/\/tmlutherie.fr\/wp-content\/uploads\/2020\/03\/6-1-300x186.jpg 300w, https:\/\/tmlutherie.fr\/wp-content\/uploads\/2020\/03\/6-1-768x477.jpg 768w, https:\/\/tmlutherie.fr\/wp-content\/uploads\/2020\/03\/6-1-1536x955.jpg 1536w, https:\/\/tmlutherie.fr\/wp-content\/uploads\/2020\/03\/6-1-2048x1273.jpg 2048w\" sizes=\"(max-width: 1024px) 100vw, 1024px\" \/><\/figure><\/li><li class=\"blocks-gallery-item\"><figure><img loading=\"lazy\" width=\"1024\" height=\"645\" src=\"http:\/\/tmlutherie.fr\/wp-content\/uploads\/2020\/03\/7-1-1024x645.jpg\" alt=\"\" data-id=\"415\" data-full-url=\"http:\/\/tmlutherie.fr\/wp-content\/uploads\/2020\/03\/7-1-scaled.jpg\" data-link=\"http:\/\/tmlutherie.fr\/?attachment_id=415\" class=\"wp-image-415\" srcset=\"https:\/\/tmlutherie.fr\/wp-content\/uploads\/2020\/03\/7-1-1024x645.jpg 1024w, https:\/\/tmlutherie.fr\/wp-content\/uploads\/2020\/03\/7-1-300x189.jpg 300w, https:\/\/tmlutherie.fr\/wp-content\/uploads\/2020\/03\/7-1-768x484.jpg 768w, https:\/\/tmlutherie.fr\/wp-content\/uploads\/2020\/03\/7-1-1536x967.jpg 1536w, https:\/\/tmlutherie.fr\/wp-content\/uploads\/2020\/03\/7-1-2048x1290.jpg 2048w\" sizes=\"(max-width: 1024px) 100vw, 1024px\" \/><\/figure><\/li><li class=\"blocks-gallery-item\"><figure><img loading=\"lazy\" width=\"683\" height=\"1024\" src=\"http:\/\/tmlutherie.fr\/wp-content\/uploads\/2020\/03\/8-1-683x1024.jpg\" alt=\"\" data-id=\"416\" data-full-url=\"http:\/\/tmlutherie.fr\/wp-content\/uploads\/2020\/03\/8-1-scaled.jpg\" data-link=\"http:\/\/tmlutherie.fr\/?attachment_id=416\" class=\"wp-image-416\" srcset=\"https:\/\/tmlutherie.fr\/wp-content\/uploads\/2020\/03\/8-1-683x1024.jpg 683w, https:\/\/tmlutherie.fr\/wp-content\/uploads\/2020\/03\/8-1-200x300.jpg 200w, https:\/\/tmlutherie.fr\/wp-content\/uploads\/2020\/03\/8-1-768x1152.jpg 768w, https:\/\/tmlutherie.fr\/wp-content\/uploads\/2020\/03\/8-1-1024x1536.jpg 1024w, https:\/\/tmlutherie.fr\/wp-content\/uploads\/2020\/03\/8-1-1365x2048.jpg 1365w, https:\/\/tmlutherie.fr\/wp-content\/uploads\/2020\/03\/8-1-scaled.jpg 1707w\" sizes=\"(max-width: 683px) 100vw, 683px\" \/><\/figure><\/li><li class=\"blocks-gallery-item\"><figure><img loading=\"lazy\" width=\"1024\" height=\"640\" src=\"http:\/\/tmlutherie.fr\/wp-content\/uploads\/2020\/03\/9-1-1024x640.jpg\" alt=\"\" data-id=\"417\" data-full-url=\"http:\/\/tmlutherie.fr\/wp-content\/uploads\/2020\/03\/9-1-scaled.jpg\" data-link=\"http:\/\/tmlutherie.fr\/?attachment_id=417\" class=\"wp-image-417\" srcset=\"https:\/\/tmlutherie.fr\/wp-content\/uploads\/2020\/03\/9-1-1024x640.jpg 1024w, https:\/\/tmlutherie.fr\/wp-content\/uploads\/2020\/03\/9-1-300x188.jpg 300w, https:\/\/tmlutherie.fr\/wp-content\/uploads\/2020\/03\/9-1-768x480.jpg 768w, https:\/\/tmlutherie.fr\/wp-content\/uploads\/2020\/03\/9-1-1536x960.jpg 1536w, https:\/\/tmlutherie.fr\/wp-content\/uploads\/2020\/03\/9-1-2048x1280.jpg 2048w\" sizes=\"(max-width: 1024px) 100vw, 1024px\" \/><\/figure><\/li><li class=\"blocks-gallery-item\"><figure><img loading=\"lazy\" width=\"1024\" height=\"683\" src=\"http:\/\/tmlutherie.fr\/wp-content\/uploads\/2020\/03\/IMG_2229b-1024x683.jpg\" alt=\"\" data-id=\"419\" data-full-url=\"http:\/\/tmlutherie.fr\/wp-content\/uploads\/2020\/03\/IMG_2229b-scaled.jpg\" data-link=\"http:\/\/tmlutherie.fr\/?attachment_id=419\" class=\"wp-image-419\" srcset=\"https:\/\/tmlutherie.fr\/wp-content\/uploads\/2020\/03\/IMG_2229b-1024x683.jpg 1024w, https:\/\/tmlutherie.fr\/wp-content\/uploads\/2020\/03\/IMG_2229b-300x200.jpg 300w, https:\/\/tmlutherie.fr\/wp-content\/uploads\/2020\/03\/IMG_2229b-768x512.jpg 768w, https:\/\/tmlutherie.fr\/wp-content\/uploads\/2020\/03\/IMG_2229b-1536x1024.jpg 1536w, https:\/\/tmlutherie.fr\/wp-content\/uploads\/2020\/03\/IMG_2229b-2048x1365.jpg 2048w\" sizes=\"(max-width: 1024px) 100vw, 1024px\" \/><\/figure><\/li><\/ul><\/figure>\n","protected":false},"excerpt":{"rendered":"<p>Un m\u00e9lange de vintage et de modernit\u00e9 : une configuration chaleureuse et polyvalente, une finition qui n&#8217;est pas sans rappeler les ann\u00e9es &#8217;60 et un design plus contemporain. Corps en acajou du Honduras (finition Autumn Glory, vernis satin\u00e9) Manche \u00e9rable torr\u00e9fi\u00e9 une pi\u00e8ce (finition naturelle, vernis satin\u00e9) 22 frettes \/ Radius compens\u00e9 12&#8243; \u00e0 14&#8243; \/ Diapason 635 mm Accastillage chrome et rep\u00e8res aluminiumSillet de t\u00eate en os M\u00e9caniques Gotoh \u00e0 blocage Chevalet fixe BABICZ Micros\u00a0Tornade MS\u00a0customs Electronique : potentiom\u00e8tres CTS \/ toggle \/ jack tube Switchcraft \/ condensateurs Mallory Mustard .022 et .047 Strap-locks Dunlop Vous pourrez retrouver cette guitare sur les sc\u00e8nes de Charente Maritime au sein du groupe The BrokenArms et du groupe Wai-k.<\/p>\n","protected":false},"author":1,"featured_media":0,"parent":278,"menu_order":0,"comment_status":"closed","ping_status":"closed","template":"","meta":[],"uagb_featured_image_src":{"full":false,"thumbnail":false,"medium":false,"medium_large":false,"large":false,"1536x1536":false,"2048x2048":false,"ashe-slider-full-thumbnail":false,"ashe-full-thumbnail":false,"ashe-list-thumbnail":false,"ashe-grid-thumbnail":false,"ashe-single-navigation":false},"uagb_author_info":{"display_name":"admin8991","author_link":"https:\/\/tmlutherie.fr\/?author=1"},"uagb_comment_info":0,"uagb_excerpt":"Un m\u00e9lange de vintage et de modernit\u00e9 : une configuration chaleureuse et polyvalente, une finition qui n&#8217;est pas sans rappeler les ann\u00e9es &#8217;60 et un design plus contemporain. Corps en acajou du Honduras (finition Autumn Glory, vernis satin\u00e9) Manche \u00e9rable torr\u00e9fi\u00e9 une pi\u00e8ce (finition naturelle, vernis satin\u00e9) 22 frettes \/ Radius compens\u00e9 12&#8243; \u00e0 14&#8243;&hellip;","_links":{"self":[{"href":"https:\/\/tmlutherie.fr\/index.php?rest_route=\/wp\/v2\/pages\/323"}],"collection":[{"href":"https:\/\/tmlutherie.fr\/index.php?rest_route=\/wp\/v2\/pages"}],"about":[{"href":"https:\/\/tmlutherie.fr\/index.php?rest_route=\/wp\/v2\/types\/page"}],"author":[{"embeddable":true,"href":"https:\/\/tmlutherie.fr\/index.php?rest_route=\/wp\/v2\/users\/1"}],"replies":[{"embeddable":true,"href":"https:\/\/tmlutherie.fr\/index.php?rest_route=%2Fwp%2Fv2%2Fcomments&post=323"}],"version-history":[{"count":14,"href":"https:\/\/tmlutherie.fr\/index.php?rest_route=\/wp\/v2\/pages\/323\/revisions"}],"predecessor-version":[{"id":565,"href":"https:\/\/tmlutherie.fr\/index.php?rest_route=\/wp\/v2\/pages\/323\/revisions\/565"}],"up":[{"embeddable":true,"href":"https:\/\/tmlutherie.fr\/index.php?rest_route=\/wp\/v2\/pages\/278"}],"wp:attachment":[{"href":"https:\/\/tmlutherie.fr\/index.php?rest_route=%2Fwp%2Fv2%2Fmedia&parent=323"}],"curies":[{"name":"wp","href":"https:\/\/api.w.org\/{rel}","templated":true}]}}