{"id":306,"date":"2020-03-16T19:14:20","date_gmt":"2020-03-16T18:14:20","guid":{"rendered":"http:\/\/tmlutherie.fr\/?page_id=306"},"modified":"2022-11-08T10:41:48","modified_gmt":"2022-11-08T09:41:48","slug":"freyja-1","status":"publish","type":"page","link":"https:\/\/tmlutherie.fr\/?page_id=306","title":{"rendered":"Freyja nattbl\u00e5tt"},"content":{"rendered":"\n<p class=\"has-text-align-center\">Premi\u00e8re r\u00e9alisation du mod\u00e8le Freyja en reprenant des codes de la Fender Stratocaster tels que le manche \u00e9rable ou le tremolo. Mais dans une configuration plus p\u00eachue avec les deux humbuckers.<\/p>\n\n\n\n<p class=\"has-medium-font-size\"> Cette guitare est vendue.<\/p>\n\n\n\n<div class=\"wp-block-image\"><figure class=\"aligncenter size-large is-resized\"><img loading=\"lazy\" src=\"http:\/\/tmlutherie.fr\/wp-content\/uploads\/2020\/03\/1-4-1024x683.jpg\" alt=\"\" class=\"wp-image-422\" width=\"768\" height=\"512\" srcset=\"https:\/\/tmlutherie.fr\/wp-content\/uploads\/2020\/03\/1-4-1024x683.jpg 1024w, https:\/\/tmlutherie.fr\/wp-content\/uploads\/2020\/03\/1-4-300x200.jpg 300w, https:\/\/tmlutherie.fr\/wp-content\/uploads\/2020\/03\/1-4-768x512.jpg 768w, https:\/\/tmlutherie.fr\/wp-content\/uploads\/2020\/03\/1-4-1536x1024.jpg 1536w, https:\/\/tmlutherie.fr\/wp-content\/uploads\/2020\/03\/1-4-2048x1365.jpg 2048w\" sizes=\"(max-width: 768px) 100vw, 768px\" \/><\/figure><\/div>\n\n\n\n<p class=\"has-text-align-center\">Corps en aulne (finition bleue nuit, vernis satin\u00e9)  <br>Manche \u00e9rable (finition naturelle, vernis satin\u00e9) <br> 22 frettes \/ Radius 12&#8243; \/ Diapason 647,7 mm <br>Accastillage chrome et rep\u00e8res \/ liser\u00e9 \/ logo aluminium<br>Sillet de t\u00eate en aluminium  <br> M\u00e9caniques Gotoh \u00e0 blocage <br>Chevalet Tremolo Gotoh<br>Micros&nbsp;SP Custom&nbsp;origin \u201962 en manche, origin \u201959 en chevalet<br>Electronique : potentiom\u00e8tres CTS \/ toggle \/ jack tube Switchcraft \/ condensateur Blackbee oil paper .022<br> Strap-locks Dunlop SLS1401<\/p>\n\n\n\n<figure class=\"wp-block-gallery columns-3\"><ul class=\"blocks-gallery-grid\"><li class=\"blocks-gallery-item\"><figure><img loading=\"lazy\" width=\"683\" height=\"1024\" src=\"http:\/\/tmlutherie.fr\/wp-content\/uploads\/2020\/03\/3-683x1024.jpg\" alt=\"\" data-id=\"394\" data-full-url=\"http:\/\/tmlutherie.fr\/wp-content\/uploads\/2020\/03\/3-scaled.jpg\" data-link=\"http:\/\/tmlutherie.fr\/?attachment_id=394\" class=\"wp-image-394\" srcset=\"https:\/\/tmlutherie.fr\/wp-content\/uploads\/2020\/03\/3-683x1024.jpg 683w, https:\/\/tmlutherie.fr\/wp-content\/uploads\/2020\/03\/3-200x300.jpg 200w, https:\/\/tmlutherie.fr\/wp-content\/uploads\/2020\/03\/3-768x1152.jpg 768w, https:\/\/tmlutherie.fr\/wp-content\/uploads\/2020\/03\/3-1024x1536.jpg 1024w, https:\/\/tmlutherie.fr\/wp-content\/uploads\/2020\/03\/3-1366x2048.jpg 1366w, https:\/\/tmlutherie.fr\/wp-content\/uploads\/2020\/03\/3-scaled.jpg 1707w\" sizes=\"(max-width: 683px) 100vw, 683px\" \/><\/figure><\/li><li class=\"blocks-gallery-item\"><figure><img loading=\"lazy\" width=\"1024\" height=\"683\" src=\"http:\/\/tmlutherie.fr\/wp-content\/uploads\/2020\/03\/2-1024x683.jpg\" alt=\"\" data-id=\"393\" data-full-url=\"http:\/\/tmlutherie.fr\/wp-content\/uploads\/2020\/03\/2-scaled.jpg\" data-link=\"http:\/\/tmlutherie.fr\/?attachment_id=393\" class=\"wp-image-393\" srcset=\"https:\/\/tmlutherie.fr\/wp-content\/uploads\/2020\/03\/2-1024x683.jpg 1024w, https:\/\/tmlutherie.fr\/wp-content\/uploads\/2020\/03\/2-300x200.jpg 300w, https:\/\/tmlutherie.fr\/wp-content\/uploads\/2020\/03\/2-768x512.jpg 768w, https:\/\/tmlutherie.fr\/wp-content\/uploads\/2020\/03\/2-1536x1024.jpg 1536w, https:\/\/tmlutherie.fr\/wp-content\/uploads\/2020\/03\/2-2048x1365.jpg 2048w\" sizes=\"(max-width: 1024px) 100vw, 1024px\" \/><\/figure><\/li><li class=\"blocks-gallery-item\"><figure><img loading=\"lazy\" width=\"683\" height=\"1024\" src=\"http:\/\/tmlutherie.fr\/wp-content\/uploads\/2020\/03\/5-683x1024.jpg\" alt=\"\" data-id=\"397\" data-full-url=\"http:\/\/tmlutherie.fr\/wp-content\/uploads\/2020\/03\/5-scaled.jpg\" data-link=\"http:\/\/tmlutherie.fr\/?attachment_id=397\" class=\"wp-image-397\" srcset=\"https:\/\/tmlutherie.fr\/wp-content\/uploads\/2020\/03\/5-683x1024.jpg 683w, https:\/\/tmlutherie.fr\/wp-content\/uploads\/2020\/03\/5-200x300.jpg 200w, https:\/\/tmlutherie.fr\/wp-content\/uploads\/2020\/03\/5-768x1152.jpg 768w, https:\/\/tmlutherie.fr\/wp-content\/uploads\/2020\/03\/5-1024x1536.jpg 1024w, https:\/\/tmlutherie.fr\/wp-content\/uploads\/2020\/03\/5-1365x2048.jpg 1365w, https:\/\/tmlutherie.fr\/wp-content\/uploads\/2020\/03\/5-scaled.jpg 1707w\" sizes=\"(max-width: 683px) 100vw, 683px\" \/><\/figure><\/li><li class=\"blocks-gallery-item\"><figure><img loading=\"lazy\" width=\"1024\" height=\"683\" src=\"http:\/\/tmlutherie.fr\/wp-content\/uploads\/2020\/03\/4-1024x683.jpg\" alt=\"\" data-id=\"396\" data-full-url=\"http:\/\/tmlutherie.fr\/wp-content\/uploads\/2020\/03\/4-scaled.jpg\" data-link=\"http:\/\/tmlutherie.fr\/?attachment_id=396\" class=\"wp-image-396\" srcset=\"https:\/\/tmlutherie.fr\/wp-content\/uploads\/2020\/03\/4-1024x683.jpg 1024w, https:\/\/tmlutherie.fr\/wp-content\/uploads\/2020\/03\/4-300x200.jpg 300w, https:\/\/tmlutherie.fr\/wp-content\/uploads\/2020\/03\/4-768x512.jpg 768w, https:\/\/tmlutherie.fr\/wp-content\/uploads\/2020\/03\/4-1536x1024.jpg 1536w, https:\/\/tmlutherie.fr\/wp-content\/uploads\/2020\/03\/4-2048x1365.jpg 2048w\" sizes=\"(max-width: 1024px) 100vw, 1024px\" \/><\/figure><\/li><li class=\"blocks-gallery-item\"><figure><img loading=\"lazy\" width=\"1024\" height=\"683\" src=\"http:\/\/tmlutherie.fr\/wp-content\/uploads\/2020\/03\/6-1024x683.jpg\" alt=\"\" data-id=\"398\" data-full-url=\"http:\/\/tmlutherie.fr\/wp-content\/uploads\/2020\/03\/6-scaled.jpg\" data-link=\"http:\/\/tmlutherie.fr\/?attachment_id=398\" class=\"wp-image-398\" srcset=\"https:\/\/tmlutherie.fr\/wp-content\/uploads\/2020\/03\/6-1024x683.jpg 1024w, https:\/\/tmlutherie.fr\/wp-content\/uploads\/2020\/03\/6-300x200.jpg 300w, https:\/\/tmlutherie.fr\/wp-content\/uploads\/2020\/03\/6-768x512.jpg 768w, https:\/\/tmlutherie.fr\/wp-content\/uploads\/2020\/03\/6-1536x1024.jpg 1536w, https:\/\/tmlutherie.fr\/wp-content\/uploads\/2020\/03\/6-2048x1365.jpg 2048w\" sizes=\"(max-width: 1024px) 100vw, 1024px\" \/><\/figure><\/li><li class=\"blocks-gallery-item\"><figure><img loading=\"lazy\" width=\"1024\" height=\"804\" src=\"http:\/\/tmlutherie.fr\/wp-content\/uploads\/2020\/03\/7-1024x804.jpg\" alt=\"\" data-id=\"399\" data-full-url=\"http:\/\/tmlutherie.fr\/wp-content\/uploads\/2020\/03\/7-scaled.jpg\" data-link=\"http:\/\/tmlutherie.fr\/?attachment_id=399\" class=\"wp-image-399\" srcset=\"https:\/\/tmlutherie.fr\/wp-content\/uploads\/2020\/03\/7-1024x804.jpg 1024w, https:\/\/tmlutherie.fr\/wp-content\/uploads\/2020\/03\/7-300x236.jpg 300w, https:\/\/tmlutherie.fr\/wp-content\/uploads\/2020\/03\/7-768x603.jpg 768w, https:\/\/tmlutherie.fr\/wp-content\/uploads\/2020\/03\/7-1536x1206.jpg 1536w, https:\/\/tmlutherie.fr\/wp-content\/uploads\/2020\/03\/7-2048x1608.jpg 2048w\" sizes=\"(max-width: 1024px) 100vw, 1024px\" \/><\/figure><\/li><li class=\"blocks-gallery-item\"><figure><img loading=\"lazy\" width=\"1024\" height=\"683\" src=\"http:\/\/tmlutherie.fr\/wp-content\/uploads\/2020\/03\/8-1024x683.jpg\" alt=\"\" data-id=\"400\" data-full-url=\"http:\/\/tmlutherie.fr\/wp-content\/uploads\/2020\/03\/8-scaled.jpg\" data-link=\"http:\/\/tmlutherie.fr\/?attachment_id=400\" class=\"wp-image-400\" srcset=\"https:\/\/tmlutherie.fr\/wp-content\/uploads\/2020\/03\/8-1024x683.jpg 1024w, https:\/\/tmlutherie.fr\/wp-content\/uploads\/2020\/03\/8-300x200.jpg 300w, https:\/\/tmlutherie.fr\/wp-content\/uploads\/2020\/03\/8-768x512.jpg 768w, https:\/\/tmlutherie.fr\/wp-content\/uploads\/2020\/03\/8-1536x1024.jpg 1536w, https:\/\/tmlutherie.fr\/wp-content\/uploads\/2020\/03\/8-2048x1365.jpg 2048w\" sizes=\"(max-width: 1024px) 100vw, 1024px\" \/><\/figure><\/li><li class=\"blocks-gallery-item\"><figure><img loading=\"lazy\" width=\"1024\" height=\"683\" src=\"http:\/\/tmlutherie.fr\/wp-content\/uploads\/2020\/03\/9-1024x683.jpg\" alt=\"\" data-id=\"401\" data-full-url=\"http:\/\/tmlutherie.fr\/wp-content\/uploads\/2020\/03\/9-scaled.jpg\" data-link=\"http:\/\/tmlutherie.fr\/?attachment_id=401\" class=\"wp-image-401\" srcset=\"https:\/\/tmlutherie.fr\/wp-content\/uploads\/2020\/03\/9-1024x683.jpg 1024w, https:\/\/tmlutherie.fr\/wp-content\/uploads\/2020\/03\/9-300x200.jpg 300w, https:\/\/tmlutherie.fr\/wp-content\/uploads\/2020\/03\/9-768x512.jpg 768w, https:\/\/tmlutherie.fr\/wp-content\/uploads\/2020\/03\/9-1536x1024.jpg 1536w, https:\/\/tmlutherie.fr\/wp-content\/uploads\/2020\/03\/9-2048x1365.jpg 2048w\" sizes=\"(max-width: 1024px) 100vw, 1024px\" \/><\/figure><\/li><li class=\"blocks-gallery-item\"><figure><img loading=\"lazy\" width=\"1024\" height=\"683\" src=\"http:\/\/tmlutherie.fr\/wp-content\/uploads\/2020\/03\/10-1024x683.jpg\" alt=\"\" data-id=\"402\" data-full-url=\"http:\/\/tmlutherie.fr\/wp-content\/uploads\/2020\/03\/10-scaled.jpg\" data-link=\"http:\/\/tmlutherie.fr\/?attachment_id=402\" class=\"wp-image-402\" srcset=\"https:\/\/tmlutherie.fr\/wp-content\/uploads\/2020\/03\/10-1024x683.jpg 1024w, https:\/\/tmlutherie.fr\/wp-content\/uploads\/2020\/03\/10-300x200.jpg 300w, https:\/\/tmlutherie.fr\/wp-content\/uploads\/2020\/03\/10-768x512.jpg 768w, https:\/\/tmlutherie.fr\/wp-content\/uploads\/2020\/03\/10-1536x1024.jpg 1536w, https:\/\/tmlutherie.fr\/wp-content\/uploads\/2020\/03\/10-2048x1365.jpg 2048w\" sizes=\"(max-width: 1024px) 100vw, 1024px\" \/><\/figure><\/li><li class=\"blocks-gallery-item\"><figure><img loading=\"lazy\" width=\"1024\" height=\"912\" src=\"http:\/\/tmlutherie.fr\/wp-content\/uploads\/2020\/03\/11-1024x912.jpg\" alt=\"\" data-id=\"404\" data-full-url=\"http:\/\/tmlutherie.fr\/wp-content\/uploads\/2020\/03\/11-scaled.jpg\" data-link=\"http:\/\/tmlutherie.fr\/?attachment_id=404\" class=\"wp-image-404\" srcset=\"https:\/\/tmlutherie.fr\/wp-content\/uploads\/2020\/03\/11-1024x912.jpg 1024w, https:\/\/tmlutherie.fr\/wp-content\/uploads\/2020\/03\/11-300x267.jpg 300w, https:\/\/tmlutherie.fr\/wp-content\/uploads\/2020\/03\/11-768x684.jpg 768w, https:\/\/tmlutherie.fr\/wp-content\/uploads\/2020\/03\/11-1536x1368.jpg 1536w, https:\/\/tmlutherie.fr\/wp-content\/uploads\/2020\/03\/11-2048x1824.jpg 2048w\" sizes=\"(max-width: 1024px) 100vw, 1024px\" \/><\/figure><\/li><li class=\"blocks-gallery-item\"><figure><img loading=\"lazy\" width=\"1024\" height=\"683\" src=\"http:\/\/tmlutherie.fr\/wp-content\/uploads\/2020\/03\/12-1024x683.jpg\" alt=\"\" data-id=\"405\" data-full-url=\"http:\/\/tmlutherie.fr\/wp-content\/uploads\/2020\/03\/12-scaled.jpg\" data-link=\"http:\/\/tmlutherie.fr\/?attachment_id=405\" class=\"wp-image-405\" srcset=\"https:\/\/tmlutherie.fr\/wp-content\/uploads\/2020\/03\/12-1024x683.jpg 1024w, https:\/\/tmlutherie.fr\/wp-content\/uploads\/2020\/03\/12-300x200.jpg 300w, https:\/\/tmlutherie.fr\/wp-content\/uploads\/2020\/03\/12-768x512.jpg 768w, https:\/\/tmlutherie.fr\/wp-content\/uploads\/2020\/03\/12-1536x1024.jpg 1536w, https:\/\/tmlutherie.fr\/wp-content\/uploads\/2020\/03\/12-2048x1365.jpg 2048w\" sizes=\"(max-width: 1024px) 100vw, 1024px\" \/><\/figure><\/li><\/ul><\/figure>\n\n\n\n<p><\/p>\n","protected":false},"excerpt":{"rendered":"<p>Premi\u00e8re r\u00e9alisation du mod\u00e8le Freyja en reprenant des codes de la Fender Stratocaster tels que le manche \u00e9rable ou le tremolo. Mais dans une configuration plus p\u00eachue avec les deux humbuckers. Cette guitare est vendue. Corps en aulne (finition bleue nuit, vernis satin\u00e9) Manche \u00e9rable (finition naturelle, vernis satin\u00e9) 22 frettes \/ Radius 12&#8243; \/ Diapason 647,7 mm Accastillage chrome et rep\u00e8res \/ liser\u00e9 \/ logo aluminiumSillet de t\u00eate en aluminium M\u00e9caniques Gotoh \u00e0 blocage Chevalet Tremolo GotohMicros&nbsp;SP Custom&nbsp;origin \u201962 en manche, origin \u201959 en chevaletElectronique : potentiom\u00e8tres CTS \/ toggle \/ jack tube Switchcraft \/ condensateur Blackbee oil paper .022 Strap-locks Dunlop SLS1401<\/p>\n","protected":false},"author":1,"featured_media":0,"parent":278,"menu_order":0,"comment_status":"closed","ping_status":"closed","template":"","meta":[],"uagb_featured_image_src":{"full":false,"thumbnail":false,"medium":false,"medium_large":false,"large":false,"1536x1536":false,"2048x2048":false,"ashe-slider-full-thumbnail":false,"ashe-full-thumbnail":false,"ashe-list-thumbnail":false,"ashe-grid-thumbnail":false,"ashe-single-navigation":false},"uagb_author_info":{"display_name":"admin8991","author_link":"https:\/\/tmlutherie.fr\/?author=1"},"uagb_comment_info":0,"uagb_excerpt":"Premi\u00e8re r\u00e9alisation du mod\u00e8le Freyja en reprenant des codes de la Fender Stratocaster tels que le manche \u00e9rable ou le tremolo. Mais dans une configuration plus p\u00eachue avec les deux humbuckers. Cette guitare est vendue. Corps en aulne (finition bleue nuit, vernis satin\u00e9) Manche \u00e9rable (finition naturelle, vernis satin\u00e9) 22 frettes \/ Radius 12&#8243; \/&hellip;","_links":{"self":[{"href":"https:\/\/tmlutherie.fr\/index.php?rest_route=\/wp\/v2\/pages\/306"}],"collection":[{"href":"https:\/\/tmlutherie.fr\/index.php?rest_route=\/wp\/v2\/pages"}],"about":[{"href":"https:\/\/tmlutherie.fr\/index.php?rest_route=\/wp\/v2\/types\/page"}],"author":[{"embeddable":true,"href":"https:\/\/tmlutherie.fr\/index.php?rest_route=\/wp\/v2\/users\/1"}],"replies":[{"embeddable":true,"href":"https:\/\/tmlutherie.fr\/index.php?rest_route=%2Fwp%2Fv2%2Fcomments&post=306"}],"version-history":[{"count":18,"href":"https:\/\/tmlutherie.fr\/index.php?rest_route=\/wp\/v2\/pages\/306\/revisions"}],"predecessor-version":[{"id":1354,"href":"https:\/\/tmlutherie.fr\/index.php?rest_route=\/wp\/v2\/pages\/306\/revisions\/1354"}],"up":[{"embeddable":true,"href":"https:\/\/tmlutherie.fr\/index.php?rest_route=\/wp\/v2\/pages\/278"}],"wp:attachment":[{"href":"https:\/\/tmlutherie.fr\/index.php?rest_route=%2Fwp%2Fv2%2Fmedia&parent=306"}],"curies":[{"name":"wp","href":"https:\/\/api.w.org\/{rel}","templated":true}]}}