{"id":23,"date":"2019-12-01T19:04:59","date_gmt":"2019-12-01T18:04:59","guid":{"rendered":"http:\/\/tmlutherie.fr\/?page_id=23"},"modified":"2025-03-06T22:25:06","modified_gmt":"2025-03-06T21:25:06","slug":"latelier","status":"publish","type":"page","link":"https:\/\/tmlutherie.fr\/?page_id=23","title":{"rendered":"L&#8217;atelier"},"content":{"rendered":"\n<p><\/p>\n\n\n\n<div class=\"wp-container-69f1d9324ed7e wp-block-buttons\">\n<div class=\"wp-block-button is-style-outline\"><a class=\"wp-block-button__link\" href=\"http:\/\/tmlutherie.fr\/?page_id=621\" target=\"_blank\" rel=\"noreferrer noopener\">Les tarifs<\/a><\/div>\n<\/div>\n\n\n\n<p><\/p>\n\n\n\n<p class=\"has-text-align-center\" style=\"font-size:17px\"><strong>Je vous accueille \u00e0 l&#8217;atelier <strong>sur rendez vous<\/strong><\/strong>, <strong>du mardi au vendredi, de 9h \u00e0 18h.<\/strong><\/p>\n\n\n\n<p class=\"has-text-align-left\">L&#8217;atelier se trouve \u00e0 <strong>20\/25 min<\/strong> de <strong>Saintes <\/strong>et <strong>Rochefort<\/strong>, \u00e0 <strong>40 min<\/strong> de <strong>Royan <\/strong>et \u00e0 <strong>45 min<\/strong> de <strong>La Rochelle<\/strong>. Vous le trouverez au 17 rue du soleil couchant, 17250 Geay.  <\/p>\n\n\n\n<div class=\"wp-block-media-text alignwide is-stacked-on-mobile\"><figure class=\"wp-block-media-text__media\"><video controls src=\"http:\/\/tmlutherie.fr\/wp-content\/uploads\/2021\/07\/Atelier-TM-Lutherie-V3.mp4\"><\/video><\/figure><div class=\"wp-block-media-text__content\">\n<p class=\"has-medium-font-size\">D\u00e9couvrez l'(ancien) atelier \u00e0 travers cette vid\u00e9o.<\/p>\n<\/div><\/div>\n\n\n\n<p><\/p>\n\n\n\n<div class=\"wp-container-69f1d9324efae wp-block-buttons\"><\/div>\n\n\n\n<p class=\"has-text-align-center\" style=\"font-size:35px\"><strong>R\u00e9parations<\/strong><\/p>\n\n\n\n<p><\/p>\n\n\n\n<p class=\"has-text-align-center\">Je vous propose des services de r\u00e9glage, d&#8217;entretien, de r\u00e9parations et de modifications adapt\u00e9s \u00e0 votre instrument. <\/p>\n\n\n\n<figure class=\"wp-block-gallery columns-3 is-cropped\"><ul class=\"blocks-gallery-grid\"><li class=\"blocks-gallery-item\"><figure><img loading=\"lazy\" width=\"1024\" height=\"1024\" src=\"http:\/\/tmlutherie.fr\/wp-content\/uploads\/2020\/06\/Montage-complet-1024x1024.jpg\" alt=\"\" data-id=\"652\" data-full-url=\"http:\/\/tmlutherie.fr\/wp-content\/uploads\/2020\/06\/Montage-complet-scaled.jpg\" data-link=\"http:\/\/tmlutherie.fr\/?attachment_id=652\" class=\"wp-image-652\" srcset=\"https:\/\/tmlutherie.fr\/wp-content\/uploads\/2020\/06\/Montage-complet-1024x1024.jpg 1024w, https:\/\/tmlutherie.fr\/wp-content\/uploads\/2020\/06\/Montage-complet-300x300.jpg 300w, https:\/\/tmlutherie.fr\/wp-content\/uploads\/2020\/06\/Montage-complet-150x150.jpg 150w, https:\/\/tmlutherie.fr\/wp-content\/uploads\/2020\/06\/Montage-complet-768x768.jpg 768w, https:\/\/tmlutherie.fr\/wp-content\/uploads\/2020\/06\/Montage-complet-1536x1536.jpg 1536w, https:\/\/tmlutherie.fr\/wp-content\/uploads\/2020\/06\/Montage-complet-2048x2048.jpg 2048w\" sizes=\"(max-width: 1024px) 100vw, 1024px\" \/><figcaption class=\"blocks-gallery-item__caption\">Remplacement du chevalet et fabrication d&#8217;un sillet de t\u00eate en os<\/figcaption><\/figure><\/li><li class=\"blocks-gallery-item\"><figure><img loading=\"lazy\" width=\"1024\" height=\"1024\" src=\"http:\/\/tmlutherie.fr\/wp-content\/uploads\/2020\/06\/Montage-v-1024x1024.jpg\" alt=\"\" data-id=\"656\" data-full-url=\"http:\/\/tmlutherie.fr\/wp-content\/uploads\/2020\/06\/Montage-v-scaled.jpg\" data-link=\"http:\/\/tmlutherie.fr\/?attachment_id=656\" class=\"wp-image-656\" srcset=\"https:\/\/tmlutherie.fr\/wp-content\/uploads\/2020\/06\/Montage-v-1024x1024.jpg 1024w, https:\/\/tmlutherie.fr\/wp-content\/uploads\/2020\/06\/Montage-v-300x300.jpg 300w, https:\/\/tmlutherie.fr\/wp-content\/uploads\/2020\/06\/Montage-v-150x150.jpg 150w, https:\/\/tmlutherie.fr\/wp-content\/uploads\/2020\/06\/Montage-v-768x768.jpg 768w, https:\/\/tmlutherie.fr\/wp-content\/uploads\/2020\/06\/Montage-v-1536x1536.jpg 1536w, https:\/\/tmlutherie.fr\/wp-content\/uploads\/2020\/06\/Montage-v-2048x2048.jpg 2048w\" sizes=\"(max-width: 1024px) 100vw, 1024px\" \/><figcaption class=\"blocks-gallery-item__caption\">Refrettage<\/figcaption><\/figure><\/li><li class=\"blocks-gallery-item\"><figure><img loading=\"lazy\" width=\"1024\" height=\"1024\" src=\"http:\/\/tmlutherie.fr\/wp-content\/uploads\/2020\/06\/Montageb-1024x1024.jpg\" alt=\"\" data-id=\"660\" data-full-url=\"http:\/\/tmlutherie.fr\/wp-content\/uploads\/2020\/06\/Montageb-scaled.jpg\" data-link=\"http:\/\/tmlutherie.fr\/?attachment_id=660\" class=\"wp-image-660\" srcset=\"https:\/\/tmlutherie.fr\/wp-content\/uploads\/2020\/06\/Montageb-1024x1024.jpg 1024w, https:\/\/tmlutherie.fr\/wp-content\/uploads\/2020\/06\/Montageb-300x300.jpg 300w, https:\/\/tmlutherie.fr\/wp-content\/uploads\/2020\/06\/Montageb-150x150.jpg 150w, https:\/\/tmlutherie.fr\/wp-content\/uploads\/2020\/06\/Montageb-768x768.jpg 768w, https:\/\/tmlutherie.fr\/wp-content\/uploads\/2020\/06\/Montageb-1536x1536.jpg 1536w, https:\/\/tmlutherie.fr\/wp-content\/uploads\/2020\/06\/Montageb-2048x2048.jpg 2048w\" sizes=\"(max-width: 1024px) 100vw, 1024px\" \/><figcaption class=\"blocks-gallery-item__caption\">Pose des rep\u00e8res de touche, frettage et fabrication d&#8217;un sillet de t\u00eate en os<\/figcaption><\/figure><\/li><li class=\"blocks-gallery-item\"><figure><img loading=\"lazy\" width=\"1024\" height=\"1024\" src=\"http:\/\/tmlutherie.fr\/wp-content\/uploads\/2020\/06\/Montage-1024x1024.jpg\" alt=\"\" data-id=\"658\" data-full-url=\"http:\/\/tmlutherie.fr\/wp-content\/uploads\/2020\/06\/Montage-scaled.jpg\" data-link=\"http:\/\/tmlutherie.fr\/?attachment_id=658\" class=\"wp-image-658\" srcset=\"https:\/\/tmlutherie.fr\/wp-content\/uploads\/2020\/06\/Montage-1024x1024.jpg 1024w, https:\/\/tmlutherie.fr\/wp-content\/uploads\/2020\/06\/Montage-300x300.jpg 300w, https:\/\/tmlutherie.fr\/wp-content\/uploads\/2020\/06\/Montage-150x150.jpg 150w, https:\/\/tmlutherie.fr\/wp-content\/uploads\/2020\/06\/Montage-768x768.jpg 768w, https:\/\/tmlutherie.fr\/wp-content\/uploads\/2020\/06\/Montage-1536x1536.jpg 1536w, https:\/\/tmlutherie.fr\/wp-content\/uploads\/2020\/06\/Montage-2048x2048.jpg 2048w\" sizes=\"(max-width: 1024px) 100vw, 1024px\" \/><figcaption class=\"blocks-gallery-item__caption\">Recollage du chevalet<\/figcaption><\/figure><\/li><li class=\"blocks-gallery-item\"><figure><img loading=\"lazy\" width=\"1024\" height=\"1024\" src=\"http:\/\/tmlutherie.fr\/wp-content\/uploads\/2020\/06\/Montageg-1024x1024.jpg\" alt=\"\" data-id=\"661\" data-full-url=\"http:\/\/tmlutherie.fr\/wp-content\/uploads\/2020\/06\/Montageg-scaled.jpg\" data-link=\"http:\/\/tmlutherie.fr\/?attachment_id=661\" class=\"wp-image-661\" srcset=\"https:\/\/tmlutherie.fr\/wp-content\/uploads\/2020\/06\/Montageg-1024x1024.jpg 1024w, https:\/\/tmlutherie.fr\/wp-content\/uploads\/2020\/06\/Montageg-300x300.jpg 300w, https:\/\/tmlutherie.fr\/wp-content\/uploads\/2020\/06\/Montageg-150x150.jpg 150w, https:\/\/tmlutherie.fr\/wp-content\/uploads\/2020\/06\/Montageg-768x768.jpg 768w, https:\/\/tmlutherie.fr\/wp-content\/uploads\/2020\/06\/Montageg-1536x1536.jpg 1536w, https:\/\/tmlutherie.fr\/wp-content\/uploads\/2020\/06\/Montageg-2048x2048.jpg 2048w\" sizes=\"(max-width: 1024px) 100vw, 1024px\" \/><figcaption class=\"blocks-gallery-item__caption\">Remise en \u00e9tat et nettoyage<\/figcaption><\/figure><\/li><li class=\"blocks-gallery-item\"><figure><img loading=\"lazy\" width=\"1024\" height=\"1024\" src=\"http:\/\/tmlutherie.fr\/wp-content\/uploads\/2020\/06\/Montages-1024x1024.jpg\" alt=\"\" data-id=\"662\" data-full-url=\"http:\/\/tmlutherie.fr\/wp-content\/uploads\/2020\/06\/Montages-scaled.jpg\" data-link=\"http:\/\/tmlutherie.fr\/?attachment_id=662\" class=\"wp-image-662\" srcset=\"https:\/\/tmlutherie.fr\/wp-content\/uploads\/2020\/06\/Montages-1024x1024.jpg 1024w, https:\/\/tmlutherie.fr\/wp-content\/uploads\/2020\/06\/Montages-300x300.jpg 300w, https:\/\/tmlutherie.fr\/wp-content\/uploads\/2020\/06\/Montages-150x150.jpg 150w, https:\/\/tmlutherie.fr\/wp-content\/uploads\/2020\/06\/Montages-768x768.jpg 768w, https:\/\/tmlutherie.fr\/wp-content\/uploads\/2020\/06\/Montages-1536x1536.jpg 1536w, https:\/\/tmlutherie.fr\/wp-content\/uploads\/2020\/06\/Montages-2048x2048.jpg 2048w\" sizes=\"(max-width: 1024px) 100vw, 1024px\" \/><figcaption class=\"blocks-gallery-item__caption\">Remplacement des rep\u00e8res de tranche, fabrication d&#8217;un sillet de t\u00eate en os et remplacement du micro chevalet<\/figcaption><\/figure><\/li><li class=\"blocks-gallery-item\"><figure><img loading=\"lazy\" width=\"1024\" height=\"1024\" src=\"http:\/\/tmlutherie.fr\/wp-content\/uploads\/2020\/06\/Montage-complet2-1024x1024.jpg\" alt=\"\" data-id=\"654\" data-full-url=\"http:\/\/tmlutherie.fr\/wp-content\/uploads\/2020\/06\/Montage-complet2-scaled.jpg\" data-link=\"http:\/\/tmlutherie.fr\/?attachment_id=654\" class=\"wp-image-654\" srcset=\"https:\/\/tmlutherie.fr\/wp-content\/uploads\/2020\/06\/Montage-complet2-1024x1024.jpg 1024w, https:\/\/tmlutherie.fr\/wp-content\/uploads\/2020\/06\/Montage-complet2-300x300.jpg 300w, https:\/\/tmlutherie.fr\/wp-content\/uploads\/2020\/06\/Montage-complet2-150x150.jpg 150w, https:\/\/tmlutherie.fr\/wp-content\/uploads\/2020\/06\/Montage-complet2-768x768.jpg 768w, https:\/\/tmlutherie.fr\/wp-content\/uploads\/2020\/06\/Montage-complet2-1536x1536.jpg 1536w, https:\/\/tmlutherie.fr\/wp-content\/uploads\/2020\/06\/Montage-complet2-2048x2048.jpg 2048w\" sizes=\"(max-width: 1024px) 100vw, 1024px\" \/><figcaption class=\"blocks-gallery-item__caption\">R\u00e9paration de table et d&#8217;\u00e9clisse suite \u00e0 un choc<\/figcaption><\/figure><\/li><li class=\"blocks-gallery-item\"><figure><img loading=\"lazy\" width=\"1024\" height=\"1024\" src=\"http:\/\/tmlutherie.fr\/wp-content\/uploads\/2020\/06\/Montage-Sandberg-1024x1024.jpg\" alt=\"\" data-id=\"655\" data-full-url=\"http:\/\/tmlutherie.fr\/wp-content\/uploads\/2020\/06\/Montage-Sandberg-scaled.jpg\" data-link=\"http:\/\/tmlutherie.fr\/?attachment_id=655\" class=\"wp-image-655\" srcset=\"https:\/\/tmlutherie.fr\/wp-content\/uploads\/2020\/06\/Montage-Sandberg-1024x1024.jpg 1024w, https:\/\/tmlutherie.fr\/wp-content\/uploads\/2020\/06\/Montage-Sandberg-300x300.jpg 300w, https:\/\/tmlutherie.fr\/wp-content\/uploads\/2020\/06\/Montage-Sandberg-150x150.jpg 150w, https:\/\/tmlutherie.fr\/wp-content\/uploads\/2020\/06\/Montage-Sandberg-768x768.jpg 768w, https:\/\/tmlutherie.fr\/wp-content\/uploads\/2020\/06\/Montage-Sandberg-1536x1536.jpg 1536w, https:\/\/tmlutherie.fr\/wp-content\/uploads\/2020\/06\/Montage-Sandberg-2048x2048.jpg 2048w\" sizes=\"(max-width: 1024px) 100vw, 1024px\" \/><figcaption class=\"blocks-gallery-item__caption\">Modification de la frette 0 en sillet de t\u00eate en os<\/figcaption><\/figure><\/li><\/ul><\/figure>\n","protected":false},"excerpt":{"rendered":"<p>Je vous accueille \u00e0 l&#8217;atelier sur rendez vous, du mardi au vendredi, de 9h \u00e0 18h. L&#8217;atelier se trouve \u00e0 20\/25 min de Saintes et Rochefort, \u00e0 40 min de Royan et \u00e0 45 min de La Rochelle. Vous le trouverez au 17 rue du soleil couchant, 17250 Geay. D\u00e9couvrez l'(ancien) atelier \u00e0 travers cette vid\u00e9o. R\u00e9parations Je vous propose des services de r\u00e9glage, d&#8217;entretien, de r\u00e9parations et de modifications adapt\u00e9s \u00e0 votre instrument.<\/p>\n","protected":false},"author":1,"featured_media":0,"parent":0,"menu_order":0,"comment_status":"closed","ping_status":"closed","template":"","meta":[],"uagb_featured_image_src":{"full":false,"thumbnail":false,"medium":false,"medium_large":false,"large":false,"1536x1536":false,"2048x2048":false,"ashe-slider-full-thumbnail":false,"ashe-full-thumbnail":false,"ashe-list-thumbnail":false,"ashe-grid-thumbnail":false,"ashe-single-navigation":false},"uagb_author_info":{"display_name":"admin8991","author_link":"https:\/\/tmlutherie.fr\/?author=1"},"uagb_comment_info":0,"uagb_excerpt":"Je vous accueille \u00e0 l&#8217;atelier sur rendez vous, du mardi au vendredi, de 9h \u00e0 18h. L&#8217;atelier se trouve \u00e0 20\/25 min de Saintes et Rochefort, \u00e0 40 min de Royan et \u00e0 45 min de La Rochelle. Vous le trouverez au 17 rue du soleil couchant, 17250 Geay. D\u00e9couvrez l'(ancien) atelier \u00e0 travers cette&hellip;","_links":{"self":[{"href":"https:\/\/tmlutherie.fr\/index.php?rest_route=\/wp\/v2\/pages\/23"}],"collection":[{"href":"https:\/\/tmlutherie.fr\/index.php?rest_route=\/wp\/v2\/pages"}],"about":[{"href":"https:\/\/tmlutherie.fr\/index.php?rest_route=\/wp\/v2\/types\/page"}],"author":[{"embeddable":true,"href":"https:\/\/tmlutherie.fr\/index.php?rest_route=\/wp\/v2\/users\/1"}],"replies":[{"embeddable":true,"href":"https:\/\/tmlutherie.fr\/index.php?rest_route=%2Fwp%2Fv2%2Fcomments&post=23"}],"version-history":[{"count":32,"href":"https:\/\/tmlutherie.fr\/index.php?rest_route=\/wp\/v2\/pages\/23\/revisions"}],"predecessor-version":[{"id":1584,"href":"https:\/\/tmlutherie.fr\/index.php?rest_route=\/wp\/v2\/pages\/23\/revisions\/1584"}],"wp:attachment":[{"href":"https:\/\/tmlutherie.fr\/index.php?rest_route=%2Fwp%2Fv2%2Fmedia&parent=23"}],"curies":[{"name":"wp","href":"https:\/\/api.w.org\/{rel}","templated":true}]}}