{"id":1535,"date":"2023-03-08T12:25:29","date_gmt":"2023-03-08T11:25:29","guid":{"rendered":"http:\/\/tmlutherie.fr\/?page_id=1535"},"modified":"2023-03-08T12:34:07","modified_gmt":"2023-03-08T11:34:07","slug":"freyja-winter","status":"publish","type":"page","link":"https:\/\/tmlutherie.fr\/?page_id=1535","title":{"rendered":"Freyja Winter"},"content":{"rendered":"\n<p>Ce ne sont pas 4, ni 6, ni m\u00eame 8&#8230; mais bien 12 cordes que vous voyez ici ! <br>Une demande sp\u00e9ciale de M. Quentin Winter qui a donn\u00e9 naissance \u00e0 cette Freyja 12 cordes. Je ne vais pas \u00e9piloguer sur cette guitare, le mieux reste d&#8217;aller la voir en concert ! <br>Retrouvez les coordonn\u00e9es de Quentin et du <a href=\"https:\/\/www.facebook.com\/winterbluesband?__cft__[0]=AZX_u6HOXcqqDcj1f9DoR1qL80khhHAGrCKxgWzhRii9AI8FfDu3n-RTqULC4i8hOzxAqY7fkVIWhLp0Yv69DJvYJruncAduvIHN7PljupTDja0mgwSIIP0EFAMf4alKU-XmlpHkBWjncV4aA73lR0z9&amp;__tn__=-]K-R\">Winter Blues Band<\/a> dans la section &#8220;Artistes&#8221; du site pour \u00eatre au courant des dates et voir cette cr\u00e9ation en action !<\/p>\n\n\n\n<div class=\"wp-block-image\"><figure class=\"aligncenter size-large is-resized\"><img loading=\"lazy\" src=\"http:\/\/tmlutherie.fr\/wp-content\/uploads\/2023\/03\/FREYJAQW111-1024x1024.jpg\" alt=\"\" class=\"wp-image-1536\" width=\"768\" height=\"768\" srcset=\"https:\/\/tmlutherie.fr\/wp-content\/uploads\/2023\/03\/FREYJAQW111-1024x1024.jpg 1024w, https:\/\/tmlutherie.fr\/wp-content\/uploads\/2023\/03\/FREYJAQW111-300x300.jpg 300w, https:\/\/tmlutherie.fr\/wp-content\/uploads\/2023\/03\/FREYJAQW111-150x150.jpg 150w, https:\/\/tmlutherie.fr\/wp-content\/uploads\/2023\/03\/FREYJAQW111-768x768.jpg 768w, https:\/\/tmlutherie.fr\/wp-content\/uploads\/2023\/03\/FREYJAQW111-1536x1536.jpg 1536w, https:\/\/tmlutherie.fr\/wp-content\/uploads\/2023\/03\/FREYJAQW111-2048x2048.jpg 2048w, https:\/\/tmlutherie.fr\/wp-content\/uploads\/2023\/03\/FREYJAQW111-1140x1140.jpg 1140w, https:\/\/tmlutherie.fr\/wp-content\/uploads\/2023\/03\/FREYJAQW111-75x75.jpg 75w\" sizes=\"(max-width: 768px) 100vw, 768px\" \/><\/figure><\/div>\n\n\n\n<p class=\"has-text-align-center\">Corps en black limba, huil\u00e9 Rubio oil plus 2c<br>Manche en noyer, huil\u00e9 Rubio<br>Touche en \u00e9b\u00e8ne<br>Plaquage de t\u00eate en \u00e9b\u00e8ne<br>Diapason 25,5&#8243; \/ 24 frettes inox \/ radius 12&#8243;<br>Rep\u00e8res en aluminium<br>Incrustation 12e case en nacre blanche<br>Sillet de t\u00eate en corne de buffle et frette 0<br>M\u00e9caniques GOTOH vintage \u00e0 blocage<br>Chevalet GOTOH<br>Micros SP Custom set HS90<br>Potentiom\u00e8tres CTS \/ s\u00e9lecteur toggle<br>jack SWITCHCRAFT \/ condo MALLORY MUSTARD .033<br>Straploks ERNIE BALL<\/p>\n\n\n\n<figure class=\"wp-block-gallery has-nested-images columns-2 is-cropped\">\n<figure class=\"wp-block-image size-large\"><img loading=\"lazy\" width=\"1024\" height=\"683\" data-id=\"1556\"  src=\"http:\/\/tmlutherie.fr\/wp-content\/uploads\/2023\/03\/FREYJAQW3-1-1024x683.jpg\" alt=\"\" class=\"wp-image-1556\" srcset=\"https:\/\/tmlutherie.fr\/wp-content\/uploads\/2023\/03\/FREYJAQW3-1-1024x683.jpg 1024w, https:\/\/tmlutherie.fr\/wp-content\/uploads\/2023\/03\/FREYJAQW3-1-300x200.jpg 300w, https:\/\/tmlutherie.fr\/wp-content\/uploads\/2023\/03\/FREYJAQW3-1-768x512.jpg 768w, https:\/\/tmlutherie.fr\/wp-content\/uploads\/2023\/03\/FREYJAQW3-1-1536x1024.jpg 1536w, https:\/\/tmlutherie.fr\/wp-content\/uploads\/2023\/03\/FREYJAQW3-1-2048x1365.jpg 2048w, https:\/\/tmlutherie.fr\/wp-content\/uploads\/2023\/03\/FREYJAQW3-1-1140x760.jpg 1140w\" sizes=\"(max-width: 1024px) 100vw, 1024px\" \/><\/figure>\n\n\n\n<figure class=\"wp-block-image size-large\"><img loading=\"lazy\" width=\"1024\" height=\"683\" data-id=\"1555\"  src=\"http:\/\/tmlutherie.fr\/wp-content\/uploads\/2023\/03\/FREYJAQW2-1-1024x683.jpg\" alt=\"\" class=\"wp-image-1555\" srcset=\"https:\/\/tmlutherie.fr\/wp-content\/uploads\/2023\/03\/FREYJAQW2-1-1024x683.jpg 1024w, https:\/\/tmlutherie.fr\/wp-content\/uploads\/2023\/03\/FREYJAQW2-1-300x200.jpg 300w, https:\/\/tmlutherie.fr\/wp-content\/uploads\/2023\/03\/FREYJAQW2-1-768x512.jpg 768w, https:\/\/tmlutherie.fr\/wp-content\/uploads\/2023\/03\/FREYJAQW2-1-1536x1024.jpg 1536w, https:\/\/tmlutherie.fr\/wp-content\/uploads\/2023\/03\/FREYJAQW2-1-2048x1365.jpg 2048w, https:\/\/tmlutherie.fr\/wp-content\/uploads\/2023\/03\/FREYJAQW2-1-1140x760.jpg 1140w\" sizes=\"(max-width: 1024px) 100vw, 1024px\" \/><\/figure>\n\n\n\n<figure class=\"wp-block-image size-large\"><img loading=\"lazy\" width=\"1024\" height=\"683\" data-id=\"1557\"  src=\"http:\/\/tmlutherie.fr\/wp-content\/uploads\/2023\/03\/FREYJAQW4-1-1024x683.jpg\" alt=\"\" class=\"wp-image-1557\" srcset=\"https:\/\/tmlutherie.fr\/wp-content\/uploads\/2023\/03\/FREYJAQW4-1-1024x683.jpg 1024w, https:\/\/tmlutherie.fr\/wp-content\/uploads\/2023\/03\/FREYJAQW4-1-300x200.jpg 300w, https:\/\/tmlutherie.fr\/wp-content\/uploads\/2023\/03\/FREYJAQW4-1-768x512.jpg 768w, https:\/\/tmlutherie.fr\/wp-content\/uploads\/2023\/03\/FREYJAQW4-1-1536x1024.jpg 1536w, https:\/\/tmlutherie.fr\/wp-content\/uploads\/2023\/03\/FREYJAQW4-1-2048x1365.jpg 2048w, https:\/\/tmlutherie.fr\/wp-content\/uploads\/2023\/03\/FREYJAQW4-1-1140x760.jpg 1140w\" sizes=\"(max-width: 1024px) 100vw, 1024px\" \/><\/figure>\n\n\n\n<figure class=\"wp-block-image size-large\"><img loading=\"lazy\" width=\"1024\" height=\"683\" data-id=\"1558\"  src=\"http:\/\/tmlutherie.fr\/wp-content\/uploads\/2023\/03\/FREYJAQW5-1-1024x683.jpg\" alt=\"\" class=\"wp-image-1558\" srcset=\"https:\/\/tmlutherie.fr\/wp-content\/uploads\/2023\/03\/FREYJAQW5-1-1024x683.jpg 1024w, https:\/\/tmlutherie.fr\/wp-content\/uploads\/2023\/03\/FREYJAQW5-1-300x200.jpg 300w, https:\/\/tmlutherie.fr\/wp-content\/uploads\/2023\/03\/FREYJAQW5-1-768x512.jpg 768w, https:\/\/tmlutherie.fr\/wp-content\/uploads\/2023\/03\/FREYJAQW5-1-1536x1024.jpg 1536w, https:\/\/tmlutherie.fr\/wp-content\/uploads\/2023\/03\/FREYJAQW5-1-2048x1365.jpg 2048w, https:\/\/tmlutherie.fr\/wp-content\/uploads\/2023\/03\/FREYJAQW5-1-1140x760.jpg 1140w\" sizes=\"(max-width: 1024px) 100vw, 1024px\" \/><\/figure>\n\n\n\n<figure class=\"wp-block-image size-large\"><img loading=\"lazy\" width=\"1024\" height=\"683\" data-id=\"1547\"  src=\"http:\/\/tmlutherie.fr\/wp-content\/uploads\/2023\/03\/FREYJAQW6-1024x683.jpg\" alt=\"\" class=\"wp-image-1547\" srcset=\"https:\/\/tmlutherie.fr\/wp-content\/uploads\/2023\/03\/FREYJAQW6-1024x683.jpg 1024w, https:\/\/tmlutherie.fr\/wp-content\/uploads\/2023\/03\/FREYJAQW6-300x200.jpg 300w, https:\/\/tmlutherie.fr\/wp-content\/uploads\/2023\/03\/FREYJAQW6-768x512.jpg 768w, https:\/\/tmlutherie.fr\/wp-content\/uploads\/2023\/03\/FREYJAQW6-1536x1024.jpg 1536w, https:\/\/tmlutherie.fr\/wp-content\/uploads\/2023\/03\/FREYJAQW6-2048x1365.jpg 2048w, https:\/\/tmlutherie.fr\/wp-content\/uploads\/2023\/03\/FREYJAQW6-1140x760.jpg 1140w\" sizes=\"(max-width: 1024px) 100vw, 1024px\" \/><\/figure>\n\n\n\n<figure class=\"wp-block-image size-large\"><img loading=\"lazy\" width=\"1024\" height=\"683\" data-id=\"1548\"  src=\"http:\/\/tmlutherie.fr\/wp-content\/uploads\/2023\/03\/FREYJAQW7-1024x683.jpg\" alt=\"\" class=\"wp-image-1548\" srcset=\"https:\/\/tmlutherie.fr\/wp-content\/uploads\/2023\/03\/FREYJAQW7-1024x683.jpg 1024w, https:\/\/tmlutherie.fr\/wp-content\/uploads\/2023\/03\/FREYJAQW7-300x200.jpg 300w, https:\/\/tmlutherie.fr\/wp-content\/uploads\/2023\/03\/FREYJAQW7-768x512.jpg 768w, https:\/\/tmlutherie.fr\/wp-content\/uploads\/2023\/03\/FREYJAQW7-1536x1024.jpg 1536w, https:\/\/tmlutherie.fr\/wp-content\/uploads\/2023\/03\/FREYJAQW7-2048x1365.jpg 2048w, https:\/\/tmlutherie.fr\/wp-content\/uploads\/2023\/03\/FREYJAQW7-1140x760.jpg 1140w\" sizes=\"(max-width: 1024px) 100vw, 1024px\" \/><\/figure>\n\n\n\n<figure class=\"wp-block-image size-large\"><img loading=\"lazy\" width=\"1024\" height=\"683\" data-id=\"1551\"  src=\"http:\/\/tmlutherie.fr\/wp-content\/uploads\/2023\/03\/FREYJAQW8-1024x683.jpg\" alt=\"\" class=\"wp-image-1551\" srcset=\"https:\/\/tmlutherie.fr\/wp-content\/uploads\/2023\/03\/FREYJAQW8-1024x683.jpg 1024w, https:\/\/tmlutherie.fr\/wp-content\/uploads\/2023\/03\/FREYJAQW8-300x200.jpg 300w, https:\/\/tmlutherie.fr\/wp-content\/uploads\/2023\/03\/FREYJAQW8-768x512.jpg 768w, https:\/\/tmlutherie.fr\/wp-content\/uploads\/2023\/03\/FREYJAQW8-1536x1024.jpg 1536w, https:\/\/tmlutherie.fr\/wp-content\/uploads\/2023\/03\/FREYJAQW8-2048x1365.jpg 2048w, https:\/\/tmlutherie.fr\/wp-content\/uploads\/2023\/03\/FREYJAQW8-1140x760.jpg 1140w\" sizes=\"(max-width: 1024px) 100vw, 1024px\" \/><\/figure>\n\n\n\n<figure class=\"wp-block-image size-large\"><img loading=\"lazy\" width=\"1024\" height=\"683\" data-id=\"1552\"  src=\"http:\/\/tmlutherie.fr\/wp-content\/uploads\/2023\/03\/FREYJAQW9-1024x683.jpg\" alt=\"\" class=\"wp-image-1552\" srcset=\"https:\/\/tmlutherie.fr\/wp-content\/uploads\/2023\/03\/FREYJAQW9-1024x683.jpg 1024w, https:\/\/tmlutherie.fr\/wp-content\/uploads\/2023\/03\/FREYJAQW9-300x200.jpg 300w, https:\/\/tmlutherie.fr\/wp-content\/uploads\/2023\/03\/FREYJAQW9-768x512.jpg 768w, https:\/\/tmlutherie.fr\/wp-content\/uploads\/2023\/03\/FREYJAQW9-1536x1024.jpg 1536w, https:\/\/tmlutherie.fr\/wp-content\/uploads\/2023\/03\/FREYJAQW9-2048x1365.jpg 2048w, https:\/\/tmlutherie.fr\/wp-content\/uploads\/2023\/03\/FREYJAQW9-1140x760.jpg 1140w\" sizes=\"(max-width: 1024px) 100vw, 1024px\" \/><\/figure>\n\n\n\n<figure class=\"wp-block-image size-large\"><img loading=\"lazy\" width=\"1024\" height=\"683\" data-id=\"1553\"  src=\"http:\/\/tmlutherie.fr\/wp-content\/uploads\/2023\/03\/FREYJAQW10-1024x683.jpg\" alt=\"\" class=\"wp-image-1553\" srcset=\"https:\/\/tmlutherie.fr\/wp-content\/uploads\/2023\/03\/FREYJAQW10-1024x683.jpg 1024w, https:\/\/tmlutherie.fr\/wp-content\/uploads\/2023\/03\/FREYJAQW10-300x200.jpg 300w, https:\/\/tmlutherie.fr\/wp-content\/uploads\/2023\/03\/FREYJAQW10-768x512.jpg 768w, https:\/\/tmlutherie.fr\/wp-content\/uploads\/2023\/03\/FREYJAQW10-1536x1024.jpg 1536w, https:\/\/tmlutherie.fr\/wp-content\/uploads\/2023\/03\/FREYJAQW10-2048x1365.jpg 2048w, https:\/\/tmlutherie.fr\/wp-content\/uploads\/2023\/03\/FREYJAQW10-1140x760.jpg 1140w\" sizes=\"(max-width: 1024px) 100vw, 1024px\" \/><\/figure>\n<\/figure>\n\n\n\n<div class=\"wp-container-69f1edb01c11a wp-block-buttons\">\n<div class=\"wp-block-button aligncenter is-style-outline\"><a class=\"wp-block-button__link\" href=\"http:\/\/tmlutherie.fr\/?page_id=19\" target=\"_blank\" rel=\"noreferrer noopener\">Plus d&#8217;infos par ici<\/a><\/div>\n<\/div>\n","protected":false},"excerpt":{"rendered":"<p>Ce ne sont pas 4, ni 6, ni m\u00eame 8&#8230; mais bien 12 cordes que vous voyez ici ! Une demande sp\u00e9ciale de M. Quentin Winter qui a donn\u00e9 naissance \u00e0 cette Freyja 12 cordes. Je ne vais pas \u00e9piloguer sur cette guitare, le mieux reste d&#8217;aller la voir en concert ! Retrouvez les coordonn\u00e9es de Quentin et du Winter Blues Band dans la section &#8220;Artistes&#8221; du site pour \u00eatre au courant des dates et voir cette cr\u00e9ation en action ! Corps en black limba, huil\u00e9 Rubio oil plus 2cManche en noyer, huil\u00e9 RubioTouche en \u00e9b\u00e8nePlaquage de t\u00eate en \u00e9b\u00e8neDiapason 25,5&#8243; \/ 24 frettes inox \/ radius 12&#8243;Rep\u00e8res en aluminiumIncrustation 12e case en nacre blancheSillet de t\u00eate en corne de buffle et frette 0M\u00e9caniques GOTOH vintage \u00e0 blocageChevalet GOTOHMicros SP Custom set HS90Potentiom\u00e8tres CTS \/ s\u00e9lecteur togglejack SWITCHCRAFT \/ condo MALLORY MUSTARD .033Straploks ERNIE BALL<\/p>\n","protected":false},"author":1,"featured_media":0,"parent":0,"menu_order":0,"comment_status":"closed","ping_status":"closed","template":"","meta":[],"uagb_featured_image_src":{"full":false,"thumbnail":false,"medium":false,"medium_large":false,"large":false,"1536x1536":false,"2048x2048":false,"ashe-slider-full-thumbnail":false,"ashe-full-thumbnail":false,"ashe-list-thumbnail":false,"ashe-grid-thumbnail":false,"ashe-single-navigation":false},"uagb_author_info":{"display_name":"admin8991","author_link":"https:\/\/tmlutherie.fr\/?author=1"},"uagb_comment_info":0,"uagb_excerpt":"Ce ne sont pas 4, ni 6, ni m\u00eame 8&#8230; mais bien 12 cordes que vous voyez ici ! Une demande sp\u00e9ciale de M. Quentin Winter qui a donn\u00e9 naissance \u00e0 cette Freyja 12 cordes. Je ne vais pas \u00e9piloguer sur cette guitare, le mieux reste d&#8217;aller la voir en concert ! Retrouvez les coordonn\u00e9es&hellip;","_links":{"self":[{"href":"https:\/\/tmlutherie.fr\/index.php?rest_route=\/wp\/v2\/pages\/1535"}],"collection":[{"href":"https:\/\/tmlutherie.fr\/index.php?rest_route=\/wp\/v2\/pages"}],"about":[{"href":"https:\/\/tmlutherie.fr\/index.php?rest_route=\/wp\/v2\/types\/page"}],"author":[{"embeddable":true,"href":"https:\/\/tmlutherie.fr\/index.php?rest_route=\/wp\/v2\/users\/1"}],"replies":[{"embeddable":true,"href":"https:\/\/tmlutherie.fr\/index.php?rest_route=%2Fwp%2Fv2%2Fcomments&post=1535"}],"version-history":[{"count":5,"href":"https:\/\/tmlutherie.fr\/index.php?rest_route=\/wp\/v2\/pages\/1535\/revisions"}],"predecessor-version":[{"id":1561,"href":"https:\/\/tmlutherie.fr\/index.php?rest_route=\/wp\/v2\/pages\/1535\/revisions\/1561"}],"wp:attachment":[{"href":"https:\/\/tmlutherie.fr\/index.php?rest_route=%2Fwp%2Fv2%2Fmedia&parent=1535"}],"curies":[{"name":"wp","href":"https:\/\/api.w.org\/{rel}","templated":true}]}}