{"id":1483,"date":"2023-03-08T11:46:16","date_gmt":"2023-03-08T10:46:16","guid":{"rendered":"http:\/\/tmlutherie.fr\/?page_id=1483"},"modified":"2023-03-08T11:54:43","modified_gmt":"2023-03-08T10:54:43","slug":"loki-rick-4005","status":"publish","type":"page","link":"https:\/\/tmlutherie.fr\/?page_id=1483","title":{"rendered":"Loki Rick 4005"},"content":{"rendered":"\n<p>La premi\u00e8re basse de 2023. Une silhouette connue pour cette Loki Rick 4005 !<\/p>\n\n\n\n<div class=\"wp-block-image\"><figure class=\"aligncenter size-large is-resized\"><img loading=\"lazy\" src=\"http:\/\/tmlutherie.fr\/wp-content\/uploads\/2023\/03\/LOKIRKG1-1024x683.jpg\" alt=\"\" class=\"wp-image-1486\" width=\"768\" height=\"512\" srcset=\"https:\/\/tmlutherie.fr\/wp-content\/uploads\/2023\/03\/LOKIRKG1-1024x683.jpg 1024w, https:\/\/tmlutherie.fr\/wp-content\/uploads\/2023\/03\/LOKIRKG1-300x200.jpg 300w, https:\/\/tmlutherie.fr\/wp-content\/uploads\/2023\/03\/LOKIRKG1-768x512.jpg 768w, https:\/\/tmlutherie.fr\/wp-content\/uploads\/2023\/03\/LOKIRKG1-1536x1024.jpg 1536w, https:\/\/tmlutherie.fr\/wp-content\/uploads\/2023\/03\/LOKIRKG1-2048x1365.jpg 2048w, https:\/\/tmlutherie.fr\/wp-content\/uploads\/2023\/03\/LOKIRKG1-1140x760.jpg 1140w\" sizes=\"(max-width: 768px) 100vw, 768px\" \/><\/figure><\/div>\n\n\n\n<p class=\"has-text-align-center\">Corps en \u00e9rable \u00e9vid\u00e9<br>Dos en \u00e9rable<br>Manche 5 plis en \u00e9rable et noyer, renforts carbone<br>Touche en palissandre<br>Fileterie parchemin et damier<br>20 frettes m\u00e9dium jumbo<br>M\u00e9caniques Sandberg Guitars<br>Sillet en corne de buffle<br>Incrustation salamandre et rep\u00e8res en nacre blanche<br>Chevalet et cordier Winfield vintage<br>Micros TV Jones Thunder&#8217;Tron<br>\u00c9lectronique : Potentiom\u00e8tres CTS, toggle, <br>jack Puretone, condensateurs oil paper<br>Teinte burst &#8220;amber&#8221;<br>Finition vernis satin\u00e9<\/p>\n\n\n\n<figure class=\"wp-block-gallery has-nested-images columns-2 is-cropped\">\n<figure class=\"wp-block-image size-large\"><img loading=\"lazy\" width=\"1024\" height=\"683\" data-id=\"1507\"  src=\"http:\/\/tmlutherie.fr\/wp-content\/uploads\/2023\/03\/LOKIRKG2-1-1024x683.jpg\" alt=\"\" class=\"wp-image-1507\" srcset=\"https:\/\/tmlutherie.fr\/wp-content\/uploads\/2023\/03\/LOKIRKG2-1-1024x683.jpg 1024w, https:\/\/tmlutherie.fr\/wp-content\/uploads\/2023\/03\/LOKIRKG2-1-300x200.jpg 300w, https:\/\/tmlutherie.fr\/wp-content\/uploads\/2023\/03\/LOKIRKG2-1-768x512.jpg 768w, https:\/\/tmlutherie.fr\/wp-content\/uploads\/2023\/03\/LOKIRKG2-1-1536x1024.jpg 1536w, https:\/\/tmlutherie.fr\/wp-content\/uploads\/2023\/03\/LOKIRKG2-1-2048x1365.jpg 2048w, https:\/\/tmlutherie.fr\/wp-content\/uploads\/2023\/03\/LOKIRKG2-1-1140x760.jpg 1140w\" sizes=\"(max-width: 1024px) 100vw, 1024px\" \/><\/figure>\n\n\n\n<figure class=\"wp-block-image size-large\"><img loading=\"lazy\" width=\"1024\" height=\"683\" data-id=\"1508\"  src=\"http:\/\/tmlutherie.fr\/wp-content\/uploads\/2023\/03\/LOKIRKG3-1-1024x683.jpg\" alt=\"\" class=\"wp-image-1508\" srcset=\"https:\/\/tmlutherie.fr\/wp-content\/uploads\/2023\/03\/LOKIRKG3-1-1024x683.jpg 1024w, https:\/\/tmlutherie.fr\/wp-content\/uploads\/2023\/03\/LOKIRKG3-1-300x200.jpg 300w, https:\/\/tmlutherie.fr\/wp-content\/uploads\/2023\/03\/LOKIRKG3-1-768x512.jpg 768w, https:\/\/tmlutherie.fr\/wp-content\/uploads\/2023\/03\/LOKIRKG3-1-1536x1024.jpg 1536w, https:\/\/tmlutherie.fr\/wp-content\/uploads\/2023\/03\/LOKIRKG3-1-2048x1365.jpg 2048w, https:\/\/tmlutherie.fr\/wp-content\/uploads\/2023\/03\/LOKIRKG3-1-1140x760.jpg 1140w\" sizes=\"(max-width: 1024px) 100vw, 1024px\" \/><\/figure>\n\n\n\n<figure class=\"wp-block-image size-large\"><img loading=\"lazy\" width=\"1024\" height=\"683\" data-id=\"1492\"  src=\"http:\/\/tmlutherie.fr\/wp-content\/uploads\/2023\/03\/LOKIRKG4-1024x683.jpg\" alt=\"\" class=\"wp-image-1492\" srcset=\"https:\/\/tmlutherie.fr\/wp-content\/uploads\/2023\/03\/LOKIRKG4-1024x683.jpg 1024w, https:\/\/tmlutherie.fr\/wp-content\/uploads\/2023\/03\/LOKIRKG4-300x200.jpg 300w, https:\/\/tmlutherie.fr\/wp-content\/uploads\/2023\/03\/LOKIRKG4-768x512.jpg 768w, https:\/\/tmlutherie.fr\/wp-content\/uploads\/2023\/03\/LOKIRKG4-1536x1024.jpg 1536w, https:\/\/tmlutherie.fr\/wp-content\/uploads\/2023\/03\/LOKIRKG4-2048x1365.jpg 2048w, https:\/\/tmlutherie.fr\/wp-content\/uploads\/2023\/03\/LOKIRKG4-1140x760.jpg 1140w\" sizes=\"(max-width: 1024px) 100vw, 1024px\" \/><\/figure>\n\n\n\n<figure class=\"wp-block-image size-large\"><img loading=\"lazy\" width=\"1024\" height=\"683\" data-id=\"1509\"  src=\"http:\/\/tmlutherie.fr\/wp-content\/uploads\/2023\/03\/LOKIRKG5-1-1024x683.jpg\" alt=\"\" class=\"wp-image-1509\" srcset=\"https:\/\/tmlutherie.fr\/wp-content\/uploads\/2023\/03\/LOKIRKG5-1-1024x683.jpg 1024w, https:\/\/tmlutherie.fr\/wp-content\/uploads\/2023\/03\/LOKIRKG5-1-300x200.jpg 300w, https:\/\/tmlutherie.fr\/wp-content\/uploads\/2023\/03\/LOKIRKG5-1-768x512.jpg 768w, https:\/\/tmlutherie.fr\/wp-content\/uploads\/2023\/03\/LOKIRKG5-1-1536x1024.jpg 1536w, https:\/\/tmlutherie.fr\/wp-content\/uploads\/2023\/03\/LOKIRKG5-1-2048x1365.jpg 2048w, https:\/\/tmlutherie.fr\/wp-content\/uploads\/2023\/03\/LOKIRKG5-1-1140x760.jpg 1140w\" sizes=\"(max-width: 1024px) 100vw, 1024px\" \/><\/figure>\n\n\n\n<figure class=\"wp-block-image size-large\"><img loading=\"lazy\" width=\"1024\" height=\"683\" data-id=\"1511\"  src=\"http:\/\/tmlutherie.fr\/wp-content\/uploads\/2023\/03\/LOKIRKG6-1-1024x683.jpg\" alt=\"\" class=\"wp-image-1511\" srcset=\"https:\/\/tmlutherie.fr\/wp-content\/uploads\/2023\/03\/LOKIRKG6-1-1024x683.jpg 1024w, https:\/\/tmlutherie.fr\/wp-content\/uploads\/2023\/03\/LOKIRKG6-1-300x200.jpg 300w, https:\/\/tmlutherie.fr\/wp-content\/uploads\/2023\/03\/LOKIRKG6-1-768x512.jpg 768w, https:\/\/tmlutherie.fr\/wp-content\/uploads\/2023\/03\/LOKIRKG6-1-1536x1024.jpg 1536w, https:\/\/tmlutherie.fr\/wp-content\/uploads\/2023\/03\/LOKIRKG6-1-2048x1365.jpg 2048w, https:\/\/tmlutherie.fr\/wp-content\/uploads\/2023\/03\/LOKIRKG6-1-1140x760.jpg 1140w\" sizes=\"(max-width: 1024px) 100vw, 1024px\" \/><\/figure>\n\n\n\n<figure class=\"wp-block-image size-large\"><img loading=\"lazy\" width=\"1024\" height=\"683\" data-id=\"1494\"  src=\"http:\/\/tmlutherie.fr\/wp-content\/uploads\/2023\/03\/LOKIRKG7-1024x683.jpg\" alt=\"\" class=\"wp-image-1494\" srcset=\"https:\/\/tmlutherie.fr\/wp-content\/uploads\/2023\/03\/LOKIRKG7-1024x683.jpg 1024w, https:\/\/tmlutherie.fr\/wp-content\/uploads\/2023\/03\/LOKIRKG7-300x200.jpg 300w, https:\/\/tmlutherie.fr\/wp-content\/uploads\/2023\/03\/LOKIRKG7-768x512.jpg 768w, https:\/\/tmlutherie.fr\/wp-content\/uploads\/2023\/03\/LOKIRKG7-1536x1024.jpg 1536w, https:\/\/tmlutherie.fr\/wp-content\/uploads\/2023\/03\/LOKIRKG7-2048x1365.jpg 2048w, https:\/\/tmlutherie.fr\/wp-content\/uploads\/2023\/03\/LOKIRKG7-1140x760.jpg 1140w\" sizes=\"(max-width: 1024px) 100vw, 1024px\" \/><\/figure>\n\n\n\n<figure class=\"wp-block-image size-large\"><img loading=\"lazy\" width=\"1024\" height=\"683\" data-id=\"1496\"  src=\"http:\/\/tmlutherie.fr\/wp-content\/uploads\/2023\/03\/LOKIRKG8-1024x683.jpg\" alt=\"\" class=\"wp-image-1496\" srcset=\"https:\/\/tmlutherie.fr\/wp-content\/uploads\/2023\/03\/LOKIRKG8-1024x683.jpg 1024w, https:\/\/tmlutherie.fr\/wp-content\/uploads\/2023\/03\/LOKIRKG8-300x200.jpg 300w, https:\/\/tmlutherie.fr\/wp-content\/uploads\/2023\/03\/LOKIRKG8-768x512.jpg 768w, https:\/\/tmlutherie.fr\/wp-content\/uploads\/2023\/03\/LOKIRKG8-1536x1024.jpg 1536w, https:\/\/tmlutherie.fr\/wp-content\/uploads\/2023\/03\/LOKIRKG8-2048x1365.jpg 2048w, https:\/\/tmlutherie.fr\/wp-content\/uploads\/2023\/03\/LOKIRKG8-1140x760.jpg 1140w\" sizes=\"(max-width: 1024px) 100vw, 1024px\" \/><\/figure>\n\n\n\n<figure class=\"wp-block-image size-large\"><img loading=\"lazy\" width=\"1024\" height=\"683\" data-id=\"1495\"  src=\"http:\/\/tmlutherie.fr\/wp-content\/uploads\/2023\/03\/LOKIRKG9-1024x683.jpg\" alt=\"\" class=\"wp-image-1495\" srcset=\"https:\/\/tmlutherie.fr\/wp-content\/uploads\/2023\/03\/LOKIRKG9-1024x683.jpg 1024w, https:\/\/tmlutherie.fr\/wp-content\/uploads\/2023\/03\/LOKIRKG9-300x200.jpg 300w, https:\/\/tmlutherie.fr\/wp-content\/uploads\/2023\/03\/LOKIRKG9-768x512.jpg 768w, https:\/\/tmlutherie.fr\/wp-content\/uploads\/2023\/03\/LOKIRKG9-1536x1024.jpg 1536w, https:\/\/tmlutherie.fr\/wp-content\/uploads\/2023\/03\/LOKIRKG9-2048x1365.jpg 2048w, https:\/\/tmlutherie.fr\/wp-content\/uploads\/2023\/03\/LOKIRKG9-1140x760.jpg 1140w\" sizes=\"(max-width: 1024px) 100vw, 1024px\" \/><\/figure>\n\n\n\n<figure class=\"wp-block-image size-large\"><img loading=\"lazy\" width=\"1024\" height=\"683\" data-id=\"1499\"  src=\"http:\/\/tmlutherie.fr\/wp-content\/uploads\/2023\/03\/LOKIRKG10-1024x683.jpg\" alt=\"\" class=\"wp-image-1499\" srcset=\"https:\/\/tmlutherie.fr\/wp-content\/uploads\/2023\/03\/LOKIRKG10-1024x683.jpg 1024w, https:\/\/tmlutherie.fr\/wp-content\/uploads\/2023\/03\/LOKIRKG10-300x200.jpg 300w, https:\/\/tmlutherie.fr\/wp-content\/uploads\/2023\/03\/LOKIRKG10-768x512.jpg 768w, https:\/\/tmlutherie.fr\/wp-content\/uploads\/2023\/03\/LOKIRKG10-1536x1024.jpg 1536w, https:\/\/tmlutherie.fr\/wp-content\/uploads\/2023\/03\/LOKIRKG10-2048x1365.jpg 2048w, https:\/\/tmlutherie.fr\/wp-content\/uploads\/2023\/03\/LOKIRKG10-1140x760.jpg 1140w\" sizes=\"(max-width: 1024px) 100vw, 1024px\" \/><\/figure>\n\n\n\n<figure class=\"wp-block-image size-large\"><img loading=\"lazy\" width=\"1024\" height=\"683\" data-id=\"1497\"  src=\"http:\/\/tmlutherie.fr\/wp-content\/uploads\/2023\/03\/LOKIRKG11-1024x683.jpg\" alt=\"\" class=\"wp-image-1497\" srcset=\"https:\/\/tmlutherie.fr\/wp-content\/uploads\/2023\/03\/LOKIRKG11-1024x683.jpg 1024w, https:\/\/tmlutherie.fr\/wp-content\/uploads\/2023\/03\/LOKIRKG11-300x200.jpg 300w, https:\/\/tmlutherie.fr\/wp-content\/uploads\/2023\/03\/LOKIRKG11-768x512.jpg 768w, https:\/\/tmlutherie.fr\/wp-content\/uploads\/2023\/03\/LOKIRKG11-1536x1024.jpg 1536w, https:\/\/tmlutherie.fr\/wp-content\/uploads\/2023\/03\/LOKIRKG11-2048x1365.jpg 2048w, https:\/\/tmlutherie.fr\/wp-content\/uploads\/2023\/03\/LOKIRKG11-1140x760.jpg 1140w\" sizes=\"(max-width: 1024px) 100vw, 1024px\" \/><\/figure>\n<\/figure>\n","protected":false},"excerpt":{"rendered":"<p>La premi\u00e8re basse de 2023. Une silhouette connue pour cette Loki Rick 4005 ! Corps en \u00e9rable \u00e9vid\u00e9Dos en \u00e9rableManche 5 plis en \u00e9rable et noyer, renforts carboneTouche en palissandreFileterie parchemin et damier20 frettes m\u00e9dium jumboM\u00e9caniques Sandberg GuitarsSillet en corne de buffleIncrustation salamandre et rep\u00e8res en nacre blancheChevalet et cordier Winfield vintageMicros TV Jones Thunder&#8217;Tron\u00c9lectronique : Potentiom\u00e8tres CTS, toggle, jack Puretone, condensateurs oil paperTeinte burst &#8220;amber&#8221;Finition vernis satin\u00e9<\/p>\n","protected":false},"author":1,"featured_media":0,"parent":1473,"menu_order":0,"comment_status":"closed","ping_status":"closed","template":"","meta":[],"uagb_featured_image_src":{"full":false,"thumbnail":false,"medium":false,"medium_large":false,"large":false,"1536x1536":false,"2048x2048":false,"ashe-slider-full-thumbnail":false,"ashe-full-thumbnail":false,"ashe-list-thumbnail":false,"ashe-grid-thumbnail":false,"ashe-single-navigation":false},"uagb_author_info":{"display_name":"admin8991","author_link":"https:\/\/tmlutherie.fr\/?author=1"},"uagb_comment_info":0,"uagb_excerpt":"La premi\u00e8re basse de 2023. Une silhouette connue pour cette Loki Rick 4005 ! Corps en \u00e9rable \u00e9vid\u00e9Dos en \u00e9rableManche 5 plis en \u00e9rable et noyer, renforts carboneTouche en palissandreFileterie parchemin et damier20 frettes m\u00e9dium jumboM\u00e9caniques Sandberg GuitarsSillet en corne de buffleIncrustation salamandre et rep\u00e8res en nacre blancheChevalet et cordier Winfield vintageMicros TV Jones Thunder&#8217;Tron\u00c9lectronique&hellip;","_links":{"self":[{"href":"https:\/\/tmlutherie.fr\/index.php?rest_route=\/wp\/v2\/pages\/1483"}],"collection":[{"href":"https:\/\/tmlutherie.fr\/index.php?rest_route=\/wp\/v2\/pages"}],"about":[{"href":"https:\/\/tmlutherie.fr\/index.php?rest_route=\/wp\/v2\/types\/page"}],"author":[{"embeddable":true,"href":"https:\/\/tmlutherie.fr\/index.php?rest_route=\/wp\/v2\/users\/1"}],"replies":[{"embeddable":true,"href":"https:\/\/tmlutherie.fr\/index.php?rest_route=%2Fwp%2Fv2%2Fcomments&post=1483"}],"version-history":[{"count":4,"href":"https:\/\/tmlutherie.fr\/index.php?rest_route=\/wp\/v2\/pages\/1483\/revisions"}],"predecessor-version":[{"id":1512,"href":"https:\/\/tmlutherie.fr\/index.php?rest_route=\/wp\/v2\/pages\/1483\/revisions\/1512"}],"up":[{"embeddable":true,"href":"https:\/\/tmlutherie.fr\/index.php?rest_route=\/wp\/v2\/pages\/1473"}],"wp:attachment":[{"href":"https:\/\/tmlutherie.fr\/index.php?rest_route=%2Fwp%2Fv2%2Fmedia&parent=1483"}],"curies":[{"name":"wp","href":"https:\/\/api.w.org\/{rel}","templated":true}]}}