{"id":1359,"date":"2023-01-23T18:14:17","date_gmt":"2023-01-23T17:14:17","guid":{"rendered":"http:\/\/tmlutherie.fr\/?page_id=1359"},"modified":"2023-01-23T18:59:23","modified_gmt":"2023-01-23T17:59:23","slug":"magni-myrkur-5","status":"publish","type":"page","link":"https:\/\/tmlutherie.fr\/?page_id=1359","title":{"rendered":"Magni Myrkur 5"},"content":{"rendered":"\n<p class=\"has-text-align-center\">Une belle table en marronnier ond\u00e9 qui se marie \u00e0 merveille avec l&#8217;esth\u00e9tique globale de cette MAGNI, en version 5 cordes.<\/p>\n\n\n\n<p class=\"has-medium-font-size\">Cet instrument est \u00e0 vendre 2800\u20ac en \u00e9tui ABS rigide.<\/p>\n\n\n\n<div class=\"wp-block-image\"><figure class=\"aligncenter size-large is-resized\"><img loading=\"lazy\" src=\"http:\/\/tmlutherie.fr\/wp-content\/uploads\/2023\/01\/MM5C1-1024x683.jpg\" alt=\"\" class=\"wp-image-1360\" width=\"768\" height=\"512\" srcset=\"https:\/\/tmlutherie.fr\/wp-content\/uploads\/2023\/01\/MM5C1-1024x683.jpg 1024w, https:\/\/tmlutherie.fr\/wp-content\/uploads\/2023\/01\/MM5C1-300x200.jpg 300w, https:\/\/tmlutherie.fr\/wp-content\/uploads\/2023\/01\/MM5C1-768x512.jpg 768w, https:\/\/tmlutherie.fr\/wp-content\/uploads\/2023\/01\/MM5C1-1536x1024.jpg 1536w, https:\/\/tmlutherie.fr\/wp-content\/uploads\/2023\/01\/MM5C1-2048x1365.jpg 2048w, https:\/\/tmlutherie.fr\/wp-content\/uploads\/2023\/01\/MM5C1-1140x760.jpg 1140w\" sizes=\"(max-width: 768px) 100vw, 768px\" \/><\/figure><\/div>\n\n\n\n<p class=\"has-text-align-center\">Table en marronnier ond\u00e9 teint\u00e9<br>Corps en noyer (finition vernis brillant)<br>Manche en \u00e9rable teint\u00e9<br>Renforts en carbone<br>Touche en \u00e9b\u00e8ne<br>22 frettes m\u00e9dium jumbo<br>M\u00e9caniques Hipshot ultralite<br>Sillet en corne de buffle<br>Chevalet Schaller 3D<br>Micros Crel DB52<br>\u00c9lectronique : Potentiom\u00e8tres CTS, balance BOURNS, jack Switchcraft<br>Straploks Dunlop Flushmount<br>Livr\u00e9e en \u00e9tui Gator ABS<\/p>\n\n\n\n<figure class=\"wp-block-gallery has-nested-images columns-default is-cropped\">\n<figure class=\"wp-block-image size-large\"><img loading=\"lazy\" width=\"1024\" height=\"683\" data-id=\"1374\"  src=\"http:\/\/tmlutherie.fr\/wp-content\/uploads\/2023\/01\/MM5C2-1-1024x683.jpg\" alt=\"\" class=\"wp-image-1374\" srcset=\"https:\/\/tmlutherie.fr\/wp-content\/uploads\/2023\/01\/MM5C2-1-1024x683.jpg 1024w, https:\/\/tmlutherie.fr\/wp-content\/uploads\/2023\/01\/MM5C2-1-300x200.jpg 300w, https:\/\/tmlutherie.fr\/wp-content\/uploads\/2023\/01\/MM5C2-1-768x512.jpg 768w, https:\/\/tmlutherie.fr\/wp-content\/uploads\/2023\/01\/MM5C2-1-1536x1024.jpg 1536w, https:\/\/tmlutherie.fr\/wp-content\/uploads\/2023\/01\/MM5C2-1-2048x1365.jpg 2048w, https:\/\/tmlutherie.fr\/wp-content\/uploads\/2023\/01\/MM5C2-1-1140x760.jpg 1140w\" sizes=\"(max-width: 1024px) 100vw, 1024px\" \/><\/figure>\n\n\n\n<figure class=\"wp-block-image size-large\"><img loading=\"lazy\" width=\"1024\" height=\"683\" data-id=\"1384\"  src=\"http:\/\/tmlutherie.fr\/wp-content\/uploads\/2023\/01\/MM5C3-2-1024x683.jpg\" alt=\"\" class=\"wp-image-1384\" srcset=\"https:\/\/tmlutherie.fr\/wp-content\/uploads\/2023\/01\/MM5C3-2-1024x683.jpg 1024w, https:\/\/tmlutherie.fr\/wp-content\/uploads\/2023\/01\/MM5C3-2-300x200.jpg 300w, https:\/\/tmlutherie.fr\/wp-content\/uploads\/2023\/01\/MM5C3-2-768x512.jpg 768w, https:\/\/tmlutherie.fr\/wp-content\/uploads\/2023\/01\/MM5C3-2-1536x1024.jpg 1536w, https:\/\/tmlutherie.fr\/wp-content\/uploads\/2023\/01\/MM5C3-2-2048x1365.jpg 2048w, https:\/\/tmlutherie.fr\/wp-content\/uploads\/2023\/01\/MM5C3-2-1140x760.jpg 1140w\" sizes=\"(max-width: 1024px) 100vw, 1024px\" \/><\/figure>\n\n\n\n<figure class=\"wp-block-image size-large\"><img loading=\"lazy\" width=\"1024\" height=\"683\" data-id=\"1385\"  src=\"http:\/\/tmlutherie.fr\/wp-content\/uploads\/2023\/01\/MM5C4-2-1024x683.jpg\" alt=\"\" class=\"wp-image-1385\" srcset=\"https:\/\/tmlutherie.fr\/wp-content\/uploads\/2023\/01\/MM5C4-2-1024x683.jpg 1024w, https:\/\/tmlutherie.fr\/wp-content\/uploads\/2023\/01\/MM5C4-2-300x200.jpg 300w, https:\/\/tmlutherie.fr\/wp-content\/uploads\/2023\/01\/MM5C4-2-768x512.jpg 768w, https:\/\/tmlutherie.fr\/wp-content\/uploads\/2023\/01\/MM5C4-2-1536x1024.jpg 1536w, https:\/\/tmlutherie.fr\/wp-content\/uploads\/2023\/01\/MM5C4-2-2048x1365.jpg 2048w, https:\/\/tmlutherie.fr\/wp-content\/uploads\/2023\/01\/MM5C4-2-1140x760.jpg 1140w\" sizes=\"(max-width: 1024px) 100vw, 1024px\" \/><\/figure>\n\n\n\n<figure class=\"wp-block-image size-large\"><img loading=\"lazy\" width=\"1024\" height=\"683\" data-id=\"1375\"  src=\"http:\/\/tmlutherie.fr\/wp-content\/uploads\/2023\/01\/MM5C5-1-1024x683.jpg\" alt=\"\" class=\"wp-image-1375\" srcset=\"https:\/\/tmlutherie.fr\/wp-content\/uploads\/2023\/01\/MM5C5-1-1024x683.jpg 1024w, https:\/\/tmlutherie.fr\/wp-content\/uploads\/2023\/01\/MM5C5-1-300x200.jpg 300w, https:\/\/tmlutherie.fr\/wp-content\/uploads\/2023\/01\/MM5C5-1-768x512.jpg 768w, https:\/\/tmlutherie.fr\/wp-content\/uploads\/2023\/01\/MM5C5-1-1536x1024.jpg 1536w, https:\/\/tmlutherie.fr\/wp-content\/uploads\/2023\/01\/MM5C5-1-2048x1365.jpg 2048w, https:\/\/tmlutherie.fr\/wp-content\/uploads\/2023\/01\/MM5C5-1-1140x760.jpg 1140w\" sizes=\"(max-width: 1024px) 100vw, 1024px\" \/><\/figure>\n\n\n\n<figure class=\"wp-block-image size-large\"><img loading=\"lazy\" width=\"1024\" height=\"683\" data-id=\"1376\"  src=\"http:\/\/tmlutherie.fr\/wp-content\/uploads\/2023\/01\/MM5C6-1-1024x683.jpg\" alt=\"\" class=\"wp-image-1376\" srcset=\"https:\/\/tmlutherie.fr\/wp-content\/uploads\/2023\/01\/MM5C6-1-1024x683.jpg 1024w, https:\/\/tmlutherie.fr\/wp-content\/uploads\/2023\/01\/MM5C6-1-300x200.jpg 300w, https:\/\/tmlutherie.fr\/wp-content\/uploads\/2023\/01\/MM5C6-1-768x512.jpg 768w, https:\/\/tmlutherie.fr\/wp-content\/uploads\/2023\/01\/MM5C6-1-1536x1024.jpg 1536w, https:\/\/tmlutherie.fr\/wp-content\/uploads\/2023\/01\/MM5C6-1-2048x1365.jpg 2048w, https:\/\/tmlutherie.fr\/wp-content\/uploads\/2023\/01\/MM5C6-1-1140x760.jpg 1140w\" sizes=\"(max-width: 1024px) 100vw, 1024px\" \/><\/figure>\n\n\n\n<figure class=\"wp-block-image size-large\"><img loading=\"lazy\" width=\"1024\" height=\"683\" data-id=\"1378\"  src=\"http:\/\/tmlutherie.fr\/wp-content\/uploads\/2023\/01\/MM5C7-1-1024x683.jpg\" alt=\"\" class=\"wp-image-1378\" srcset=\"https:\/\/tmlutherie.fr\/wp-content\/uploads\/2023\/01\/MM5C7-1-1024x683.jpg 1024w, https:\/\/tmlutherie.fr\/wp-content\/uploads\/2023\/01\/MM5C7-1-300x200.jpg 300w, https:\/\/tmlutherie.fr\/wp-content\/uploads\/2023\/01\/MM5C7-1-768x512.jpg 768w, https:\/\/tmlutherie.fr\/wp-content\/uploads\/2023\/01\/MM5C7-1-1536x1024.jpg 1536w, https:\/\/tmlutherie.fr\/wp-content\/uploads\/2023\/01\/MM5C7-1-2048x1365.jpg 2048w, https:\/\/tmlutherie.fr\/wp-content\/uploads\/2023\/01\/MM5C7-1-1140x760.jpg 1140w\" sizes=\"(max-width: 1024px) 100vw, 1024px\" \/><\/figure>\n\n\n\n<figure class=\"wp-block-image size-large\"><img loading=\"lazy\" width=\"1024\" height=\"683\" data-id=\"1386\"  src=\"http:\/\/tmlutherie.fr\/wp-content\/uploads\/2023\/01\/MM5C8-3-1024x683.jpg\" alt=\"\" class=\"wp-image-1386\" srcset=\"https:\/\/tmlutherie.fr\/wp-content\/uploads\/2023\/01\/MM5C8-3-1024x683.jpg 1024w, https:\/\/tmlutherie.fr\/wp-content\/uploads\/2023\/01\/MM5C8-3-300x200.jpg 300w, https:\/\/tmlutherie.fr\/wp-content\/uploads\/2023\/01\/MM5C8-3-768x512.jpg 768w, https:\/\/tmlutherie.fr\/wp-content\/uploads\/2023\/01\/MM5C8-3-1536x1024.jpg 1536w, https:\/\/tmlutherie.fr\/wp-content\/uploads\/2023\/01\/MM5C8-3-2048x1365.jpg 2048w, https:\/\/tmlutherie.fr\/wp-content\/uploads\/2023\/01\/MM5C8-3-1140x760.jpg 1140w\" sizes=\"(max-width: 1024px) 100vw, 1024px\" \/><\/figure>\n\n\n\n<figure class=\"wp-block-image size-large\"><img loading=\"lazy\" width=\"1024\" height=\"1024\" data-id=\"1382\"  src=\"http:\/\/tmlutherie.fr\/wp-content\/uploads\/2023\/01\/MM5C9-1-1024x1024.jpg\" alt=\"\" class=\"wp-image-1382\" srcset=\"https:\/\/tmlutherie.fr\/wp-content\/uploads\/2023\/01\/MM5C9-1-1024x1024.jpg 1024w, https:\/\/tmlutherie.fr\/wp-content\/uploads\/2023\/01\/MM5C9-1-300x300.jpg 300w, https:\/\/tmlutherie.fr\/wp-content\/uploads\/2023\/01\/MM5C9-1-150x150.jpg 150w, https:\/\/tmlutherie.fr\/wp-content\/uploads\/2023\/01\/MM5C9-1-768x768.jpg 768w, https:\/\/tmlutherie.fr\/wp-content\/uploads\/2023\/01\/MM5C9-1-1536x1536.jpg 1536w, https:\/\/tmlutherie.fr\/wp-content\/uploads\/2023\/01\/MM5C9-1-2048x2048.jpg 2048w, https:\/\/tmlutherie.fr\/wp-content\/uploads\/2023\/01\/MM5C9-1-1140x1140.jpg 1140w, https:\/\/tmlutherie.fr\/wp-content\/uploads\/2023\/01\/MM5C9-1-75x75.jpg 75w\" sizes=\"(max-width: 1024px) 100vw, 1024px\" \/><\/figure>\n<\/figure>\n","protected":false},"excerpt":{"rendered":"<p>Une belle table en marronnier ond\u00e9 qui se marie \u00e0 merveille avec l&#8217;esth\u00e9tique globale de cette MAGNI, en version 5 cordes. Cet instrument est \u00e0 vendre 2800\u20ac en \u00e9tui ABS rigide. Table en marronnier ond\u00e9 teint\u00e9Corps en noyer (finition vernis brillant)Manche en \u00e9rable teint\u00e9Renforts en carboneTouche en \u00e9b\u00e8ne22 frettes m\u00e9dium jumboM\u00e9caniques Hipshot ultraliteSillet en corne de buffleChevalet Schaller 3DMicros Crel DB52\u00c9lectronique : Potentiom\u00e8tres CTS, balance BOURNS, jack SwitchcraftStraploks Dunlop FlushmountLivr\u00e9e en \u00e9tui Gator ABS<\/p>\n","protected":false},"author":1,"featured_media":0,"parent":994,"menu_order":0,"comment_status":"closed","ping_status":"closed","template":"","meta":[],"uagb_featured_image_src":{"full":false,"thumbnail":false,"medium":false,"medium_large":false,"large":false,"1536x1536":false,"2048x2048":false,"ashe-slider-full-thumbnail":false,"ashe-full-thumbnail":false,"ashe-list-thumbnail":false,"ashe-grid-thumbnail":false,"ashe-single-navigation":false},"uagb_author_info":{"display_name":"admin8991","author_link":"https:\/\/tmlutherie.fr\/?author=1"},"uagb_comment_info":0,"uagb_excerpt":"Une belle table en marronnier ond\u00e9 qui se marie \u00e0 merveille avec l&#8217;esth\u00e9tique globale de cette MAGNI, en version 5 cordes. Cet instrument est \u00e0 vendre 2800\u20ac en \u00e9tui ABS rigide. Table en marronnier ond\u00e9 teint\u00e9Corps en noyer (finition vernis brillant)Manche en \u00e9rable teint\u00e9Renforts en carboneTouche en \u00e9b\u00e8ne22 frettes m\u00e9dium jumboM\u00e9caniques Hipshot ultraliteSillet en corne&hellip;","_links":{"self":[{"href":"https:\/\/tmlutherie.fr\/index.php?rest_route=\/wp\/v2\/pages\/1359"}],"collection":[{"href":"https:\/\/tmlutherie.fr\/index.php?rest_route=\/wp\/v2\/pages"}],"about":[{"href":"https:\/\/tmlutherie.fr\/index.php?rest_route=\/wp\/v2\/types\/page"}],"author":[{"embeddable":true,"href":"https:\/\/tmlutherie.fr\/index.php?rest_route=\/wp\/v2\/users\/1"}],"replies":[{"embeddable":true,"href":"https:\/\/tmlutherie.fr\/index.php?rest_route=%2Fwp%2Fv2%2Fcomments&post=1359"}],"version-history":[{"count":4,"href":"https:\/\/tmlutherie.fr\/index.php?rest_route=\/wp\/v2\/pages\/1359\/revisions"}],"predecessor-version":[{"id":1388,"href":"https:\/\/tmlutherie.fr\/index.php?rest_route=\/wp\/v2\/pages\/1359\/revisions\/1388"}],"up":[{"embeddable":true,"href":"https:\/\/tmlutherie.fr\/index.php?rest_route=\/wp\/v2\/pages\/994"}],"wp:attachment":[{"href":"https:\/\/tmlutherie.fr\/index.php?rest_route=%2Fwp%2Fv2%2Fmedia&parent=1359"}],"curies":[{"name":"wp","href":"https:\/\/api.w.org\/{rel}","templated":true}]}}