{"id":1322,"date":"2022-09-26T11:55:38","date_gmt":"2022-09-26T09:55:38","guid":{"rendered":"http:\/\/tmlutherie.fr\/?page_id=1322"},"modified":"2023-03-08T11:34:52","modified_gmt":"2023-03-08T10:34:52","slug":"magni-valnott-headless-2","status":"publish","type":"page","link":"https:\/\/tmlutherie.fr\/?page_id=1322","title":{"rendered":"Magni\u00a0Valn\u00f8tt Headless"},"content":{"rendered":"\n<p>Voici une d\u00e9clinaison de la MAGNI en version headless.<\/p>\n\n\n\n<div class=\"wp-block-image\"><figure class=\"aligncenter size-large is-resized\"><img loading=\"lazy\" src=\"http:\/\/tmlutherie.fr\/wp-content\/uploads\/2022\/09\/MAGXV1-1024x683.jpg\" alt=\"\" class=\"wp-image-1323\" width=\"768\" height=\"512\" srcset=\"https:\/\/tmlutherie.fr\/wp-content\/uploads\/2022\/09\/MAGXV1-1024x683.jpg 1024w, https:\/\/tmlutherie.fr\/wp-content\/uploads\/2022\/09\/MAGXV1-300x200.jpg 300w, https:\/\/tmlutherie.fr\/wp-content\/uploads\/2022\/09\/MAGXV1-768x512.jpg 768w, https:\/\/tmlutherie.fr\/wp-content\/uploads\/2022\/09\/MAGXV1-1536x1024.jpg 1536w, https:\/\/tmlutherie.fr\/wp-content\/uploads\/2022\/09\/MAGXV1-2048x1365.jpg 2048w, https:\/\/tmlutherie.fr\/wp-content\/uploads\/2022\/09\/MAGXV1-1140x760.jpg 1140w\" sizes=\"(max-width: 768px) 100vw, 768px\" \/><\/figure><\/div>\n\n\n\n<p class=\"has-text-align-center\">Corps et table en noyer (huil\u00e9 Rubio)<br>Manche en en noyer (huil\u00e9 Rubio)<br>Diapason 34&#8243; \/ 22 &#8220;frettes&#8221; \/ radius 9,5&#8243;<br>Rep\u00e8res en nacre<br>Sillet de t\u00eate en \u00e9b\u00e8ne<br>Chevalet TAN bridge<br>Micros CREL DB42<br>Potentiom\u00e8tres CTS \/ jack Puretone \/ condo Mallory Mustard .022<br>Straploks Dunlop FlushMount<\/p>\n\n\n\n<figure class=\"wp-block-gallery has-nested-images columns-2 is-cropped\">\n<figure class=\"wp-block-image size-large\"><img loading=\"lazy\" width=\"1024\" height=\"682\" data-id=\"1331\"  src=\"http:\/\/tmlutherie.fr\/wp-content\/uploads\/2022\/09\/MAGXV2-1024x682.jpg\" alt=\"\" class=\"wp-image-1331\" srcset=\"https:\/\/tmlutherie.fr\/wp-content\/uploads\/2022\/09\/MAGXV2-1024x682.jpg 1024w, https:\/\/tmlutherie.fr\/wp-content\/uploads\/2022\/09\/MAGXV2-300x200.jpg 300w, https:\/\/tmlutherie.fr\/wp-content\/uploads\/2022\/09\/MAGXV2-768x512.jpg 768w, https:\/\/tmlutherie.fr\/wp-content\/uploads\/2022\/09\/MAGXV2-1536x1024.jpg 1536w, https:\/\/tmlutherie.fr\/wp-content\/uploads\/2022\/09\/MAGXV2-2048x1365.jpg 2048w, https:\/\/tmlutherie.fr\/wp-content\/uploads\/2022\/09\/MAGXV2-1140x760.jpg 1140w\" sizes=\"(max-width: 1024px) 100vw, 1024px\" \/><\/figure>\n\n\n\n<figure class=\"wp-block-image size-large\"><img loading=\"lazy\" width=\"1024\" height=\"683\" data-id=\"1329\"  src=\"http:\/\/tmlutherie.fr\/wp-content\/uploads\/2022\/09\/MAGXV3-1024x683.jpg\" alt=\"\" class=\"wp-image-1329\" srcset=\"https:\/\/tmlutherie.fr\/wp-content\/uploads\/2022\/09\/MAGXV3-1024x683.jpg 1024w, https:\/\/tmlutherie.fr\/wp-content\/uploads\/2022\/09\/MAGXV3-300x200.jpg 300w, https:\/\/tmlutherie.fr\/wp-content\/uploads\/2022\/09\/MAGXV3-768x512.jpg 768w, https:\/\/tmlutherie.fr\/wp-content\/uploads\/2022\/09\/MAGXV3-1536x1024.jpg 1536w, https:\/\/tmlutherie.fr\/wp-content\/uploads\/2022\/09\/MAGXV3-2048x1365.jpg 2048w, https:\/\/tmlutherie.fr\/wp-content\/uploads\/2022\/09\/MAGXV3-1140x760.jpg 1140w\" sizes=\"(max-width: 1024px) 100vw, 1024px\" \/><\/figure>\n\n\n\n<figure class=\"wp-block-image size-large\"><img loading=\"lazy\" width=\"1024\" height=\"683\" data-id=\"1328\"  src=\"http:\/\/tmlutherie.fr\/wp-content\/uploads\/2022\/09\/MAGXV4-1024x683.jpg\" alt=\"\" class=\"wp-image-1328\" srcset=\"https:\/\/tmlutherie.fr\/wp-content\/uploads\/2022\/09\/MAGXV4-1024x683.jpg 1024w, https:\/\/tmlutherie.fr\/wp-content\/uploads\/2022\/09\/MAGXV4-300x200.jpg 300w, https:\/\/tmlutherie.fr\/wp-content\/uploads\/2022\/09\/MAGXV4-768x512.jpg 768w, https:\/\/tmlutherie.fr\/wp-content\/uploads\/2022\/09\/MAGXV4-1536x1024.jpg 1536w, https:\/\/tmlutherie.fr\/wp-content\/uploads\/2022\/09\/MAGXV4-2048x1365.jpg 2048w, https:\/\/tmlutherie.fr\/wp-content\/uploads\/2022\/09\/MAGXV4-1140x760.jpg 1140w\" sizes=\"(max-width: 1024px) 100vw, 1024px\" \/><\/figure>\n\n\n\n<figure class=\"wp-block-image size-large\"><img loading=\"lazy\" width=\"1024\" height=\"683\" data-id=\"1332\"  src=\"http:\/\/tmlutherie.fr\/wp-content\/uploads\/2022\/09\/MAGXV5-1024x683.jpg\" alt=\"\" class=\"wp-image-1332\" srcset=\"https:\/\/tmlutherie.fr\/wp-content\/uploads\/2022\/09\/MAGXV5-1024x683.jpg 1024w, https:\/\/tmlutherie.fr\/wp-content\/uploads\/2022\/09\/MAGXV5-300x200.jpg 300w, https:\/\/tmlutherie.fr\/wp-content\/uploads\/2022\/09\/MAGXV5-768x512.jpg 768w, https:\/\/tmlutherie.fr\/wp-content\/uploads\/2022\/09\/MAGXV5-1536x1024.jpg 1536w, https:\/\/tmlutherie.fr\/wp-content\/uploads\/2022\/09\/MAGXV5-2048x1366.jpg 2048w, https:\/\/tmlutherie.fr\/wp-content\/uploads\/2022\/09\/MAGXV5-1140x760.jpg 1140w\" sizes=\"(max-width: 1024px) 100vw, 1024px\" \/><\/figure>\n\n\n\n<figure class=\"wp-block-image size-large\"><img loading=\"lazy\" width=\"1024\" height=\"683\" data-id=\"1330\"  src=\"http:\/\/tmlutherie.fr\/wp-content\/uploads\/2022\/09\/MAGXV6-1024x683.jpg\" alt=\"\" class=\"wp-image-1330\" srcset=\"https:\/\/tmlutherie.fr\/wp-content\/uploads\/2022\/09\/MAGXV6-1024x683.jpg 1024w, https:\/\/tmlutherie.fr\/wp-content\/uploads\/2022\/09\/MAGXV6-300x200.jpg 300w, https:\/\/tmlutherie.fr\/wp-content\/uploads\/2022\/09\/MAGXV6-768x512.jpg 768w, https:\/\/tmlutherie.fr\/wp-content\/uploads\/2022\/09\/MAGXV6-1536x1024.jpg 1536w, https:\/\/tmlutherie.fr\/wp-content\/uploads\/2022\/09\/MAGXV6-2048x1365.jpg 2048w, https:\/\/tmlutherie.fr\/wp-content\/uploads\/2022\/09\/MAGXV6-1140x760.jpg 1140w\" sizes=\"(max-width: 1024px) 100vw, 1024px\" \/><\/figure>\n\n\n\n<figure class=\"wp-block-image size-large\"><img loading=\"lazy\" width=\"1024\" height=\"683\" data-id=\"1333\"  src=\"http:\/\/tmlutherie.fr\/wp-content\/uploads\/2022\/09\/MAGXV7-1024x683.jpg\" alt=\"\" class=\"wp-image-1333\" srcset=\"https:\/\/tmlutherie.fr\/wp-content\/uploads\/2022\/09\/MAGXV7-1024x683.jpg 1024w, https:\/\/tmlutherie.fr\/wp-content\/uploads\/2022\/09\/MAGXV7-300x200.jpg 300w, https:\/\/tmlutherie.fr\/wp-content\/uploads\/2022\/09\/MAGXV7-768x512.jpg 768w, https:\/\/tmlutherie.fr\/wp-content\/uploads\/2022\/09\/MAGXV7-1536x1024.jpg 1536w, https:\/\/tmlutherie.fr\/wp-content\/uploads\/2022\/09\/MAGXV7-2048x1365.jpg 2048w, https:\/\/tmlutherie.fr\/wp-content\/uploads\/2022\/09\/MAGXV7-1140x760.jpg 1140w\" sizes=\"(max-width: 1024px) 100vw, 1024px\" \/><\/figure>\n\n\n\n<figure class=\"wp-block-image size-large\"><img loading=\"lazy\" width=\"1024\" height=\"683\" data-id=\"1335\"  src=\"http:\/\/tmlutherie.fr\/wp-content\/uploads\/2022\/09\/MAGXV8-1024x683.jpg\" alt=\"\" class=\"wp-image-1335\" srcset=\"https:\/\/tmlutherie.fr\/wp-content\/uploads\/2022\/09\/MAGXV8-1024x683.jpg 1024w, https:\/\/tmlutherie.fr\/wp-content\/uploads\/2022\/09\/MAGXV8-300x200.jpg 300w, https:\/\/tmlutherie.fr\/wp-content\/uploads\/2022\/09\/MAGXV8-768x512.jpg 768w, https:\/\/tmlutherie.fr\/wp-content\/uploads\/2022\/09\/MAGXV8-1536x1024.jpg 1536w, https:\/\/tmlutherie.fr\/wp-content\/uploads\/2022\/09\/MAGXV8-2048x1365.jpg 2048w, https:\/\/tmlutherie.fr\/wp-content\/uploads\/2022\/09\/MAGXV8-1140x760.jpg 1140w\" sizes=\"(max-width: 1024px) 100vw, 1024px\" \/><\/figure>\n\n\n\n<figure class=\"wp-block-image size-large\"><img loading=\"lazy\" width=\"1024\" height=\"683\" data-id=\"1334\"  src=\"http:\/\/tmlutherie.fr\/wp-content\/uploads\/2022\/09\/MAGXV9-1024x683.jpg\" alt=\"\" class=\"wp-image-1334\" srcset=\"https:\/\/tmlutherie.fr\/wp-content\/uploads\/2022\/09\/MAGXV9-1024x683.jpg 1024w, https:\/\/tmlutherie.fr\/wp-content\/uploads\/2022\/09\/MAGXV9-300x200.jpg 300w, https:\/\/tmlutherie.fr\/wp-content\/uploads\/2022\/09\/MAGXV9-768x512.jpg 768w, https:\/\/tmlutherie.fr\/wp-content\/uploads\/2022\/09\/MAGXV9-1536x1024.jpg 1536w, https:\/\/tmlutherie.fr\/wp-content\/uploads\/2022\/09\/MAGXV9-2048x1365.jpg 2048w, https:\/\/tmlutherie.fr\/wp-content\/uploads\/2022\/09\/MAGXV9-1140x760.jpg 1140w\" sizes=\"(max-width: 1024px) 100vw, 1024px\" \/><\/figure>\n<\/figure>\n","protected":false},"excerpt":{"rendered":"<p>Voici une d\u00e9clinaison de la MAGNI en version headless. Corps et table en noyer (huil\u00e9 Rubio)Manche en en noyer (huil\u00e9 Rubio)Diapason 34&#8243; \/ 22 &#8220;frettes&#8221; \/ radius 9,5&#8243;Rep\u00e8res en nacreSillet de t\u00eate en \u00e9b\u00e8neChevalet TAN bridgeMicros CREL DB42Potentiom\u00e8tres CTS \/ jack Puretone \/ condo Mallory Mustard .022Straploks Dunlop FlushMount<\/p>\n","protected":false},"author":1,"featured_media":0,"parent":994,"menu_order":0,"comment_status":"closed","ping_status":"closed","template":"","meta":[],"uagb_featured_image_src":{"full":false,"thumbnail":false,"medium":false,"medium_large":false,"large":false,"1536x1536":false,"2048x2048":false,"ashe-slider-full-thumbnail":false,"ashe-full-thumbnail":false,"ashe-list-thumbnail":false,"ashe-grid-thumbnail":false,"ashe-single-navigation":false},"uagb_author_info":{"display_name":"admin8991","author_link":"https:\/\/tmlutherie.fr\/?author=1"},"uagb_comment_info":0,"uagb_excerpt":"Voici une d\u00e9clinaison de la MAGNI en version headless. Corps et table en noyer (huil\u00e9 Rubio)Manche en en noyer (huil\u00e9 Rubio)Diapason 34&#8243; \/ 22 &#8220;frettes&#8221; \/ radius 9,5&#8243;Rep\u00e8res en nacreSillet de t\u00eate en \u00e9b\u00e8neChevalet TAN bridgeMicros CREL DB42Potentiom\u00e8tres CTS \/ jack Puretone \/ condo Mallory Mustard .022Straploks Dunlop FlushMount","_links":{"self":[{"href":"https:\/\/tmlutherie.fr\/index.php?rest_route=\/wp\/v2\/pages\/1322"}],"collection":[{"href":"https:\/\/tmlutherie.fr\/index.php?rest_route=\/wp\/v2\/pages"}],"about":[{"href":"https:\/\/tmlutherie.fr\/index.php?rest_route=\/wp\/v2\/types\/page"}],"author":[{"embeddable":true,"href":"https:\/\/tmlutherie.fr\/index.php?rest_route=\/wp\/v2\/users\/1"}],"replies":[{"embeddable":true,"href":"https:\/\/tmlutherie.fr\/index.php?rest_route=%2Fwp%2Fv2%2Fcomments&post=1322"}],"version-history":[{"count":4,"href":"https:\/\/tmlutherie.fr\/index.php?rest_route=\/wp\/v2\/pages\/1322\/revisions"}],"predecessor-version":[{"id":1336,"href":"https:\/\/tmlutherie.fr\/index.php?rest_route=\/wp\/v2\/pages\/1322\/revisions\/1336"}],"up":[{"embeddable":true,"href":"https:\/\/tmlutherie.fr\/index.php?rest_route=\/wp\/v2\/pages\/994"}],"wp:attachment":[{"href":"https:\/\/tmlutherie.fr\/index.php?rest_route=%2Fwp%2Fv2%2Fmedia&parent=1322"}],"curies":[{"name":"wp","href":"https:\/\/api.w.org\/{rel}","templated":true}]}}