{"id":1237,"date":"2022-04-02T13:21:13","date_gmt":"2022-04-02T11:21:13","guid":{"rendered":"http:\/\/tmlutherie.fr\/?page_id=1237"},"modified":"2022-09-26T11:26:06","modified_gmt":"2022-09-26T09:26:06","slug":"magni-valnott-headless","status":"publish","type":"page","link":"https:\/\/tmlutherie.fr\/?page_id=1237","title":{"rendered":"Magni Valn\u00f8tt Headless"},"content":{"rendered":"\n<p>Une premi\u00e8re pour l&#8217;atelier ! Voici une d\u00e9clinaison de la MAGNI en version headless.<\/p>\n\n\n\n<p class=\"has-medium-font-size\"><\/p>\n\n\n\n<div class=\"wp-block-image is-style-default\"><figure class=\"aligncenter size-large is-resized\"><img loading=\"lazy\" src=\"http:\/\/tmlutherie.fr\/wp-content\/uploads\/2022\/04\/MAGXV1-1024x683.jpg\" alt=\"\" class=\"wp-image-1238\" width=\"768\" height=\"512\" srcset=\"https:\/\/tmlutherie.fr\/wp-content\/uploads\/2022\/04\/MAGXV1-1024x683.jpg 1024w, https:\/\/tmlutherie.fr\/wp-content\/uploads\/2022\/04\/MAGXV1-300x200.jpg 300w, https:\/\/tmlutherie.fr\/wp-content\/uploads\/2022\/04\/MAGXV1-768x512.jpg 768w, https:\/\/tmlutherie.fr\/wp-content\/uploads\/2022\/04\/MAGXV1-1536x1024.jpg 1536w, https:\/\/tmlutherie.fr\/wp-content\/uploads\/2022\/04\/MAGXV1-2048x1365.jpg 2048w, https:\/\/tmlutherie.fr\/wp-content\/uploads\/2022\/04\/MAGXV1-1140x760.jpg 1140w\" sizes=\"(max-width: 768px) 100vw, 768px\" \/><\/figure><\/div>\n\n\n\n<p class=\"has-text-align-center\">Corps en noyer<br>Table en noyer<br>Manche traversant en noyer<br>Touche en \u00e9b\u00e8ne \/ Diapason 863,4 mm \/ 22 &#8220;frettes&#8221; \/ Radius 9.5&#8243;<br>Rep\u00e8res en nacre<br>Sillet de t\u00eate en \u00e9b\u00e8ne<br>Chevalet TAN Bridge<br>Micros CREL DB42 format soapbar<br>Potentiom\u00e8tres CTS \/ jack Puretone \/ condensateur Mallory Mustard .047<br>Straplocks Dunlop<br>Finition huil\u00e9e Rubio Monocoat<\/p>\n\n\n\n<figure class=\"wp-block-gallery has-nested-images columns-default\">\n<figure class=\"wp-block-image size-large\"><img loading=\"lazy\" width=\"1024\" height=\"682\" data-id=\"1239\"  src=\"http:\/\/tmlutherie.fr\/wp-content\/uploads\/2022\/04\/MAGXV2-1024x682.jpg\" alt=\"\" class=\"wp-image-1239\" srcset=\"https:\/\/tmlutherie.fr\/wp-content\/uploads\/2022\/04\/MAGXV2-1024x682.jpg 1024w, https:\/\/tmlutherie.fr\/wp-content\/uploads\/2022\/04\/MAGXV2-300x200.jpg 300w, https:\/\/tmlutherie.fr\/wp-content\/uploads\/2022\/04\/MAGXV2-768x512.jpg 768w, https:\/\/tmlutherie.fr\/wp-content\/uploads\/2022\/04\/MAGXV2-1536x1024.jpg 1536w, https:\/\/tmlutherie.fr\/wp-content\/uploads\/2022\/04\/MAGXV2-2048x1365.jpg 2048w, https:\/\/tmlutherie.fr\/wp-content\/uploads\/2022\/04\/MAGXV2-1140x760.jpg 1140w\" sizes=\"(max-width: 1024px) 100vw, 1024px\" \/><\/figure>\n\n\n\n<figure class=\"wp-block-image size-large\"><img loading=\"lazy\" width=\"1024\" height=\"683\" data-id=\"1242\"  src=\"http:\/\/tmlutherie.fr\/wp-content\/uploads\/2022\/04\/MAGXV3-1024x683.jpg\" alt=\"\" class=\"wp-image-1242\" srcset=\"https:\/\/tmlutherie.fr\/wp-content\/uploads\/2022\/04\/MAGXV3-1024x683.jpg 1024w, https:\/\/tmlutherie.fr\/wp-content\/uploads\/2022\/04\/MAGXV3-300x200.jpg 300w, https:\/\/tmlutherie.fr\/wp-content\/uploads\/2022\/04\/MAGXV3-768x512.jpg 768w, https:\/\/tmlutherie.fr\/wp-content\/uploads\/2022\/04\/MAGXV3-1536x1024.jpg 1536w, https:\/\/tmlutherie.fr\/wp-content\/uploads\/2022\/04\/MAGXV3-2048x1365.jpg 2048w, https:\/\/tmlutherie.fr\/wp-content\/uploads\/2022\/04\/MAGXV3-1140x760.jpg 1140w\" sizes=\"(max-width: 1024px) 100vw, 1024px\" \/><\/figure>\n\n\n\n<figure class=\"wp-block-image size-large\"><img loading=\"lazy\" width=\"1024\" height=\"683\" data-id=\"1246\"  src=\"http:\/\/tmlutherie.fr\/wp-content\/uploads\/2022\/04\/MAGXV4-1024x683.jpg\" alt=\"\" class=\"wp-image-1246\" srcset=\"https:\/\/tmlutherie.fr\/wp-content\/uploads\/2022\/04\/MAGXV4-1024x683.jpg 1024w, https:\/\/tmlutherie.fr\/wp-content\/uploads\/2022\/04\/MAGXV4-300x200.jpg 300w, https:\/\/tmlutherie.fr\/wp-content\/uploads\/2022\/04\/MAGXV4-768x512.jpg 768w, https:\/\/tmlutherie.fr\/wp-content\/uploads\/2022\/04\/MAGXV4-1536x1024.jpg 1536w, https:\/\/tmlutherie.fr\/wp-content\/uploads\/2022\/04\/MAGXV4-2048x1365.jpg 2048w, https:\/\/tmlutherie.fr\/wp-content\/uploads\/2022\/04\/MAGXV4-1140x760.jpg 1140w\" sizes=\"(max-width: 1024px) 100vw, 1024px\" \/><\/figure>\n\n\n\n<figure class=\"wp-block-image size-large\"><img loading=\"lazy\" width=\"1024\" height=\"683\" data-id=\"1245\"  src=\"http:\/\/tmlutherie.fr\/wp-content\/uploads\/2022\/04\/MAGXV5-1024x683.jpg\" alt=\"\" class=\"wp-image-1245\" srcset=\"https:\/\/tmlutherie.fr\/wp-content\/uploads\/2022\/04\/MAGXV5-1024x683.jpg 1024w, https:\/\/tmlutherie.fr\/wp-content\/uploads\/2022\/04\/MAGXV5-300x200.jpg 300w, https:\/\/tmlutherie.fr\/wp-content\/uploads\/2022\/04\/MAGXV5-768x512.jpg 768w, https:\/\/tmlutherie.fr\/wp-content\/uploads\/2022\/04\/MAGXV5-1536x1024.jpg 1536w, https:\/\/tmlutherie.fr\/wp-content\/uploads\/2022\/04\/MAGXV5-2048x1366.jpg 2048w, https:\/\/tmlutherie.fr\/wp-content\/uploads\/2022\/04\/MAGXV5-1140x760.jpg 1140w\" sizes=\"(max-width: 1024px) 100vw, 1024px\" \/><\/figure>\n\n\n\n<figure class=\"wp-block-image size-large\"><img loading=\"lazy\" width=\"1024\" height=\"683\" data-id=\"1240\"  src=\"http:\/\/tmlutherie.fr\/wp-content\/uploads\/2022\/04\/MAGXV6-1024x683.jpg\" alt=\"\" class=\"wp-image-1240\" srcset=\"https:\/\/tmlutherie.fr\/wp-content\/uploads\/2022\/04\/MAGXV6-1024x683.jpg 1024w, https:\/\/tmlutherie.fr\/wp-content\/uploads\/2022\/04\/MAGXV6-300x200.jpg 300w, https:\/\/tmlutherie.fr\/wp-content\/uploads\/2022\/04\/MAGXV6-768x512.jpg 768w, https:\/\/tmlutherie.fr\/wp-content\/uploads\/2022\/04\/MAGXV6-1536x1024.jpg 1536w, https:\/\/tmlutherie.fr\/wp-content\/uploads\/2022\/04\/MAGXV6-2048x1365.jpg 2048w, https:\/\/tmlutherie.fr\/wp-content\/uploads\/2022\/04\/MAGXV6-1140x760.jpg 1140w\" sizes=\"(max-width: 1024px) 100vw, 1024px\" \/><\/figure>\n\n\n\n<figure class=\"wp-block-image size-large\"><img loading=\"lazy\" width=\"1024\" height=\"683\" data-id=\"1241\"  src=\"http:\/\/tmlutherie.fr\/wp-content\/uploads\/2022\/04\/MAGXV9-1024x683.jpg\" alt=\"\" class=\"wp-image-1241\" srcset=\"https:\/\/tmlutherie.fr\/wp-content\/uploads\/2022\/04\/MAGXV9-1024x683.jpg 1024w, https:\/\/tmlutherie.fr\/wp-content\/uploads\/2022\/04\/MAGXV9-300x200.jpg 300w, https:\/\/tmlutherie.fr\/wp-content\/uploads\/2022\/04\/MAGXV9-768x512.jpg 768w, https:\/\/tmlutherie.fr\/wp-content\/uploads\/2022\/04\/MAGXV9-1536x1024.jpg 1536w, https:\/\/tmlutherie.fr\/wp-content\/uploads\/2022\/04\/MAGXV9-2048x1365.jpg 2048w, https:\/\/tmlutherie.fr\/wp-content\/uploads\/2022\/04\/MAGXV9-1140x760.jpg 1140w\" sizes=\"(max-width: 1024px) 100vw, 1024px\" \/><\/figure>\n\n\n\n<figure class=\"wp-block-image size-large\"><img loading=\"lazy\" width=\"1024\" height=\"683\" data-id=\"1244\"  src=\"http:\/\/tmlutherie.fr\/wp-content\/uploads\/2022\/04\/MAGXV7-1024x683.jpg\" alt=\"\" class=\"wp-image-1244\" srcset=\"https:\/\/tmlutherie.fr\/wp-content\/uploads\/2022\/04\/MAGXV7-1024x683.jpg 1024w, https:\/\/tmlutherie.fr\/wp-content\/uploads\/2022\/04\/MAGXV7-300x200.jpg 300w, https:\/\/tmlutherie.fr\/wp-content\/uploads\/2022\/04\/MAGXV7-768x512.jpg 768w, https:\/\/tmlutherie.fr\/wp-content\/uploads\/2022\/04\/MAGXV7-1536x1024.jpg 1536w, https:\/\/tmlutherie.fr\/wp-content\/uploads\/2022\/04\/MAGXV7-2048x1365.jpg 2048w, https:\/\/tmlutherie.fr\/wp-content\/uploads\/2022\/04\/MAGXV7-1140x760.jpg 1140w\" sizes=\"(max-width: 1024px) 100vw, 1024px\" \/><\/figure>\n\n\n\n<figure class=\"wp-block-image size-large\"><img loading=\"lazy\" width=\"1024\" height=\"683\" data-id=\"1243\"  src=\"http:\/\/tmlutherie.fr\/wp-content\/uploads\/2022\/04\/MAGXV8-1024x683.jpg\" alt=\"\" class=\"wp-image-1243\" srcset=\"https:\/\/tmlutherie.fr\/wp-content\/uploads\/2022\/04\/MAGXV8-1024x683.jpg 1024w, https:\/\/tmlutherie.fr\/wp-content\/uploads\/2022\/04\/MAGXV8-300x200.jpg 300w, https:\/\/tmlutherie.fr\/wp-content\/uploads\/2022\/04\/MAGXV8-768x512.jpg 768w, https:\/\/tmlutherie.fr\/wp-content\/uploads\/2022\/04\/MAGXV8-1536x1024.jpg 1536w, https:\/\/tmlutherie.fr\/wp-content\/uploads\/2022\/04\/MAGXV8-2048x1365.jpg 2048w, https:\/\/tmlutherie.fr\/wp-content\/uploads\/2022\/04\/MAGXV8-1140x760.jpg 1140w\" sizes=\"(max-width: 1024px) 100vw, 1024px\" \/><\/figure>\n<\/figure>\n","protected":false},"excerpt":{"rendered":"<p>Une premi\u00e8re pour l&#8217;atelier ! Voici une d\u00e9clinaison de la MAGNI en version headless. Corps en noyerTable en noyerManche traversant en noyerTouche en \u00e9b\u00e8ne \/ Diapason 863,4 mm \/ 22 &#8220;frettes&#8221; \/ Radius 9.5&#8243;Rep\u00e8res en nacreSillet de t\u00eate en \u00e9b\u00e8neChevalet TAN BridgeMicros CREL DB42 format soapbarPotentiom\u00e8tres CTS \/ jack Puretone \/ condensateur Mallory Mustard .047Straplocks DunlopFinition huil\u00e9e Rubio Monocoat<\/p>\n","protected":false},"author":1,"featured_media":0,"parent":994,"menu_order":0,"comment_status":"closed","ping_status":"closed","template":"","meta":[],"uagb_featured_image_src":{"full":false,"thumbnail":false,"medium":false,"medium_large":false,"large":false,"1536x1536":false,"2048x2048":false,"ashe-slider-full-thumbnail":false,"ashe-full-thumbnail":false,"ashe-list-thumbnail":false,"ashe-grid-thumbnail":false,"ashe-single-navigation":false},"uagb_author_info":{"display_name":"admin8991","author_link":"https:\/\/tmlutherie.fr\/?author=1"},"uagb_comment_info":0,"uagb_excerpt":"Une premi\u00e8re pour l&#8217;atelier ! Voici une d\u00e9clinaison de la MAGNI en version headless. Corps en noyerTable en noyerManche traversant en noyerTouche en \u00e9b\u00e8ne \/ Diapason 863,4 mm \/ 22 &#8220;frettes&#8221; \/ Radius 9.5&#8243;Rep\u00e8res en nacreSillet de t\u00eate en \u00e9b\u00e8neChevalet TAN BridgeMicros CREL DB42 format soapbarPotentiom\u00e8tres CTS \/ jack Puretone \/ condensateur Mallory Mustard .047Straplocks&hellip;","_links":{"self":[{"href":"https:\/\/tmlutherie.fr\/index.php?rest_route=\/wp\/v2\/pages\/1237"}],"collection":[{"href":"https:\/\/tmlutherie.fr\/index.php?rest_route=\/wp\/v2\/pages"}],"about":[{"href":"https:\/\/tmlutherie.fr\/index.php?rest_route=\/wp\/v2\/types\/page"}],"author":[{"embeddable":true,"href":"https:\/\/tmlutherie.fr\/index.php?rest_route=\/wp\/v2\/users\/1"}],"replies":[{"embeddable":true,"href":"https:\/\/tmlutherie.fr\/index.php?rest_route=%2Fwp%2Fv2%2Fcomments&post=1237"}],"version-history":[{"count":1,"href":"https:\/\/tmlutherie.fr\/index.php?rest_route=\/wp\/v2\/pages\/1237\/revisions"}],"predecessor-version":[{"id":1248,"href":"https:\/\/tmlutherie.fr\/index.php?rest_route=\/wp\/v2\/pages\/1237\/revisions\/1248"}],"up":[{"embeddable":true,"href":"https:\/\/tmlutherie.fr\/index.php?rest_route=\/wp\/v2\/pages\/994"}],"wp:attachment":[{"href":"https:\/\/tmlutherie.fr\/index.php?rest_route=%2Fwp%2Fv2%2Fmedia&parent=1237"}],"curies":[{"name":"wp","href":"https:\/\/api.w.org\/{rel}","templated":true}]}}