{"id":1218,"date":"2022-04-02T13:03:15","date_gmt":"2022-04-02T11:03:15","guid":{"rendered":"http:\/\/tmlutherie.fr\/?page_id=1218"},"modified":"2022-04-02T13:07:08","modified_gmt":"2022-04-02T11:07:08","slug":"magni-skuggi","status":"publish","type":"page","link":"https:\/\/tmlutherie.fr\/?page_id=1218","title":{"rendered":"Magni Skuggi"},"content":{"rendered":"\n<p class=\"has-text-align-center\">Voici\u00a0MAGNI Skuggi ! <br>Une basse manche traversant fabriqu\u00e9e avec du noyer apport\u00e9 par son commanditaire.<\/p>\n\n\n\n<p class=\"has-medium-font-size\"><\/p>\n\n\n\n<div class=\"wp-block-image is-style-default\"><figure class=\"aligncenter size-large is-resized\"><img loading=\"lazy\" src=\"http:\/\/tmlutherie.fr\/wp-content\/uploads\/2022\/04\/MRY1-1024x683.jpg\" alt=\"\" class=\"wp-image-1222\" width=\"768\" height=\"512\" srcset=\"https:\/\/tmlutherie.fr\/wp-content\/uploads\/2022\/04\/MRY1-1024x683.jpg 1024w, https:\/\/tmlutherie.fr\/wp-content\/uploads\/2022\/04\/MRY1-300x200.jpg 300w, https:\/\/tmlutherie.fr\/wp-content\/uploads\/2022\/04\/MRY1-768x512.jpg 768w, https:\/\/tmlutherie.fr\/wp-content\/uploads\/2022\/04\/MRY1-1536x1024.jpg 1536w, https:\/\/tmlutherie.fr\/wp-content\/uploads\/2022\/04\/MRY1-2048x1365.jpg 2048w, https:\/\/tmlutherie.fr\/wp-content\/uploads\/2022\/04\/MRY1-1140x760.jpg 1140w\" sizes=\"(max-width: 768px) 100vw, 768px\" \/><\/figure><\/div>\n\n\n\n<p class=\"has-text-align-center\">Corps en fr\u00eane des marais<br>Table en noyer<br>Manche traversant 5 plis en noyer et \u00e9rable<br>Touche en \u00e9b\u00e8ne \/ Diapason 863,4 mm \/ 22 frettes \/ Radius 12&#8243;<br>Sillet de t\u00eate en corne de buffle<br>M\u00e9caniques Hipshot ultralight<br>Chevalet ABM individual<br>Micros SP Custom PB \/ JB format soapbar<br>Potentiom\u00e8tres CTS \/ jack Puretone \/ condensateur Mallory Mustard .047<br>Straplocks Dunlop<br>Teint\u00e9 finition vernis satin\u00e9 pores ouverts<\/p>\n\n\n\n<figure class=\"wp-block-gallery has-nested-images columns-default\">\n<figure class=\"wp-block-image size-large is-style-default\"><img loading=\"lazy\" width=\"1024\" height=\"824\" data-id=\"1226\"  src=\"http:\/\/tmlutherie.fr\/wp-content\/uploads\/2022\/04\/MRY2-1024x824.jpg\" alt=\"\" class=\"wp-image-1226\" srcset=\"https:\/\/tmlutherie.fr\/wp-content\/uploads\/2022\/04\/MRY2-1024x824.jpg 1024w, https:\/\/tmlutherie.fr\/wp-content\/uploads\/2022\/04\/MRY2-300x241.jpg 300w, https:\/\/tmlutherie.fr\/wp-content\/uploads\/2022\/04\/MRY2-768x618.jpg 768w, https:\/\/tmlutherie.fr\/wp-content\/uploads\/2022\/04\/MRY2-1536x1236.jpg 1536w, https:\/\/tmlutherie.fr\/wp-content\/uploads\/2022\/04\/MRY2-2048x1648.jpg 2048w, https:\/\/tmlutherie.fr\/wp-content\/uploads\/2022\/04\/MRY2-1140x917.jpg 1140w\" sizes=\"(max-width: 1024px) 100vw, 1024px\" \/><\/figure>\n\n\n\n<figure class=\"wp-block-image size-large\"><img loading=\"lazy\" width=\"1024\" height=\"756\" data-id=\"1225\"  src=\"http:\/\/tmlutherie.fr\/wp-content\/uploads\/2022\/04\/MRY3-1024x756.jpg\" alt=\"\" class=\"wp-image-1225\" srcset=\"https:\/\/tmlutherie.fr\/wp-content\/uploads\/2022\/04\/MRY3-1024x756.jpg 1024w, https:\/\/tmlutherie.fr\/wp-content\/uploads\/2022\/04\/MRY3-300x221.jpg 300w, https:\/\/tmlutherie.fr\/wp-content\/uploads\/2022\/04\/MRY3-768x567.jpg 768w, https:\/\/tmlutherie.fr\/wp-content\/uploads\/2022\/04\/MRY3-1536x1134.jpg 1536w, https:\/\/tmlutherie.fr\/wp-content\/uploads\/2022\/04\/MRY3-2048x1512.jpg 2048w, https:\/\/tmlutherie.fr\/wp-content\/uploads\/2022\/04\/MRY3-1140x841.jpg 1140w\" sizes=\"(max-width: 1024px) 100vw, 1024px\" \/><\/figure>\n\n\n\n<figure class=\"wp-block-image size-large\"><img loading=\"lazy\" width=\"1024\" height=\"751\" data-id=\"1230\"  src=\"http:\/\/tmlutherie.fr\/wp-content\/uploads\/2022\/04\/MRY4-1024x751.jpg\" alt=\"\" class=\"wp-image-1230\" srcset=\"https:\/\/tmlutherie.fr\/wp-content\/uploads\/2022\/04\/MRY4-1024x751.jpg 1024w, https:\/\/tmlutherie.fr\/wp-content\/uploads\/2022\/04\/MRY4-300x220.jpg 300w, https:\/\/tmlutherie.fr\/wp-content\/uploads\/2022\/04\/MRY4-768x563.jpg 768w, https:\/\/tmlutherie.fr\/wp-content\/uploads\/2022\/04\/MRY4-1536x1126.jpg 1536w, https:\/\/tmlutherie.fr\/wp-content\/uploads\/2022\/04\/MRY4-2048x1502.jpg 2048w, https:\/\/tmlutherie.fr\/wp-content\/uploads\/2022\/04\/MRY4-1140x836.jpg 1140w\" sizes=\"(max-width: 1024px) 100vw, 1024px\" \/><\/figure>\n\n\n\n<figure class=\"wp-block-image size-large\"><img loading=\"lazy\" width=\"1024\" height=\"683\" data-id=\"1227\"  src=\"http:\/\/tmlutherie.fr\/wp-content\/uploads\/2022\/04\/MRY5-1024x683.jpg\" alt=\"\" class=\"wp-image-1227\" srcset=\"https:\/\/tmlutherie.fr\/wp-content\/uploads\/2022\/04\/MRY5-1024x683.jpg 1024w, https:\/\/tmlutherie.fr\/wp-content\/uploads\/2022\/04\/MRY5-300x200.jpg 300w, https:\/\/tmlutherie.fr\/wp-content\/uploads\/2022\/04\/MRY5-768x512.jpg 768w, https:\/\/tmlutherie.fr\/wp-content\/uploads\/2022\/04\/MRY5-1536x1024.jpg 1536w, https:\/\/tmlutherie.fr\/wp-content\/uploads\/2022\/04\/MRY5-2048x1365.jpg 2048w, https:\/\/tmlutherie.fr\/wp-content\/uploads\/2022\/04\/MRY5-1140x760.jpg 1140w\" sizes=\"(max-width: 1024px) 100vw, 1024px\" \/><\/figure>\n\n\n\n<figure class=\"wp-block-image size-large\"><img loading=\"lazy\" width=\"1024\" height=\"737\" data-id=\"1224\"  src=\"http:\/\/tmlutherie.fr\/wp-content\/uploads\/2022\/04\/MRY6-1024x737.jpg\" alt=\"\" class=\"wp-image-1224\" srcset=\"https:\/\/tmlutherie.fr\/wp-content\/uploads\/2022\/04\/MRY6-1024x737.jpg 1024w, https:\/\/tmlutherie.fr\/wp-content\/uploads\/2022\/04\/MRY6-300x216.jpg 300w, https:\/\/tmlutherie.fr\/wp-content\/uploads\/2022\/04\/MRY6-768x553.jpg 768w, https:\/\/tmlutherie.fr\/wp-content\/uploads\/2022\/04\/MRY6-1536x1106.jpg 1536w, https:\/\/tmlutherie.fr\/wp-content\/uploads\/2022\/04\/MRY6-2048x1474.jpg 2048w, https:\/\/tmlutherie.fr\/wp-content\/uploads\/2022\/04\/MRY6-1140x821.jpg 1140w\" sizes=\"(max-width: 1024px) 100vw, 1024px\" \/><\/figure>\n\n\n\n<figure class=\"wp-block-image size-large\"><img loading=\"lazy\" width=\"1024\" height=\"683\" data-id=\"1228\"  src=\"http:\/\/tmlutherie.fr\/wp-content\/uploads\/2022\/04\/MRY7-1024x683.jpg\" alt=\"\" class=\"wp-image-1228\" srcset=\"https:\/\/tmlutherie.fr\/wp-content\/uploads\/2022\/04\/MRY7-1024x683.jpg 1024w, https:\/\/tmlutherie.fr\/wp-content\/uploads\/2022\/04\/MRY7-300x200.jpg 300w, https:\/\/tmlutherie.fr\/wp-content\/uploads\/2022\/04\/MRY7-768x512.jpg 768w, https:\/\/tmlutherie.fr\/wp-content\/uploads\/2022\/04\/MRY7-1536x1024.jpg 1536w, https:\/\/tmlutherie.fr\/wp-content\/uploads\/2022\/04\/MRY7-2048x1365.jpg 2048w, https:\/\/tmlutherie.fr\/wp-content\/uploads\/2022\/04\/MRY7-1140x760.jpg 1140w\" sizes=\"(max-width: 1024px) 100vw, 1024px\" \/><\/figure>\n\n\n\n<figure class=\"wp-block-image size-large\"><img loading=\"lazy\" width=\"1024\" height=\"683\" data-id=\"1223\"  src=\"http:\/\/tmlutherie.fr\/wp-content\/uploads\/2022\/04\/MRY8-1024x683.jpg\" alt=\"\" class=\"wp-image-1223\" srcset=\"https:\/\/tmlutherie.fr\/wp-content\/uploads\/2022\/04\/MRY8-1024x683.jpg 1024w, https:\/\/tmlutherie.fr\/wp-content\/uploads\/2022\/04\/MRY8-300x200.jpg 300w, https:\/\/tmlutherie.fr\/wp-content\/uploads\/2022\/04\/MRY8-768x512.jpg 768w, https:\/\/tmlutherie.fr\/wp-content\/uploads\/2022\/04\/MRY8-1536x1024.jpg 1536w, https:\/\/tmlutherie.fr\/wp-content\/uploads\/2022\/04\/MRY8-2048x1365.jpg 2048w, https:\/\/tmlutherie.fr\/wp-content\/uploads\/2022\/04\/MRY8-1140x760.jpg 1140w\" sizes=\"(max-width: 1024px) 100vw, 1024px\" \/><\/figure>\n\n\n\n<figure class=\"wp-block-image size-large\"><img loading=\"lazy\" width=\"1024\" height=\"683\" data-id=\"1231\"  src=\"http:\/\/tmlutherie.fr\/wp-content\/uploads\/2022\/04\/MRY9-1024x683.jpg\" alt=\"\" class=\"wp-image-1231\" srcset=\"https:\/\/tmlutherie.fr\/wp-content\/uploads\/2022\/04\/MRY9-1024x683.jpg 1024w, https:\/\/tmlutherie.fr\/wp-content\/uploads\/2022\/04\/MRY9-300x200.jpg 300w, https:\/\/tmlutherie.fr\/wp-content\/uploads\/2022\/04\/MRY9-768x512.jpg 768w, https:\/\/tmlutherie.fr\/wp-content\/uploads\/2022\/04\/MRY9-1536x1024.jpg 1536w, https:\/\/tmlutherie.fr\/wp-content\/uploads\/2022\/04\/MRY9-2048x1365.jpg 2048w, https:\/\/tmlutherie.fr\/wp-content\/uploads\/2022\/04\/MRY9-1140x760.jpg 1140w\" sizes=\"(max-width: 1024px) 100vw, 1024px\" \/><\/figure>\n<\/figure>\n","protected":false},"excerpt":{"rendered":"<p>Voici\u00a0MAGNI Skuggi ! Une basse manche traversant fabriqu\u00e9e avec du noyer apport\u00e9 par son commanditaire. Corps en fr\u00eane des maraisTable en noyerManche traversant 5 plis en noyer et \u00e9rableTouche en \u00e9b\u00e8ne \/ Diapason 863,4 mm \/ 22 frettes \/ Radius 12&#8243;Sillet de t\u00eate en corne de buffleM\u00e9caniques Hipshot ultralightChevalet ABM individualMicros SP Custom PB \/ JB format soapbarPotentiom\u00e8tres CTS \/ jack Puretone \/ condensateur Mallory Mustard .047Straplocks DunlopTeint\u00e9 finition vernis satin\u00e9 pores ouverts<\/p>\n","protected":false},"author":1,"featured_media":0,"parent":994,"menu_order":0,"comment_status":"closed","ping_status":"closed","template":"","meta":[],"uagb_featured_image_src":{"full":false,"thumbnail":false,"medium":false,"medium_large":false,"large":false,"1536x1536":false,"2048x2048":false,"ashe-slider-full-thumbnail":false,"ashe-full-thumbnail":false,"ashe-list-thumbnail":false,"ashe-grid-thumbnail":false,"ashe-single-navigation":false},"uagb_author_info":{"display_name":"admin8991","author_link":"https:\/\/tmlutherie.fr\/?author=1"},"uagb_comment_info":0,"uagb_excerpt":"Voici\u00a0MAGNI Skuggi ! Une basse manche traversant fabriqu\u00e9e avec du noyer apport\u00e9 par son commanditaire. Corps en fr\u00eane des maraisTable en noyerManche traversant 5 plis en noyer et \u00e9rableTouche en \u00e9b\u00e8ne \/ Diapason 863,4 mm \/ 22 frettes \/ Radius 12&#8243;Sillet de t\u00eate en corne de buffleM\u00e9caniques Hipshot ultralightChevalet ABM individualMicros SP Custom PB \/&hellip;","_links":{"self":[{"href":"https:\/\/tmlutherie.fr\/index.php?rest_route=\/wp\/v2\/pages\/1218"}],"collection":[{"href":"https:\/\/tmlutherie.fr\/index.php?rest_route=\/wp\/v2\/pages"}],"about":[{"href":"https:\/\/tmlutherie.fr\/index.php?rest_route=\/wp\/v2\/types\/page"}],"author":[{"embeddable":true,"href":"https:\/\/tmlutherie.fr\/index.php?rest_route=\/wp\/v2\/users\/1"}],"replies":[{"embeddable":true,"href":"https:\/\/tmlutherie.fr\/index.php?rest_route=%2Fwp%2Fv2%2Fcomments&post=1218"}],"version-history":[{"count":2,"href":"https:\/\/tmlutherie.fr\/index.php?rest_route=\/wp\/v2\/pages\/1218\/revisions"}],"predecessor-version":[{"id":1233,"href":"https:\/\/tmlutherie.fr\/index.php?rest_route=\/wp\/v2\/pages\/1218\/revisions\/1233"}],"up":[{"embeddable":true,"href":"https:\/\/tmlutherie.fr\/index.php?rest_route=\/wp\/v2\/pages\/994"}],"wp:attachment":[{"href":"https:\/\/tmlutherie.fr\/index.php?rest_route=%2Fwp%2Fv2%2Fmedia&parent=1218"}],"curies":[{"name":"wp","href":"https:\/\/api.w.org\/{rel}","templated":true}]}}