{"id":1083,"date":"2021-11-03T11:19:18","date_gmt":"2021-11-03T10:19:18","guid":{"rendered":"http:\/\/tmlutherie.fr\/?page_id=1083"},"modified":"2021-11-03T11:27:54","modified_gmt":"2021-11-03T10:27:54","slug":"freyja-sonisk-bla","status":"publish","type":"page","link":"https:\/\/tmlutherie.fr\/?page_id=1083","title":{"rendered":"Freyja sonisk bl\u00e5"},"content":{"rendered":"\n<p class=\"has-text-align-center\">Un beau m\u00e9lange de vintage et de modernit\u00e9. Et ce SonicBlue n&#8217;y est pas pour rien !<\/p>\n\n\n\n<div class=\"wp-block-image is-style-default\"><figure class=\"aligncenter size-large is-resized\"><img loading=\"lazy\" src=\"http:\/\/tmlutherie.fr\/wp-content\/uploads\/2021\/11\/FPC1-1-1024x683.jpg\" alt=\"\" class=\"wp-image-1087\" width=\"768\" height=\"512\" srcset=\"https:\/\/tmlutherie.fr\/wp-content\/uploads\/2021\/11\/FPC1-1-1024x683.jpg 1024w, https:\/\/tmlutherie.fr\/wp-content\/uploads\/2021\/11\/FPC1-1-300x200.jpg 300w, https:\/\/tmlutherie.fr\/wp-content\/uploads\/2021\/11\/FPC1-1-768x512.jpg 768w, https:\/\/tmlutherie.fr\/wp-content\/uploads\/2021\/11\/FPC1-1-1536x1024.jpg 1536w, https:\/\/tmlutherie.fr\/wp-content\/uploads\/2021\/11\/FPC1-1-2048x1365.jpg 2048w\" sizes=\"(max-width: 768px) 100vw, 768px\" \/><\/figure><\/div>\n\n\n\n<p class=\"has-text-align-center\">Corps en fr\u00eane des marais 1 pi\u00e8ce (SonicBlue vernis satin\u00e9 pores ouverts)<br>Manche en \u00e9rable (vernis satin\u00e9 &#8220;ambre&#8221;)<br>Touche en \u00e9rable (vernis satin\u00e9 &#8220;ambre&#8221;)<br>Diapason 647,7mm \/ 22 frettes \/ radius 12&#8243;<br>Sillet de t\u00eate en os<br>Rep\u00e8res en nacre noire et plastique noir<br>M\u00e9caniques Gotoh \u00e0 blocage <br>Chevalet tremolo Gotoh EV510<br>Micros SP Custom <br>Potentiom\u00e8tres CTS \/ jack tube switchcraft \/ s\u00e9lecteur 5P \/ condo Mallory Mustard .022<\/p>\n\n\n\n<figure class=\"wp-block-gallery columns-3 is-cropped\"><ul class=\"blocks-gallery-grid\"><li class=\"blocks-gallery-item\"><figure><img loading=\"lazy\" width=\"1024\" height=\"683\" src=\"http:\/\/tmlutherie.fr\/wp-content\/uploads\/2021\/11\/FPC2-1024x683.jpg\" alt=\"\" data-id=\"1092\" data-full-url=\"http:\/\/tmlutherie.fr\/wp-content\/uploads\/2021\/11\/FPC2-scaled.jpg\" data-link=\"http:\/\/tmlutherie.fr\/?attachment_id=1092\" class=\"wp-image-1092\" srcset=\"https:\/\/tmlutherie.fr\/wp-content\/uploads\/2021\/11\/FPC2-1024x683.jpg 1024w, https:\/\/tmlutherie.fr\/wp-content\/uploads\/2021\/11\/FPC2-300x200.jpg 300w, https:\/\/tmlutherie.fr\/wp-content\/uploads\/2021\/11\/FPC2-768x512.jpg 768w, https:\/\/tmlutherie.fr\/wp-content\/uploads\/2021\/11\/FPC2-1536x1024.jpg 1536w, https:\/\/tmlutherie.fr\/wp-content\/uploads\/2021\/11\/FPC2-2048x1365.jpg 2048w\" sizes=\"(max-width: 1024px) 100vw, 1024px\" \/><\/figure><\/li><li class=\"blocks-gallery-item\"><figure><img loading=\"lazy\" width=\"1024\" height=\"683\" src=\"http:\/\/tmlutherie.fr\/wp-content\/uploads\/2021\/11\/FPC3-1024x683.jpg\" alt=\"\" data-id=\"1093\" data-full-url=\"http:\/\/tmlutherie.fr\/wp-content\/uploads\/2021\/11\/FPC3-scaled.jpg\" data-link=\"http:\/\/tmlutherie.fr\/?attachment_id=1093\" class=\"wp-image-1093\" srcset=\"https:\/\/tmlutherie.fr\/wp-content\/uploads\/2021\/11\/FPC3-1024x683.jpg 1024w, https:\/\/tmlutherie.fr\/wp-content\/uploads\/2021\/11\/FPC3-300x200.jpg 300w, https:\/\/tmlutherie.fr\/wp-content\/uploads\/2021\/11\/FPC3-768x512.jpg 768w, https:\/\/tmlutherie.fr\/wp-content\/uploads\/2021\/11\/FPC3-1536x1024.jpg 1536w, https:\/\/tmlutherie.fr\/wp-content\/uploads\/2021\/11\/FPC3-2048x1365.jpg 2048w\" sizes=\"(max-width: 1024px) 100vw, 1024px\" \/><\/figure><\/li><li class=\"blocks-gallery-item\"><figure><img loading=\"lazy\" width=\"1024\" height=\"683\" src=\"http:\/\/tmlutherie.fr\/wp-content\/uploads\/2021\/11\/FPC4-1024x683.jpg\" alt=\"\" data-id=\"1094\" data-full-url=\"http:\/\/tmlutherie.fr\/wp-content\/uploads\/2021\/11\/FPC4-scaled.jpg\" data-link=\"http:\/\/tmlutherie.fr\/?attachment_id=1094\" class=\"wp-image-1094\" srcset=\"https:\/\/tmlutherie.fr\/wp-content\/uploads\/2021\/11\/FPC4-1024x683.jpg 1024w, https:\/\/tmlutherie.fr\/wp-content\/uploads\/2021\/11\/FPC4-300x200.jpg 300w, https:\/\/tmlutherie.fr\/wp-content\/uploads\/2021\/11\/FPC4-768x512.jpg 768w, https:\/\/tmlutherie.fr\/wp-content\/uploads\/2021\/11\/FPC4-1536x1024.jpg 1536w, https:\/\/tmlutherie.fr\/wp-content\/uploads\/2021\/11\/FPC4-2048x1365.jpg 2048w\" sizes=\"(max-width: 1024px) 100vw, 1024px\" \/><\/figure><\/li><li class=\"blocks-gallery-item\"><figure><img loading=\"lazy\" width=\"1024\" height=\"683\" src=\"http:\/\/tmlutherie.fr\/wp-content\/uploads\/2021\/11\/FPC5-1024x683.jpg\" alt=\"\" data-id=\"1095\" data-full-url=\"http:\/\/tmlutherie.fr\/wp-content\/uploads\/2021\/11\/FPC5-scaled.jpg\" data-link=\"http:\/\/tmlutherie.fr\/?attachment_id=1095\" class=\"wp-image-1095\" srcset=\"https:\/\/tmlutherie.fr\/wp-content\/uploads\/2021\/11\/FPC5-1024x683.jpg 1024w, https:\/\/tmlutherie.fr\/wp-content\/uploads\/2021\/11\/FPC5-300x200.jpg 300w, https:\/\/tmlutherie.fr\/wp-content\/uploads\/2021\/11\/FPC5-768x512.jpg 768w, https:\/\/tmlutherie.fr\/wp-content\/uploads\/2021\/11\/FPC5-1536x1024.jpg 1536w, https:\/\/tmlutherie.fr\/wp-content\/uploads\/2021\/11\/FPC5-2048x1365.jpg 2048w\" sizes=\"(max-width: 1024px) 100vw, 1024px\" \/><\/figure><\/li><li class=\"blocks-gallery-item\"><figure><img loading=\"lazy\" width=\"1024\" height=\"683\" src=\"http:\/\/tmlutherie.fr\/wp-content\/uploads\/2021\/11\/FPC6-1024x683.jpg\" alt=\"\" data-id=\"1096\" data-full-url=\"http:\/\/tmlutherie.fr\/wp-content\/uploads\/2021\/11\/FPC6-scaled.jpg\" data-link=\"http:\/\/tmlutherie.fr\/?attachment_id=1096\" class=\"wp-image-1096\" srcset=\"https:\/\/tmlutherie.fr\/wp-content\/uploads\/2021\/11\/FPC6-1024x683.jpg 1024w, https:\/\/tmlutherie.fr\/wp-content\/uploads\/2021\/11\/FPC6-300x200.jpg 300w, https:\/\/tmlutherie.fr\/wp-content\/uploads\/2021\/11\/FPC6-768x512.jpg 768w, https:\/\/tmlutherie.fr\/wp-content\/uploads\/2021\/11\/FPC6-1536x1024.jpg 1536w, https:\/\/tmlutherie.fr\/wp-content\/uploads\/2021\/11\/FPC6-2048x1365.jpg 2048w\" sizes=\"(max-width: 1024px) 100vw, 1024px\" \/><\/figure><\/li><li class=\"blocks-gallery-item\"><figure><img loading=\"lazy\" width=\"1024\" height=\"683\" src=\"http:\/\/tmlutherie.fr\/wp-content\/uploads\/2021\/11\/FPC8-1024x683.jpg\" alt=\"\" data-id=\"1098\" data-full-url=\"http:\/\/tmlutherie.fr\/wp-content\/uploads\/2021\/11\/FPC8-scaled.jpg\" data-link=\"http:\/\/tmlutherie.fr\/?attachment_id=1098\" class=\"wp-image-1098\" srcset=\"https:\/\/tmlutherie.fr\/wp-content\/uploads\/2021\/11\/FPC8-1024x683.jpg 1024w, https:\/\/tmlutherie.fr\/wp-content\/uploads\/2021\/11\/FPC8-300x200.jpg 300w, https:\/\/tmlutherie.fr\/wp-content\/uploads\/2021\/11\/FPC8-768x512.jpg 768w, https:\/\/tmlutherie.fr\/wp-content\/uploads\/2021\/11\/FPC8-1536x1024.jpg 1536w, https:\/\/tmlutherie.fr\/wp-content\/uploads\/2021\/11\/FPC8-2048x1365.jpg 2048w\" sizes=\"(max-width: 1024px) 100vw, 1024px\" \/><\/figure><\/li><li class=\"blocks-gallery-item\"><figure><img loading=\"lazy\" width=\"1024\" height=\"683\" src=\"http:\/\/tmlutherie.fr\/wp-content\/uploads\/2021\/11\/FPC10-1024x683.jpg\" alt=\"\" data-id=\"1100\" data-full-url=\"http:\/\/tmlutherie.fr\/wp-content\/uploads\/2021\/11\/FPC10-scaled.jpg\" data-link=\"http:\/\/tmlutherie.fr\/?attachment_id=1100\" class=\"wp-image-1100\" srcset=\"https:\/\/tmlutherie.fr\/wp-content\/uploads\/2021\/11\/FPC10-1024x683.jpg 1024w, https:\/\/tmlutherie.fr\/wp-content\/uploads\/2021\/11\/FPC10-300x200.jpg 300w, https:\/\/tmlutherie.fr\/wp-content\/uploads\/2021\/11\/FPC10-768x512.jpg 768w, https:\/\/tmlutherie.fr\/wp-content\/uploads\/2021\/11\/FPC10-1536x1024.jpg 1536w, https:\/\/tmlutherie.fr\/wp-content\/uploads\/2021\/11\/FPC10-2048x1365.jpg 2048w\" sizes=\"(max-width: 1024px) 100vw, 1024px\" \/><\/figure><\/li><li class=\"blocks-gallery-item\"><figure><img loading=\"lazy\" width=\"1024\" height=\"683\" src=\"http:\/\/tmlutherie.fr\/wp-content\/uploads\/2021\/11\/FPC7-1024x683.jpg\" alt=\"\" data-id=\"1097\" data-full-url=\"http:\/\/tmlutherie.fr\/wp-content\/uploads\/2021\/11\/FPC7-scaled.jpg\" data-link=\"http:\/\/tmlutherie.fr\/?attachment_id=1097\" class=\"wp-image-1097\" srcset=\"https:\/\/tmlutherie.fr\/wp-content\/uploads\/2021\/11\/FPC7-1024x683.jpg 1024w, https:\/\/tmlutherie.fr\/wp-content\/uploads\/2021\/11\/FPC7-300x200.jpg 300w, https:\/\/tmlutherie.fr\/wp-content\/uploads\/2021\/11\/FPC7-768x512.jpg 768w, https:\/\/tmlutherie.fr\/wp-content\/uploads\/2021\/11\/FPC7-1536x1024.jpg 1536w, https:\/\/tmlutherie.fr\/wp-content\/uploads\/2021\/11\/FPC7-2048x1365.jpg 2048w\" sizes=\"(max-width: 1024px) 100vw, 1024px\" \/><\/figure><\/li><li class=\"blocks-gallery-item\"><figure><img loading=\"lazy\" width=\"1024\" height=\"683\" src=\"http:\/\/tmlutherie.fr\/wp-content\/uploads\/2021\/11\/FPC12-1024x683.jpg\" alt=\"\" data-id=\"1101\" data-full-url=\"http:\/\/tmlutherie.fr\/wp-content\/uploads\/2021\/11\/FPC12-scaled.jpg\" data-link=\"http:\/\/tmlutherie.fr\/?attachment_id=1101\" class=\"wp-image-1101\" srcset=\"https:\/\/tmlutherie.fr\/wp-content\/uploads\/2021\/11\/FPC12-1024x683.jpg 1024w, https:\/\/tmlutherie.fr\/wp-content\/uploads\/2021\/11\/FPC12-300x200.jpg 300w, https:\/\/tmlutherie.fr\/wp-content\/uploads\/2021\/11\/FPC12-768x512.jpg 768w, https:\/\/tmlutherie.fr\/wp-content\/uploads\/2021\/11\/FPC12-1536x1024.jpg 1536w, https:\/\/tmlutherie.fr\/wp-content\/uploads\/2021\/11\/FPC12-2048x1365.jpg 2048w\" sizes=\"(max-width: 1024px) 100vw, 1024px\" \/><\/figure><\/li><li class=\"blocks-gallery-item\"><figure><img loading=\"lazy\" width=\"1024\" height=\"683\" src=\"http:\/\/tmlutherie.fr\/wp-content\/uploads\/2021\/11\/FPC9-1024x683.jpg\" alt=\"\" data-id=\"1099\" data-full-url=\"http:\/\/tmlutherie.fr\/wp-content\/uploads\/2021\/11\/FPC9-scaled.jpg\" data-link=\"http:\/\/tmlutherie.fr\/?attachment_id=1099\" class=\"wp-image-1099\" srcset=\"https:\/\/tmlutherie.fr\/wp-content\/uploads\/2021\/11\/FPC9-1024x683.jpg 1024w, https:\/\/tmlutherie.fr\/wp-content\/uploads\/2021\/11\/FPC9-300x200.jpg 300w, https:\/\/tmlutherie.fr\/wp-content\/uploads\/2021\/11\/FPC9-768x512.jpg 768w, https:\/\/tmlutherie.fr\/wp-content\/uploads\/2021\/11\/FPC9-1536x1024.jpg 1536w, https:\/\/tmlutherie.fr\/wp-content\/uploads\/2021\/11\/FPC9-2048x1365.jpg 2048w\" sizes=\"(max-width: 1024px) 100vw, 1024px\" \/><\/figure><\/li><li class=\"blocks-gallery-item\"><figure><img loading=\"lazy\" width=\"1024\" height=\"768\" src=\"http:\/\/tmlutherie.fr\/wp-content\/uploads\/2021\/11\/FCP11-1024x768.jpg\" alt=\"\" data-id=\"1091\" data-full-url=\"http:\/\/tmlutherie.fr\/wp-content\/uploads\/2021\/11\/FCP11-scaled.jpg\" data-link=\"http:\/\/tmlutherie.fr\/?attachment_id=1091\" class=\"wp-image-1091\" srcset=\"https:\/\/tmlutherie.fr\/wp-content\/uploads\/2021\/11\/FCP11-1024x768.jpg 1024w, https:\/\/tmlutherie.fr\/wp-content\/uploads\/2021\/11\/FCP11-300x225.jpg 300w, https:\/\/tmlutherie.fr\/wp-content\/uploads\/2021\/11\/FCP11-768x576.jpg 768w, https:\/\/tmlutherie.fr\/wp-content\/uploads\/2021\/11\/FCP11-1536x1152.jpg 1536w, https:\/\/tmlutherie.fr\/wp-content\/uploads\/2021\/11\/FCP11-2048x1536.jpg 2048w\" sizes=\"(max-width: 1024px) 100vw, 1024px\" \/><\/figure><\/li><\/ul><\/figure>\n","protected":false},"excerpt":{"rendered":"<p>Un beau m\u00e9lange de vintage et de modernit\u00e9. Et ce SonicBlue n&#8217;y est pas pour rien ! Corps en fr\u00eane des marais 1 pi\u00e8ce (SonicBlue vernis satin\u00e9 pores ouverts)Manche en \u00e9rable (vernis satin\u00e9 &#8220;ambre&#8221;)Touche en \u00e9rable (vernis satin\u00e9 &#8220;ambre&#8221;)Diapason 647,7mm \/ 22 frettes \/ radius 12&#8243;Sillet de t\u00eate en osRep\u00e8res en nacre noire et plastique noirM\u00e9caniques Gotoh \u00e0 blocage Chevalet tremolo Gotoh EV510Micros SP Custom Potentiom\u00e8tres CTS \/ jack tube switchcraft \/ s\u00e9lecteur 5P \/ condo Mallory Mustard .022<\/p>\n","protected":false},"author":1,"featured_media":0,"parent":278,"menu_order":0,"comment_status":"closed","ping_status":"closed","template":"","meta":[],"uagb_featured_image_src":{"full":false,"thumbnail":false,"medium":false,"medium_large":false,"large":false,"1536x1536":false,"2048x2048":false,"ashe-slider-full-thumbnail":false,"ashe-full-thumbnail":false,"ashe-list-thumbnail":false,"ashe-grid-thumbnail":false,"ashe-single-navigation":false},"uagb_author_info":{"display_name":"admin8991","author_link":"https:\/\/tmlutherie.fr\/?author=1"},"uagb_comment_info":0,"uagb_excerpt":"Un beau m\u00e9lange de vintage et de modernit\u00e9. Et ce SonicBlue n&#8217;y est pas pour rien ! Corps en fr\u00eane des marais 1 pi\u00e8ce (SonicBlue vernis satin\u00e9 pores ouverts)Manche en \u00e9rable (vernis satin\u00e9 &#8220;ambre&#8221;)Touche en \u00e9rable (vernis satin\u00e9 &#8220;ambre&#8221;)Diapason 647,7mm \/ 22 frettes \/ radius 12&#8243;Sillet de t\u00eate en osRep\u00e8res en nacre noire et plastique&hellip;","_links":{"self":[{"href":"https:\/\/tmlutherie.fr\/index.php?rest_route=\/wp\/v2\/pages\/1083"}],"collection":[{"href":"https:\/\/tmlutherie.fr\/index.php?rest_route=\/wp\/v2\/pages"}],"about":[{"href":"https:\/\/tmlutherie.fr\/index.php?rest_route=\/wp\/v2\/types\/page"}],"author":[{"embeddable":true,"href":"https:\/\/tmlutherie.fr\/index.php?rest_route=\/wp\/v2\/users\/1"}],"replies":[{"embeddable":true,"href":"https:\/\/tmlutherie.fr\/index.php?rest_route=%2Fwp%2Fv2%2Fcomments&post=1083"}],"version-history":[{"count":5,"href":"https:\/\/tmlutherie.fr\/index.php?rest_route=\/wp\/v2\/pages\/1083\/revisions"}],"predecessor-version":[{"id":1102,"href":"https:\/\/tmlutherie.fr\/index.php?rest_route=\/wp\/v2\/pages\/1083\/revisions\/1102"}],"up":[{"embeddable":true,"href":"https:\/\/tmlutherie.fr\/index.php?rest_route=\/wp\/v2\/pages\/278"}],"wp:attachment":[{"href":"https:\/\/tmlutherie.fr\/index.php?rest_route=%2Fwp%2Fv2%2Fmedia&parent=1083"}],"curies":[{"name":"wp","href":"https:\/\/api.w.org\/{rel}","templated":true}]}}