{"id":1058,"date":"2021-11-03T11:02:29","date_gmt":"2021-11-03T10:02:29","guid":{"rendered":"http:\/\/tmlutherie.fr\/?page_id=1058"},"modified":"2021-11-03T11:16:53","modified_gmt":"2021-11-03T10:16:53","slug":"modi-valnott-fretless-5c","status":"publish","type":"page","link":"https:\/\/tmlutherie.fr\/?page_id=1058","title":{"rendered":"Modi Valn\u00f8tt Fretless 5c"},"content":{"rendered":"\n<div class=\"wp-block-image is-style-default\"><figure class=\"aligncenter size-large is-resized\"><img loading=\"lazy\" src=\"http:\/\/tmlutherie.fr\/wp-content\/uploads\/2021\/11\/MVFD1-1024x705.jpg\" alt=\"\" class=\"wp-image-1061\" width=\"768\" height=\"529\" srcset=\"https:\/\/tmlutherie.fr\/wp-content\/uploads\/2021\/11\/MVFD1-1024x705.jpg 1024w, https:\/\/tmlutherie.fr\/wp-content\/uploads\/2021\/11\/MVFD1-300x206.jpg 300w, https:\/\/tmlutherie.fr\/wp-content\/uploads\/2021\/11\/MVFD1-768x528.jpg 768w, https:\/\/tmlutherie.fr\/wp-content\/uploads\/2021\/11\/MVFD1-1536x1057.jpg 1536w, https:\/\/tmlutherie.fr\/wp-content\/uploads\/2021\/11\/MVFD1-2048x1409.jpg 2048w\" sizes=\"(max-width: 768px) 100vw, 768px\" \/><\/figure><\/div>\n\n\n\n<p class=\"has-text-align-center\">Corps en noyer ond\u00e9 \u00e9vid\u00e9 (vernis satin\u00e9)<br>Table en noyer ond\u00e9 (vernis satin\u00e9)<br>Manche multiplis en \u00e9rable et noyer (huil\u00e9 <a href=\"https:\/\/www.facebook.com\/rubiomonocoatfrance\/?__cft__[0]=AZU9TDPujLfvGF6OCJaaHbfMJUSaJez5jWwF2SrFR95pYBbIuOZYh7NvXvpSZJ5Kl88u_fORvx91KQIpauxqgY-OFtGV-ZTko3izjP1124O58FP52yzWRxlFzHgL6q5OUMy_seT6bH9r66nn085fRudj&amp;__tn__=kK-R\">Rubio Monocoat France<\/a> )<br>Touche en \u00e9b\u00e8ne <br>Diapason 32&#8243; \/ 20 frettes \/ radius 12&#8243;<br>Sillet de t\u00eate en \u00e9b\u00e8ne Rep\u00e8res en noyer<br>M\u00e9caniques et chevalet <a href=\"https:\/\/www.facebook.com\/HipshotProducts\/?__cft__[0]=AZU9TDPujLfvGF6OCJaaHbfMJUSaJez5jWwF2SrFR95pYBbIuOZYh7NvXvpSZJ5Kl88u_fORvx91KQIpauxqgY-OFtGV-ZTko3izjP1124O58FP52yzWRxlFzHgL6q5OUMy_seT6bH9r66nn085fRudj&amp;__tn__=kK-R\">Hipshot Products Inc<\/a> <br>Micros BARTOLINI<br>Potentiom\u00e8tres CTS \/ jack tube switchcraft \/ condo Mallory Mustard .022<br>Straploks DUNLOP<\/p>\n\n\n\n<figure class=\"wp-block-gallery columns-3 is-cropped\"><ul class=\"blocks-gallery-grid\"><li class=\"blocks-gallery-item\"><figure><img loading=\"lazy\" width=\"1024\" height=\"683\" src=\"http:\/\/tmlutherie.fr\/wp-content\/uploads\/2021\/11\/MVFD2-1024x683.jpg\" alt=\"\" data-id=\"1064\" data-full-url=\"http:\/\/tmlutherie.fr\/wp-content\/uploads\/2021\/11\/MVFD2-scaled.jpg\" data-link=\"http:\/\/tmlutherie.fr\/?attachment_id=1064\" class=\"wp-image-1064\" srcset=\"https:\/\/tmlutherie.fr\/wp-content\/uploads\/2021\/11\/MVFD2-1024x683.jpg 1024w, https:\/\/tmlutherie.fr\/wp-content\/uploads\/2021\/11\/MVFD2-300x200.jpg 300w, https:\/\/tmlutherie.fr\/wp-content\/uploads\/2021\/11\/MVFD2-768x512.jpg 768w, https:\/\/tmlutherie.fr\/wp-content\/uploads\/2021\/11\/MVFD2-1536x1024.jpg 1536w, https:\/\/tmlutherie.fr\/wp-content\/uploads\/2021\/11\/MVFD2-2048x1365.jpg 2048w\" sizes=\"(max-width: 1024px) 100vw, 1024px\" \/><\/figure><\/li><li class=\"blocks-gallery-item\"><figure><img loading=\"lazy\" width=\"1024\" height=\"683\" src=\"http:\/\/tmlutherie.fr\/wp-content\/uploads\/2021\/11\/MVFD3-1024x683.jpg\" alt=\"\" data-id=\"1065\" data-full-url=\"http:\/\/tmlutherie.fr\/wp-content\/uploads\/2021\/11\/MVFD3-scaled.jpg\" data-link=\"http:\/\/tmlutherie.fr\/?attachment_id=1065\" class=\"wp-image-1065\" srcset=\"https:\/\/tmlutherie.fr\/wp-content\/uploads\/2021\/11\/MVFD3-1024x683.jpg 1024w, https:\/\/tmlutherie.fr\/wp-content\/uploads\/2021\/11\/MVFD3-300x200.jpg 300w, https:\/\/tmlutherie.fr\/wp-content\/uploads\/2021\/11\/MVFD3-768x512.jpg 768w, https:\/\/tmlutherie.fr\/wp-content\/uploads\/2021\/11\/MVFD3-1536x1024.jpg 1536w, https:\/\/tmlutherie.fr\/wp-content\/uploads\/2021\/11\/MVFD3-2048x1365.jpg 2048w\" sizes=\"(max-width: 1024px) 100vw, 1024px\" \/><\/figure><\/li><li class=\"blocks-gallery-item\"><figure><img loading=\"lazy\" width=\"1024\" height=\"683\" src=\"http:\/\/tmlutherie.fr\/wp-content\/uploads\/2021\/11\/MVFD4-1024x683.jpg\" alt=\"\" data-id=\"1066\" data-full-url=\"http:\/\/tmlutherie.fr\/wp-content\/uploads\/2021\/11\/MVFD4-scaled.jpg\" data-link=\"http:\/\/tmlutherie.fr\/?attachment_id=1066\" class=\"wp-image-1066\" srcset=\"https:\/\/tmlutherie.fr\/wp-content\/uploads\/2021\/11\/MVFD4-1024x683.jpg 1024w, https:\/\/tmlutherie.fr\/wp-content\/uploads\/2021\/11\/MVFD4-300x200.jpg 300w, https:\/\/tmlutherie.fr\/wp-content\/uploads\/2021\/11\/MVFD4-768x512.jpg 768w, https:\/\/tmlutherie.fr\/wp-content\/uploads\/2021\/11\/MVFD4-1536x1024.jpg 1536w, https:\/\/tmlutherie.fr\/wp-content\/uploads\/2021\/11\/MVFD4-2048x1365.jpg 2048w\" sizes=\"(max-width: 1024px) 100vw, 1024px\" \/><\/figure><\/li><li class=\"blocks-gallery-item\"><figure><img loading=\"lazy\" width=\"1024\" height=\"683\" src=\"http:\/\/tmlutherie.fr\/wp-content\/uploads\/2021\/11\/MVFD5-1024x683.jpg\" alt=\"\" data-id=\"1067\" data-full-url=\"http:\/\/tmlutherie.fr\/wp-content\/uploads\/2021\/11\/MVFD5-scaled.jpg\" data-link=\"http:\/\/tmlutherie.fr\/?attachment_id=1067\" class=\"wp-image-1067\" srcset=\"https:\/\/tmlutherie.fr\/wp-content\/uploads\/2021\/11\/MVFD5-1024x683.jpg 1024w, https:\/\/tmlutherie.fr\/wp-content\/uploads\/2021\/11\/MVFD5-300x200.jpg 300w, https:\/\/tmlutherie.fr\/wp-content\/uploads\/2021\/11\/MVFD5-768x512.jpg 768w, https:\/\/tmlutherie.fr\/wp-content\/uploads\/2021\/11\/MVFD5-1536x1024.jpg 1536w, https:\/\/tmlutherie.fr\/wp-content\/uploads\/2021\/11\/MVFD5-2048x1365.jpg 2048w\" sizes=\"(max-width: 1024px) 100vw, 1024px\" \/><\/figure><\/li><li class=\"blocks-gallery-item\"><figure><img loading=\"lazy\" width=\"1024\" height=\"683\" src=\"http:\/\/tmlutherie.fr\/wp-content\/uploads\/2021\/11\/MVFD6-1024x683.jpg\" alt=\"\" data-id=\"1069\" data-full-url=\"http:\/\/tmlutherie.fr\/wp-content\/uploads\/2021\/11\/MVFD6-scaled.jpg\" data-link=\"http:\/\/tmlutherie.fr\/?attachment_id=1069\" class=\"wp-image-1069\" srcset=\"https:\/\/tmlutherie.fr\/wp-content\/uploads\/2021\/11\/MVFD6-1024x683.jpg 1024w, https:\/\/tmlutherie.fr\/wp-content\/uploads\/2021\/11\/MVFD6-300x200.jpg 300w, https:\/\/tmlutherie.fr\/wp-content\/uploads\/2021\/11\/MVFD6-768x512.jpg 768w, https:\/\/tmlutherie.fr\/wp-content\/uploads\/2021\/11\/MVFD6-1536x1024.jpg 1536w, https:\/\/tmlutherie.fr\/wp-content\/uploads\/2021\/11\/MVFD6-2048x1365.jpg 2048w\" sizes=\"(max-width: 1024px) 100vw, 1024px\" \/><\/figure><\/li><li class=\"blocks-gallery-item\"><figure><img loading=\"lazy\" width=\"1024\" height=\"683\" src=\"http:\/\/tmlutherie.fr\/wp-content\/uploads\/2021\/11\/MVFD9-1024x683.jpg\" alt=\"\" data-id=\"1072\" data-full-url=\"http:\/\/tmlutherie.fr\/wp-content\/uploads\/2021\/11\/MVFD9-scaled.jpg\" data-link=\"http:\/\/tmlutherie.fr\/?attachment_id=1072\" class=\"wp-image-1072\" srcset=\"https:\/\/tmlutherie.fr\/wp-content\/uploads\/2021\/11\/MVFD9-1024x683.jpg 1024w, https:\/\/tmlutherie.fr\/wp-content\/uploads\/2021\/11\/MVFD9-300x200.jpg 300w, https:\/\/tmlutherie.fr\/wp-content\/uploads\/2021\/11\/MVFD9-768x512.jpg 768w, https:\/\/tmlutherie.fr\/wp-content\/uploads\/2021\/11\/MVFD9-1536x1024.jpg 1536w, https:\/\/tmlutherie.fr\/wp-content\/uploads\/2021\/11\/MVFD9-2048x1365.jpg 2048w\" sizes=\"(max-width: 1024px) 100vw, 1024px\" \/><\/figure><\/li><li class=\"blocks-gallery-item\"><figure><img loading=\"lazy\" width=\"1024\" height=\"683\" src=\"http:\/\/tmlutherie.fr\/wp-content\/uploads\/2021\/11\/MVFD8-1024x683.jpg\" alt=\"\" data-id=\"1071\" data-full-url=\"http:\/\/tmlutherie.fr\/wp-content\/uploads\/2021\/11\/MVFD8-scaled.jpg\" data-link=\"http:\/\/tmlutherie.fr\/?attachment_id=1071\" class=\"wp-image-1071\" srcset=\"https:\/\/tmlutherie.fr\/wp-content\/uploads\/2021\/11\/MVFD8-1024x683.jpg 1024w, https:\/\/tmlutherie.fr\/wp-content\/uploads\/2021\/11\/MVFD8-300x200.jpg 300w, https:\/\/tmlutherie.fr\/wp-content\/uploads\/2021\/11\/MVFD8-768x512.jpg 768w, https:\/\/tmlutherie.fr\/wp-content\/uploads\/2021\/11\/MVFD8-1536x1024.jpg 1536w, https:\/\/tmlutherie.fr\/wp-content\/uploads\/2021\/11\/MVFD8-2048x1365.jpg 2048w\" sizes=\"(max-width: 1024px) 100vw, 1024px\" \/><\/figure><\/li><li class=\"blocks-gallery-item\"><figure><img loading=\"lazy\" width=\"1024\" height=\"683\" src=\"http:\/\/tmlutherie.fr\/wp-content\/uploads\/2021\/11\/MVFD7-1024x683.jpg\" alt=\"\" data-id=\"1070\" data-full-url=\"http:\/\/tmlutherie.fr\/wp-content\/uploads\/2021\/11\/MVFD7-scaled.jpg\" data-link=\"http:\/\/tmlutherie.fr\/?attachment_id=1070\" class=\"wp-image-1070\" srcset=\"https:\/\/tmlutherie.fr\/wp-content\/uploads\/2021\/11\/MVFD7-1024x683.jpg 1024w, https:\/\/tmlutherie.fr\/wp-content\/uploads\/2021\/11\/MVFD7-300x200.jpg 300w, https:\/\/tmlutherie.fr\/wp-content\/uploads\/2021\/11\/MVFD7-768x512.jpg 768w, https:\/\/tmlutherie.fr\/wp-content\/uploads\/2021\/11\/MVFD7-1536x1024.jpg 1536w, https:\/\/tmlutherie.fr\/wp-content\/uploads\/2021\/11\/MVFD7-2048x1365.jpg 2048w\" sizes=\"(max-width: 1024px) 100vw, 1024px\" \/><\/figure><\/li><\/ul><\/figure>\n","protected":false},"excerpt":{"rendered":"<p>Corps en noyer ond\u00e9 \u00e9vid\u00e9 (vernis satin\u00e9)Table en noyer ond\u00e9 (vernis satin\u00e9)Manche multiplis en \u00e9rable et noyer (huil\u00e9 Rubio Monocoat France )Touche en \u00e9b\u00e8ne Diapason 32&#8243; \/ 20 frettes \/ radius 12&#8243;Sillet de t\u00eate en \u00e9b\u00e8ne Rep\u00e8res en noyerM\u00e9caniques et chevalet Hipshot Products Inc Micros BARTOLINIPotentiom\u00e8tres CTS \/ jack tube switchcraft \/ condo Mallory Mustard .022Straploks DUNLOP<\/p>\n","protected":false},"author":1,"featured_media":0,"parent":519,"menu_order":0,"comment_status":"closed","ping_status":"closed","template":"","meta":[],"uagb_featured_image_src":{"full":false,"thumbnail":false,"medium":false,"medium_large":false,"large":false,"1536x1536":false,"2048x2048":false,"ashe-slider-full-thumbnail":false,"ashe-full-thumbnail":false,"ashe-list-thumbnail":false,"ashe-grid-thumbnail":false,"ashe-single-navigation":false},"uagb_author_info":{"display_name":"admin8991","author_link":"https:\/\/tmlutherie.fr\/?author=1"},"uagb_comment_info":0,"uagb_excerpt":"Corps en noyer ond\u00e9 \u00e9vid\u00e9 (vernis satin\u00e9)Table en noyer ond\u00e9 (vernis satin\u00e9)Manche multiplis en \u00e9rable et noyer (huil\u00e9 Rubio Monocoat France )Touche en \u00e9b\u00e8ne Diapason 32&#8243; \/ 20 frettes \/ radius 12&#8243;Sillet de t\u00eate en \u00e9b\u00e8ne Rep\u00e8res en noyerM\u00e9caniques et chevalet Hipshot Products Inc Micros BARTOLINIPotentiom\u00e8tres CTS \/ jack tube switchcraft \/ condo Mallory Mustard&hellip;","_links":{"self":[{"href":"https:\/\/tmlutherie.fr\/index.php?rest_route=\/wp\/v2\/pages\/1058"}],"collection":[{"href":"https:\/\/tmlutherie.fr\/index.php?rest_route=\/wp\/v2\/pages"}],"about":[{"href":"https:\/\/tmlutherie.fr\/index.php?rest_route=\/wp\/v2\/types\/page"}],"author":[{"embeddable":true,"href":"https:\/\/tmlutherie.fr\/index.php?rest_route=\/wp\/v2\/users\/1"}],"replies":[{"embeddable":true,"href":"https:\/\/tmlutherie.fr\/index.php?rest_route=%2Fwp%2Fv2%2Fcomments&post=1058"}],"version-history":[{"count":4,"href":"https:\/\/tmlutherie.fr\/index.php?rest_route=\/wp\/v2\/pages\/1058\/revisions"}],"predecessor-version":[{"id":1073,"href":"https:\/\/tmlutherie.fr\/index.php?rest_route=\/wp\/v2\/pages\/1058\/revisions\/1073"}],"up":[{"embeddable":true,"href":"https:\/\/tmlutherie.fr\/index.php?rest_route=\/wp\/v2\/pages\/519"}],"wp:attachment":[{"href":"https:\/\/tmlutherie.fr\/index.php?rest_route=%2Fwp%2Fv2%2Fmedia&parent=1058"}],"curies":[{"name":"wp","href":"https:\/\/api.w.org\/{rel}","templated":true}]}}